{"id":448060,"date":"2023-06-20T13:25:09","date_gmt":"2023-06-20T11:25:09","guid":{"rendered":"https:\/\/www.claret.cat\/llibre\/rias-bajas-pontevedra-y-vigo-9788491584667\/"},"modified":"2025-04-07T15:48:38","modified_gmt":"2025-04-07T13:48:38","slug":"rias-bajas-pontevedra-y-vigo-9788491584667","status":"publish","type":"product","link":"https:\/\/www.claret.cat\/es\/libro\/rias-bajas-pontevedra-y-vigo-9788491584667\/","title":{"rendered":"R\u00cdAS BAJAS. PONTEVEDRA Y VIGO"},"content":{"rendered":"<p>Una gu\u00eda pr\u00e1ctica y actualizada para realizar un corto viaje a las R\u00edas Bajas. En el primer cap\u00edtulo (Diez Indispensables), se propone una selecci\u00f3n de los lugares, curiosidades y tradiciones de la zona que no hay que perderse: Las R\u00edas Baixas: espacio cinematogr\u00e1fico, La arquitectura popular, La arquitectura contempor\u00e1nea, Las islas atl\u00e1nticas, La batalla de Rande y la isla de San Sim\u00f3n&#8230; En el segundo (Visita a Pontevedra y Vigo), se describen estas dos localidades proporcionando informaci\u00f3n detallada de los lugares con mayor inter\u00e9s. Tambi\u00e9n incluye un plano de ambas ciudades con los monumentos m\u00e1s importantes. El siguiente apartado (Excursiones por las R\u00edas Baixas) describe los lugares m\u00e1s emblem\u00e1ticos de la zona: R\u00edas de Corcubi\u00f3n, Muros, Noia, Arousa, Pontevedra y de Vigo. Finalmente, se incluye una selecci\u00f3n de restaurantes, alojamientos, exhaustiva informaci\u00f3n pr\u00e1ctica y plano desplegable de Pontevedra.<\/p>\n","protected":false},"excerpt":{"rendered":"<p>P\u00c9REZ ALBERTI, AUGUSTO<\/p>\n","protected":false},"featured_media":1017036,"template":"","meta":{"_acf_changed":false,"om_disable_all_campaigns":false,"rs_blank_template":"","rs_page_bg_color":"","slide_template_v7":"","inline_featured_image":false,"_monsterinsights_skip_tracking":false,"_monsterinsights_sitenote_active":false,"_monsterinsights_sitenote_note":"","_monsterinsights_sitenote_category":0},"product_brand":[],"product_cat":[557,107],"product_tag":[],"class_list":{"0":"post-448060","1":"product","2":"type-product","3":"status-publish","4":"has-post-thumbnail","6":"product_cat-guias-de-viaje","7":"product_cat-guies-de-viatge","9":"first","10":"instock","11":"taxable","12":"shipping-taxable","13":"purchasable","14":"product-type-simple"},"acf":{"autor":"P\u00c9REZ ALBERTI, AUGUSTO","codart":"849158466","libros-coleccion":"Guiarama Compact - Espa\u00f1a","ediciones":"1","encuadernacion":"R\u00fastica","fecha_de_publicacion":"01\/05\/2022","novedad":"1","paginas":"144","subtitulo":"","orden":"0","portada":"0","idioma":"spa","editorial":[{"ID":147435,"post_author":"3","post_date":"2022-10-14 11:50:33","post_date_gmt":"2022-10-14 09:50:33","post_content":"","post_title":"Anaya Touring","post_excerpt":"","post_status":"publish","comment_status":"closed","ping_status":"closed","post_password":"","post_name":"anaya-touring","to_ping":"","pinged":"","post_modified":"2022-10-14 11:50:33","post_modified_gmt":"2022-10-14 09:50:33","post_content_filtered":"","post_parent":0,"guid":"http:\/\/dev.claret.cat\/editorial\/anaya-touring\/","menu_order":0,"post_type":"editorial","post_mime_type":"","comment_count":"0","filter":"raw"}],"autores-libros":[{"ID":151238,"post_author":"3","post_date":"2022-10-14 14:39:18","post_date_gmt":"2022-10-14 12:39:18","post_content":"","post_title":"AUGUSTO P\u00c9REZ ALBERTI","post_excerpt":"","post_status":"publish","comment_status":"closed","ping_status":"closed","post_password":"","post_name":"augusto-perez-alberti","to_ping":"","pinged":"","post_modified":"2022-10-14 14:39:18","post_modified_gmt":"2022-10-14 12:39:18","post_content_filtered":"","post_parent":0,"guid":"http:\/\/dev.claret.cat\/autor\/augusto-perez-alberti\/","menu_order":0,"post_type":"autor","post_mime_type":"","comment_count":"0","filter":"raw"}]},"aioseo_notices":[],"_links":{"self":[{"href":"https:\/\/www.claret.cat\/es\/wp-json\/wp\/v2\/product\/448060","targetHints":{"allow":["GET"]}}],"collection":[{"href":"https:\/\/www.claret.cat\/es\/wp-json\/wp\/v2\/product"}],"about":[{"href":"https:\/\/www.claret.cat\/es\/wp-json\/wp\/v2\/types\/product"}],"wp:featuredmedia":[{"embeddable":true,"href":"https:\/\/www.claret.cat\/es\/wp-json\/wp\/v2\/media\/1017036"}],"wp:attachment":[{"href":"https:\/\/www.claret.cat\/es\/wp-json\/wp\/v2\/media?parent=448060"}],"wp:term":[{"taxonomy":"product_brand","embeddable":true,"href":"https:\/\/www.claret.cat\/es\/wp-json\/wp\/v2\/product_brand?post=448060"},{"taxonomy":"product_cat","embeddable":true,"href":"https:\/\/www.claret.cat\/es\/wp-json\/wp\/v2\/product_cat?post=448060"},{"taxonomy":"product_tag","embeddable":true,"href":"https:\/\/www.claret.cat\/es\/wp-json\/wp\/v2\/product_tag?post=448060"}],"curies":[{"name":"wp","href":"https:\/\/api.w.org\/{rel}","templated":true}]}}