{"id":448066,"date":"2023-06-20T13:25:29","date_gmt":"2023-06-20T11:25:29","guid":{"rendered":"https:\/\/www.claret.cat\/llibre\/paris-9788491585886\/"},"modified":"2025-04-07T13:22:19","modified_gmt":"2025-04-07T11:22:19","slug":"paris-9788491585886","status":"publish","type":"product","link":"https:\/\/www.claret.cat\/es\/libro\/paris-9788491585886\/","title":{"rendered":"PAR\u00cdS"},"content":{"rendered":"<p>Una gu\u00eda compacta que concentra lo imprescindible de Par\u00eds junto con abundante informaci\u00f3n pr\u00e1ctica totalmente actualizada. La mejor compa\u00f1\u00eda para un viaje fugaz a la ciudad de la luz. La informaci\u00f3n se divide en varias secciones.<br \/> Una mirada a Par\u00eds hace un breve recorrido por la historia de la ciudad, por su situaci\u00f3n econ\u00f3mica y sociopol\u00edtica actual, ofreciendo una panor\u00e1mica general.<br \/> El apartado Diez lugares inolvidables propone una serie de espacios que se consideran &#8216;imprescindibles&#8217; en la visita a Par\u00eds, incluyendo monumentos, museos y hasta itinerarios, todo ello con su correspondientes informaci\u00f3n pr\u00e1ctica.<br \/> En la secci\u00f3n Visita la ciudad se ofrece informaci\u00f3n m\u00e1s extensa sobre distintos atractivos de la ciudad, describiendo sus barrios, bulevares, puentes, jardines e incluso alrededores; tambi\u00e9n aspectos de la gastronom\u00eda local. Una sistema de clasificaci\u00f3n por estrellas eval\u00faa el inter\u00e9s de cada visita.<br \/> D\u00f3nde&#8230; es una peque\u00f1a pero \u00fatil selecci\u00f3n de establecimientos donde Comer y beber, Dormir, Comprar, Divertirse e Ir con ni\u00f1os, con toda la informaci\u00f3n que se necesita sobre \u00e9stos.<br \/> Por \u00faltimo, la secci\u00f3n Informaciones pr\u00e1cticas ofrece informaci\u00f3n de primera necesidad para moverse por Par\u00eds (se incluye un mapa de metro), as\u00ed como recomendaciones y direcciones \u00fatiles, adem\u00e1s de un peque\u00f1o glosario de t\u00e9rminos en franc\u00e9s.<br \/> Junto con la gu\u00eda, se regala un plano desplegable de Par\u00eds en escala 1:13.000.<\/p>\n","protected":false},"excerpt":{"rendered":"<p>ALONSO IBARROLA, JOS\u00c9 MANUEL \/ BLANCO BARBA, ELISA<\/p>\n","protected":false},"featured_media":448067,"template":"","meta":{"_acf_changed":false,"om_disable_all_campaigns":false,"rs_blank_template":"","rs_page_bg_color":"","slide_template_v7":"","inline_featured_image":false,"_monsterinsights_skip_tracking":false,"_monsterinsights_sitenote_active":false,"_monsterinsights_sitenote_note":"","_monsterinsights_sitenote_category":0},"product_brand":[],"product_cat":[557,107],"product_tag":[],"class_list":{"0":"post-448066","1":"product","2":"type-product","3":"status-publish","4":"has-post-thumbnail","6":"product_cat-guias-de-viaje","7":"product_cat-guies-de-viatge","9":"first","10":"instock","11":"taxable","12":"shipping-taxable","13":"purchasable","14":"product-type-simple"},"acf":{"autor":"ALONSO IBARROLA, JOS\u00c9 MANUEL \/ BLANCO BARBA, ELISA","codart":"849158588","libros-coleccion":"Guiarama Compact - Internacional","ediciones":"1","encuadernacion":"R\u00fastica","fecha_de_publicacion":"01\/02\/2023","novedad":"1","paginas":"144","subtitulo":"","orden":"0","portada":"0","idioma":"spa","editorial":[{"ID":147435,"post_author":"3","post_date":"2022-10-14 11:50:33","post_date_gmt":"2022-10-14 09:50:33","post_content":"","post_title":"Anaya Touring","post_excerpt":"","post_status":"publish","comment_status":"closed","ping_status":"closed","post_password":"","post_name":"anaya-touring","to_ping":"","pinged":"","post_modified":"2022-10-14 11:50:33","post_modified_gmt":"2022-10-14 09:50:33","post_content_filtered":"","post_parent":0,"guid":"http:\/\/dev.claret.cat\/editorial\/anaya-touring\/","menu_order":0,"post_type":"editorial","post_mime_type":"","comment_count":"0","filter":"raw"}],"autores-libros":[{"ID":154791,"post_author":"3","post_date":"2022-10-14 15:07:40","post_date_gmt":"2022-10-14 13:07:40","post_content":"","post_title":"ELISA BLANCO BARBA","post_excerpt":"","post_status":"publish","comment_status":"closed","ping_status":"closed","post_password":"","post_name":"elisa-blanco-barba","to_ping":"","pinged":"","post_modified":"2022-10-14 15:07:40","post_modified_gmt":"2022-10-14 13:07:40","post_content_filtered":"","post_parent":0,"guid":"http:\/\/dev.claret.cat\/autor\/elisa-blanco-barba\/","menu_order":0,"post_type":"autor","post_mime_type":"","comment_count":"0","filter":"raw"},{"ID":424577,"post_author":"3","post_date":"2023-05-16 08:03:22","post_date_gmt":"2023-05-16 06:03:22","post_content":"","post_title":"JOSE MANUEL ALONSO IBARROLA","post_excerpt":"","post_status":"publish","comment_status":"closed","ping_status":"closed","post_password":"","post_name":"jose-manuel-alonso-ibarrola","to_ping":"","pinged":"","post_modified":"2023-05-16 08:03:22","post_modified_gmt":"2023-05-16 06:03:22","post_content_filtered":"","post_parent":0,"guid":"https:\/\/www.claret.cat\/autor\/jose-manuel-alonso-ibarrola\/","menu_order":0,"post_type":"autor","post_mime_type":"","comment_count":"0","filter":"raw"}]},"aioseo_notices":[],"_links":{"self":[{"href":"https:\/\/www.claret.cat\/es\/wp-json\/wp\/v2\/product\/448066","targetHints":{"allow":["GET"]}}],"collection":[{"href":"https:\/\/www.claret.cat\/es\/wp-json\/wp\/v2\/product"}],"about":[{"href":"https:\/\/www.claret.cat\/es\/wp-json\/wp\/v2\/types\/product"}],"wp:featuredmedia":[{"embeddable":true,"href":"https:\/\/www.claret.cat\/es\/wp-json\/wp\/v2\/media\/448067"}],"wp:attachment":[{"href":"https:\/\/www.claret.cat\/es\/wp-json\/wp\/v2\/media?parent=448066"}],"wp:term":[{"taxonomy":"product_brand","embeddable":true,"href":"https:\/\/www.claret.cat\/es\/wp-json\/wp\/v2\/product_brand?post=448066"},{"taxonomy":"product_cat","embeddable":true,"href":"https:\/\/www.claret.cat\/es\/wp-json\/wp\/v2\/product_cat?post=448066"},{"taxonomy":"product_tag","embeddable":true,"href":"https:\/\/www.claret.cat\/es\/wp-json\/wp\/v2\/product_tag?post=448066"}],"curies":[{"name":"wp","href":"https:\/\/api.w.org\/{rel}","templated":true}]}}