{"id":448075,"date":"2023-06-20T13:30:19","date_gmt":"2023-06-20T11:30:19","guid":{"rendered":"https:\/\/www.claret.cat\/llibre\/grecia-9788491583158\/"},"modified":"2023-10-11T02:17:57","modified_gmt":"2023-10-11T00:17:57","slug":"grecia-9788491583158","status":"publish","type":"product","link":"https:\/\/www.claret.cat\/es\/libro\/grecia-9788491583158\/","title":{"rendered":"GRECIA"},"content":{"rendered":"<p>Grecia, cuna del teatro, la poes\u00eda, la filosof\u00eda y la democracia, es el destino de vacaciones preferido por miles de viajeros. Su inmenso patrimonio de \u00e9poca helen\u00edstica incluye templos, palacios en ruinas, esculturas, teatros&#8230; como los de Delfos, Epidauro, Micenas u Olimpia. Sus principales ciudades ofrecen un aspecto ca\u00f3tico y vivo: Atenas, coronada por la Acr\u00f3polis y con museos de capital valor hist\u00f3rico y art\u00edstico, o Sal\u00f3nica, con sus impresionantes iglesias bizantinas. <br \/> Ning\u00fan otro pa\u00eds de Europa tiene asociado a cada accidente geogr\u00e1fico natural -mares, montes, islas- alg\u00fan pasaje mitol\u00f3gico de dioses, h\u00e9roes y seres fant\u00e1sticos. Su clima asegura 300 d\u00edas de sol al a\u00f1o y las miles de islas desperdigadas por sus tres mares, J\u00f3nico, Egeo y Mediterr\u00e1neo, son para\u00edsos de color blanco y azul. <br \/> La Gu\u00eda Total de Grecia describe todo este patrimonio y proporciona las claves necesarias para el viaje, incluyendo una cartograf\u00eda clara y actual y un apartado final con direcciones y consejos pr\u00e1cticos.<\/p>\n","protected":false},"excerpt":{"rendered":"<p>ANAYA TOURING \/ TOURING EDITORE<\/p>\n","protected":false},"featured_media":448076,"template":"","meta":{"_acf_changed":false,"om_disable_all_campaigns":false,"rs_blank_template":"","rs_page_bg_color":"","slide_template_v7":"","inline_featured_image":false,"_monsterinsights_skip_tracking":false,"_monsterinsights_sitenote_active":false,"_monsterinsights_sitenote_note":"","_monsterinsights_sitenote_category":0},"product_brand":[],"product_cat":[557,107],"product_tag":[],"class_list":{"0":"post-448075","1":"product","2":"type-product","3":"status-publish","4":"has-post-thumbnail","6":"product_cat-guias-de-viaje","7":"product_cat-guies-de-viatge","9":"first","10":"instock","11":"taxable","12":"shipping-taxable","13":"purchasable","14":"product-type-simple"},"acf":{"autor":"ANAYA TOURING \/ TOURING EDITORE","codart":"849158315","libros-coleccion":"FORA DE COL.LECCI\u00d3","ediciones":"1","encuadernacion":"R\u00fastica","fecha_de_publicacion":"01\/03\/2021","novedad":"1","paginas":"408","subtitulo":"","orden":"0","portada":"0","idioma":"spa","editorial":[{"ID":147435,"post_author":"3","post_date":"2022-10-14 11:50:33","post_date_gmt":"2022-10-14 09:50:33","post_content":"","post_title":"Anaya Touring","post_excerpt":"","post_status":"publish","comment_status":"closed","ping_status":"closed","post_password":"","post_name":"anaya-touring","to_ping":"","pinged":"","post_modified":"2022-10-14 11:50:33","post_modified_gmt":"2022-10-14 09:50:33","post_content_filtered":"","post_parent":0,"guid":"http:\/\/dev.claret.cat\/editorial\/anaya-touring\/","menu_order":0,"post_type":"editorial","post_mime_type":"","comment_count":"0","filter":"raw"}],"autores-libros":[{"ID":170606,"post_author":"3","post_date":"2022-10-14 22:36:42","post_date_gmt":"2022-10-14 20:36:42","post_content":"","post_title":"TOURING EDITORE","post_excerpt":"","post_status":"publish","comment_status":"closed","ping_status":"closed","post_password":"","post_name":"touring-editore","to_ping":"","pinged":"","post_modified":"2022-10-14 22:36:42","post_modified_gmt":"2022-10-14 20:36:42","post_content_filtered":"","post_parent":0,"guid":"http:\/\/dev.claret.cat\/autor\/touring-editore\/","menu_order":0,"post_type":"autor","post_mime_type":"","comment_count":"0","filter":"raw"},{"ID":150168,"post_author":"3","post_date":"2022-10-14 14:30:47","post_date_gmt":"2022-10-14 12:30:47","post_content":"","post_title":"ANAYA TOURING","post_excerpt":"","post_status":"publish","comment_status":"closed","ping_status":"closed","post_password":"","post_name":"anaya-touring","to_ping":"","pinged":"","post_modified":"2022-10-14 14:30:47","post_modified_gmt":"2022-10-14 12:30:47","post_content_filtered":"","post_parent":0,"guid":"http:\/\/dev.claret.cat\/autor\/anaya-touring\/","menu_order":0,"post_type":"autor","post_mime_type":"","comment_count":"0","filter":"raw"}]},"aioseo_notices":[],"_links":{"self":[{"href":"https:\/\/www.claret.cat\/es\/wp-json\/wp\/v2\/product\/448075","targetHints":{"allow":["GET"]}}],"collection":[{"href":"https:\/\/www.claret.cat\/es\/wp-json\/wp\/v2\/product"}],"about":[{"href":"https:\/\/www.claret.cat\/es\/wp-json\/wp\/v2\/types\/product"}],"wp:featuredmedia":[{"embeddable":true,"href":"https:\/\/www.claret.cat\/es\/wp-json\/wp\/v2\/media\/448076"}],"wp:attachment":[{"href":"https:\/\/www.claret.cat\/es\/wp-json\/wp\/v2\/media?parent=448075"}],"wp:term":[{"taxonomy":"product_brand","embeddable":true,"href":"https:\/\/www.claret.cat\/es\/wp-json\/wp\/v2\/product_brand?post=448075"},{"taxonomy":"product_cat","embeddable":true,"href":"https:\/\/www.claret.cat\/es\/wp-json\/wp\/v2\/product_cat?post=448075"},{"taxonomy":"product_tag","embeddable":true,"href":"https:\/\/www.claret.cat\/es\/wp-json\/wp\/v2\/product_tag?post=448075"}],"curies":[{"name":"wp","href":"https:\/\/api.w.org\/{rel}","templated":true}]}}