{"id":448102,"date":"2023-06-20T15:45:13","date_gmt":"2023-06-20T13:45:13","guid":{"rendered":"https:\/\/www.claret.cat\/llibre\/atlas-actual-de-geografia-universal-vox-9788499744094\/"},"modified":"2023-11-08T17:47:36","modified_gmt":"2023-11-08T16:47:36","slug":"atlas-actual-de-geografia-universal-vox-9788499744094","status":"publish","type":"product","link":"https:\/\/www.claret.cat\/es\/libro\/atlas-actual-de-geografia-universal-vox-9788499744094\/","title":{"rendered":"ATLAS ACTUAL DE GEOGRAF\u00cdA UNIVERSAL VOX"},"content":{"rendered":"<p>Nueva edici\u00f3n totalmente actualizada de una<br \/> obra que combina cartograf\u00eda y datos estad\u00edsticos e incluye mapas tem\u00e1ticos elaborados con<br \/> las \u00faltimas t\u00e9cnicas infogr\u00e1ficas. <\/p>\n<p> Un atlas atento a las nuevas<br \/> necesidades de los lectores, que ofrece numerosas im\u00e1genes y fotograf\u00edas de<br \/> gran calidad. <\/p>\n<p> Obra adaptada al curr\u00edculo escolar de<br \/> primaria y secundaria, que servir\u00e1 tambi\u00e9n como excelente obra de consulta<br \/> familiar.<\/p>\n<p> &#8211; 110 fotos<\/p>\n<p> &#8211; 155 gr\u00e1ficos, esquemas, tablas y mapas<br \/> f\u00edsico-pol\u00edticos y tem\u00e1ticos<\/p>\n<p> &#8211; 210 estad\u00edsticas mundiales y de los<br \/> estados independientes<\/p>\n<p> &#8211; 20 000 top\u00f3nimos<\/p>\n","protected":false},"excerpt":{"rendered":"<p>VOX EDITORIAL<\/p>\n","protected":false},"featured_media":448103,"template":"","meta":{"_acf_changed":false,"om_disable_all_campaigns":false,"rs_blank_template":"","rs_page_bg_color":"","slide_template_v7":"","inline_featured_image":false,"_monsterinsights_skip_tracking":false,"_monsterinsights_sitenote_active":false,"_monsterinsights_sitenote_note":"","_monsterinsights_sitenote_category":0},"product_brand":[],"product_cat":[105,555],"product_tag":[],"class_list":{"0":"post-448102","1":"product","2":"type-product","3":"status-publish","4":"has-post-thumbnail","6":"product_cat-regal","7":"product_cat-regalo","9":"first","10":"instock","11":"taxable","12":"shipping-taxable","13":"purchasable","14":"product-type-simple"},"acf":{"autor":"VOX EDITORIAL","codart":"849974409","libros-coleccion":"Vox - Atlas","ediciones":"1","encuadernacion":"Carton\u00e9","fecha_de_publicacion":"01\/06\/2023","novedad":"1","paginas":"208","subtitulo":"","orden":"0","portada":"0","idioma":"spa","editorial":[{"ID":6393,"post_author":"3","post_date":"2022-07-28 17:51:11","post_date_gmt":"2022-07-28 15:51:11","post_content":"","post_title":"VOX","post_excerpt":"","post_status":"publish","comment_status":"closed","ping_status":"closed","post_password":"","post_name":"vox","to_ping":"","pinged":"","post_modified":"2022-07-28 17:51:11","post_modified_gmt":"2022-07-28 15:51:11","post_content_filtered":"","post_parent":0,"guid":"http:\/\/dev.claret.cat\/editorial\/vox\/","menu_order":0,"post_type":"editorial","post_mime_type":"","comment_count":"0","filter":"raw"}],"autores-libros":[{"ID":6084,"post_author":"3","post_date":"2022-07-28 17:37:48","post_date_gmt":"2022-07-28 15:37:48","post_content":"","post_title":"VOX EDITORIAL","post_excerpt":"","post_status":"publish","comment_status":"closed","ping_status":"closed","post_password":"","post_name":"vox-editorial","to_ping":"","pinged":"","post_modified":"2022-07-28 17:37:48","post_modified_gmt":"2022-07-28 15:37:48","post_content_filtered":"","post_parent":0,"guid":"http:\/\/dev.claret.cat\/autor\/vox-editorial\/","menu_order":0,"post_type":"autor","post_mime_type":"","comment_count":"0","filter":"raw"}]},"aioseo_notices":[],"_links":{"self":[{"href":"https:\/\/www.claret.cat\/es\/wp-json\/wp\/v2\/product\/448102","targetHints":{"allow":["GET"]}}],"collection":[{"href":"https:\/\/www.claret.cat\/es\/wp-json\/wp\/v2\/product"}],"about":[{"href":"https:\/\/www.claret.cat\/es\/wp-json\/wp\/v2\/types\/product"}],"wp:featuredmedia":[{"embeddable":true,"href":"https:\/\/www.claret.cat\/es\/wp-json\/wp\/v2\/media\/448103"}],"wp:attachment":[{"href":"https:\/\/www.claret.cat\/es\/wp-json\/wp\/v2\/media?parent=448102"}],"wp:term":[{"taxonomy":"product_brand","embeddable":true,"href":"https:\/\/www.claret.cat\/es\/wp-json\/wp\/v2\/product_brand?post=448102"},{"taxonomy":"product_cat","embeddable":true,"href":"https:\/\/www.claret.cat\/es\/wp-json\/wp\/v2\/product_cat?post=448102"},{"taxonomy":"product_tag","embeddable":true,"href":"https:\/\/www.claret.cat\/es\/wp-json\/wp\/v2\/product_tag?post=448102"}],"curies":[{"name":"wp","href":"https:\/\/api.w.org\/{rel}","templated":true}]}}