{"id":448210,"date":"2023-06-21T16:20:25","date_gmt":"2023-06-21T14:20:25","guid":{"rendered":"https:\/\/www.claret.cat\/llibre\/les-investigacions-del-professor-enigmus-9788412683936\/"},"modified":"2023-10-11T02:16:57","modified_gmt":"2023-10-11T00:16:57","slug":"les-investigacions-del-professor-enigmus-9788412683936","status":"publish","type":"product","link":"https:\/\/www.claret.cat\/es\/libro\/les-investigacions-del-professor-enigmus-9788412683936\/","title":{"rendered":"LES INVESTIGACIONS DEL PROFESSOR ENIGMUS"},"content":{"rendered":"<p>Immersos en la investigaci\u00f3 d&#8217;un estrany testament a la vella mansi\u00f3 de l&#8217;escriptor Hieronymus Poe Craftlove, el professor Enigmus i la Tatiana s\u00f3n v\u00edctimes d&#8217;un encanteri i es queden atrapats dins de les 12 aventures d&#8217;un llibre amagat en una caixa forta. Cada cap\u00edtol es desenvolupa en escenes de la literatura universal o hist\u00f2ries de la humanitat.<\/p>\n<p>Criatures mitol\u00f2giques, temples encantats, ca\u00e7adors de vampirs, superherois o cavallers del passat s\u00f3n alguns dels companys de viatge que els protagonistes s&#8217;aniran trobant en aquest viatge fabul\u00f3s.<\/p>\n<p>Si volen sortir i tornar al m\u00f3n real, la Tatiana, el Professor Enigmus i els joves lectors i lectores, hauran de resoldre els misteris plantejats a cada una de les hist\u00f2ries alhora que posen a prova les capacitats d&#8217;investigaci\u00f3 de tota la fam\u00edlia.<\/p>\n","protected":false},"excerpt":{"rendered":"<p>MARTIN, PAUL \/ BROERSMA, MATTHEW<\/p>\n","protected":false},"featured_media":448211,"template":"","meta":{"_acf_changed":false,"om_disable_all_campaigns":false,"rs_blank_template":"","rs_page_bg_color":"","slide_template_v7":"","inline_featured_image":false,"_monsterinsights_skip_tracking":false,"_monsterinsights_sitenote_active":false,"_monsterinsights_sitenote_note":"","_monsterinsights_sitenote_category":0},"product_brand":[],"product_cat":[132,364,134,362],"product_tag":[],"class_list":{"0":"post-448210","1":"product","2":"type-product","3":"status-publish","4":"has-post-thumbnail","6":"product_cat-lectures-per-preadolescents-6-12-anys","7":"product_cat-comics-infantil-3_infantil-juvenil-spa","8":"product_cat-comics","9":"product_cat-libros-preadolescentes-6-12-anos","11":"first","12":"instock","13":"taxable","14":"shipping-taxable","15":"purchasable","16":"product-type-simple"},"acf":{"autor":"MARTIN, PAUL \/ BROERSMA, MATTHEW","codart":"841268393","libros-coleccion":"Imagina","ediciones":"1","encuadernacion":"R\u00fastica","fecha_de_publicacion":"01\/05\/2023","novedad":"1","paginas":"56","subtitulo":"LA MALEDICCI\u00d3 DE LES 12 PORTES","orden":"0","portada":"0","idioma":"cat","editorial":[{"ID":6286,"post_author":"3","post_date":"2022-07-28 17:48:56","post_date_gmt":"2022-07-28 15:48:56","post_content":"","post_title":"Librooks Barcelona","post_excerpt":"","post_status":"publish","comment_status":"closed","ping_status":"closed","post_password":"","post_name":"librooks-barcelona","to_ping":"","pinged":"","post_modified":"2022-07-28 17:48:56","post_modified_gmt":"2022-07-28 15:48:56","post_content_filtered":"","post_parent":0,"guid":"http:\/\/dev.claret.cat\/editorial\/librooks-barcelona\/","menu_order":0,"post_type":"editorial","post_mime_type":"","comment_count":"0","filter":"raw"}],"autores-libros":[{"ID":448209,"post_author":"3","post_date":"2023-06-21 16:20:22","post_date_gmt":"2023-06-21 14:20:22","post_content":"","post_title":"MATTHEW BROERSMA","post_excerpt":"","post_status":"publish","comment_status":"closed","ping_status":"closed","post_password":"","post_name":"matthew-broersma","to_ping":"","pinged":"","post_modified":"2023-06-21 16:20:22","post_modified_gmt":"2023-06-21 14:20:22","post_content_filtered":"","post_parent":0,"guid":"https:\/\/www.claret.cat\/autor\/matthew-broersma\/","menu_order":0,"post_type":"autor","post_mime_type":"","comment_count":"0","filter":"raw"},{"ID":166742,"post_author":"3","post_date":"2022-10-14 18:05:41","post_date_gmt":"2022-10-14 16:05:41","post_content":"","post_title":"PAUL MARTIN","post_excerpt":"","post_status":"publish","comment_status":"closed","ping_status":"closed","post_password":"","post_name":"paul-martin","to_ping":"","pinged":"","post_modified":"2022-10-14 18:05:41","post_modified_gmt":"2022-10-14 16:05:41","post_content_filtered":"","post_parent":0,"guid":"http:\/\/dev.claret.cat\/autor\/paul-martin\/","menu_order":0,"post_type":"autor","post_mime_type":"","comment_count":"0","filter":"raw"}]},"aioseo_notices":[],"_links":{"self":[{"href":"https:\/\/www.claret.cat\/es\/wp-json\/wp\/v2\/product\/448210","targetHints":{"allow":["GET"]}}],"collection":[{"href":"https:\/\/www.claret.cat\/es\/wp-json\/wp\/v2\/product"}],"about":[{"href":"https:\/\/www.claret.cat\/es\/wp-json\/wp\/v2\/types\/product"}],"wp:featuredmedia":[{"embeddable":true,"href":"https:\/\/www.claret.cat\/es\/wp-json\/wp\/v2\/media\/448211"}],"wp:attachment":[{"href":"https:\/\/www.claret.cat\/es\/wp-json\/wp\/v2\/media?parent=448210"}],"wp:term":[{"taxonomy":"product_brand","embeddable":true,"href":"https:\/\/www.claret.cat\/es\/wp-json\/wp\/v2\/product_brand?post=448210"},{"taxonomy":"product_cat","embeddable":true,"href":"https:\/\/www.claret.cat\/es\/wp-json\/wp\/v2\/product_cat?post=448210"},{"taxonomy":"product_tag","embeddable":true,"href":"https:\/\/www.claret.cat\/es\/wp-json\/wp\/v2\/product_tag?post=448210"}],"curies":[{"name":"wp","href":"https:\/\/api.w.org\/{rel}","templated":true}]}}