{"id":448213,"date":"2023-06-21T16:25:11","date_gmt":"2023-06-21T14:25:11","guid":{"rendered":"https:\/\/www.claret.cat\/llibre\/las-investigaciones-del-profesor-enigmus-9788412683943\/"},"modified":"2023-10-11T01:37:17","modified_gmt":"2023-10-10T23:37:17","slug":"las-investigaciones-del-profesor-enigmus-9788412683943","status":"publish","type":"product","link":"https:\/\/www.claret.cat\/es\/libro\/las-investigaciones-del-profesor-enigmus-9788412683943\/","title":{"rendered":"LAS INVESTIGACIONES DEL PROFESOR ENIGMUS"},"content":{"rendered":"<p>Investigando un extra\u00f1o testamento en la vieja mansi\u00f3n del escritor Hier\u00f3nymus Poe Craftlove, el profesor Enigmus y Tatiana son presas de un hechizo y quedan atrapados en las 12 historias de un libro escondido en una caja fuerte. Cada historia se desarrolla en escenas de la literatura universal o historias de la humanidad.Criaturas mitol\u00f3gicas, templos encantados, cazadores de vampiros, superh\u00e9roes, o caballeros del pasado son algunos de los compa\u00f1eros de viaje que los protagonistas se ir\u00e1n encontrando en este viaje fabuloso.Si quieren salir y volver al mundo real, Tatiana y el Profesor Enigmus y los lectores deber\u00e1n resolver los misterios que se plantean en cada una de ellas, con pericia y poniendo a prueba las dotes detectivescas.<\/p>\n","protected":false},"excerpt":{"rendered":"<p>MARTIN, PAUL \/ BROERSMA, MATTHEW<\/p>\n","protected":false},"featured_media":448214,"template":"","meta":{"_acf_changed":false,"om_disable_all_campaigns":false,"rs_blank_template":"","rs_page_bg_color":"","slide_template_v7":"","inline_featured_image":false,"_monsterinsights_skip_tracking":false,"_monsterinsights_sitenote_active":false,"_monsterinsights_sitenote_note":"","_monsterinsights_sitenote_category":0},"product_brand":[],"product_cat":[134,364],"product_tag":[],"class_list":{"0":"post-448213","1":"product","2":"type-product","3":"status-publish","4":"has-post-thumbnail","6":"product_cat-comics","7":"product_cat-comics-infantil-3_infantil-juvenil-spa","9":"first","10":"instock","11":"taxable","12":"shipping-taxable","13":"purchasable","14":"product-type-simple"},"acf":{"autor":"MARTIN, PAUL \/ BROERSMA, MATTHEW","codart":"841268394","libros-coleccion":"Imagina","ediciones":"1","encuadernacion":"R\u00fastica","fecha_de_publicacion":"01\/06\/2023","novedad":"1","paginas":"56","subtitulo":"LA MALDICI\u00d3N DE LAS 12 PUERTAS","orden":"0","portada":"0","idioma":"spa","editorial":[{"ID":6286,"post_author":"3","post_date":"2022-07-28 17:48:56","post_date_gmt":"2022-07-28 15:48:56","post_content":"","post_title":"Librooks Barcelona","post_excerpt":"","post_status":"publish","comment_status":"closed","ping_status":"closed","post_password":"","post_name":"librooks-barcelona","to_ping":"","pinged":"","post_modified":"2022-07-28 17:48:56","post_modified_gmt":"2022-07-28 15:48:56","post_content_filtered":"","post_parent":0,"guid":"http:\/\/dev.claret.cat\/editorial\/librooks-barcelona\/","menu_order":0,"post_type":"editorial","post_mime_type":"","comment_count":"0","filter":"raw"}],"autores-libros":[{"ID":448209,"post_author":"3","post_date":"2023-06-21 16:20:22","post_date_gmt":"2023-06-21 14:20:22","post_content":"","post_title":"MATTHEW BROERSMA","post_excerpt":"","post_status":"publish","comment_status":"closed","ping_status":"closed","post_password":"","post_name":"matthew-broersma","to_ping":"","pinged":"","post_modified":"2023-06-21 16:20:22","post_modified_gmt":"2023-06-21 14:20:22","post_content_filtered":"","post_parent":0,"guid":"https:\/\/www.claret.cat\/autor\/matthew-broersma\/","menu_order":0,"post_type":"autor","post_mime_type":"","comment_count":"0","filter":"raw"},{"ID":166742,"post_author":"3","post_date":"2022-10-14 18:05:41","post_date_gmt":"2022-10-14 16:05:41","post_content":"","post_title":"PAUL MARTIN","post_excerpt":"","post_status":"publish","comment_status":"closed","ping_status":"closed","post_password":"","post_name":"paul-martin","to_ping":"","pinged":"","post_modified":"2022-10-14 18:05:41","post_modified_gmt":"2022-10-14 16:05:41","post_content_filtered":"","post_parent":0,"guid":"http:\/\/dev.claret.cat\/autor\/paul-martin\/","menu_order":0,"post_type":"autor","post_mime_type":"","comment_count":"0","filter":"raw"}]},"aioseo_notices":[],"_links":{"self":[{"href":"https:\/\/www.claret.cat\/es\/wp-json\/wp\/v2\/product\/448213","targetHints":{"allow":["GET"]}}],"collection":[{"href":"https:\/\/www.claret.cat\/es\/wp-json\/wp\/v2\/product"}],"about":[{"href":"https:\/\/www.claret.cat\/es\/wp-json\/wp\/v2\/types\/product"}],"wp:featuredmedia":[{"embeddable":true,"href":"https:\/\/www.claret.cat\/es\/wp-json\/wp\/v2\/media\/448214"}],"wp:attachment":[{"href":"https:\/\/www.claret.cat\/es\/wp-json\/wp\/v2\/media?parent=448213"}],"wp:term":[{"taxonomy":"product_brand","embeddable":true,"href":"https:\/\/www.claret.cat\/es\/wp-json\/wp\/v2\/product_brand?post=448213"},{"taxonomy":"product_cat","embeddable":true,"href":"https:\/\/www.claret.cat\/es\/wp-json\/wp\/v2\/product_cat?post=448213"},{"taxonomy":"product_tag","embeddable":true,"href":"https:\/\/www.claret.cat\/es\/wp-json\/wp\/v2\/product_tag?post=448213"}],"curies":[{"name":"wp","href":"https:\/\/api.w.org\/{rel}","templated":true}]}}