{"id":448236,"date":"2023-06-22T10:20:09","date_gmt":"2023-06-22T08:20:09","guid":{"rendered":"https:\/\/www.claret.cat\/llibre\/el-paciente-9788466668552\/"},"modified":"2023-10-11T02:16:49","modified_gmt":"2023-10-11T00:16:49","slug":"el-paciente-9788466668552","status":"publish","type":"product","link":"https:\/\/www.claret.cat\/es\/libro\/el-paciente-9788466668552\/","title":{"rendered":"EL PACIENTE"},"content":{"rendered":"<p>Relanzamiento de El paciente, novela en la que Juan G\u00f3mez-Jurado atrapa irremediablemente al lector. Un cirujano enfrentado a una decisi\u00f3n imposible. 63 horas que pueden cambiar el destino de millones de personas. \u00bfHasta d\u00f3nde ser\u00edas capaz de llegar para salvar a quien m\u00e1s amas?<br \/> El prestigioso neurocirujano David Evans se enfrenta a una terrible encrucijada: si su pr\u00f3ximo paciente sale vivo de la mesa de operaciones, su peque\u00f1a hija, Julia, morir\u00e1 a manos de un psic\u00f3pata. Para el doctor Evans se inicia una desesperada cuenta atr\u00e1s cuando descubre que el paciente que debe morir para que su hija viva no es otro que el presidente de Estados Unidos. Con su habitual maestr\u00eda en la literatura de intriga, Juan G\u00f3mez-Jurado atrapa irremediablemente al lector. Una novela apasionante y emotiva que se desarrolla en 63 fren\u00e9ticas horas, que no da respiro en su lectura y que plantea un dilema moral imposible que puede cambiar el curso de la historia.La cr\u00edtica ha dicho:<br \/>\u00abRespira hondo antes de empezar a leer: no volver\u00e1s a tener tiempo hasta el final\u00bb.<br \/>Javier Sierra<\/p>\n","protected":false},"excerpt":{"rendered":"<p>G\u00d3MEZ-JURADO, JUAN<\/p>\n","protected":false},"featured_media":448237,"template":"","meta":{"_acf_changed":false,"om_disable_all_campaigns":false,"rs_blank_template":"","rs_page_bg_color":"","slide_template_v7":"","inline_featured_image":false,"_monsterinsights_skip_tracking":false,"_monsterinsights_sitenote_active":false,"_monsterinsights_sitenote_note":"","_monsterinsights_sitenote_category":0},"product_brand":[],"product_cat":[127,357],"product_tag":[],"class_list":{"0":"post-448236","1":"product","2":"type-product","3":"status-publish","4":"has-post-thumbnail","6":"product_cat-novella-contemporania","7":"product_cat-novela-contemporanea","9":"first","10":"instock","11":"taxable","12":"shipping-taxable","13":"purchasable","14":"product-type-simple"},"acf":{"autor":"G\u00d3MEZ-JURADO, JUAN","codart":"846666855","libros-coleccion":"LA TRAMA","ediciones":"1","encuadernacion":"Carton\u00e9","fecha_de_publicacion":"01\/10\/2020","novedad":"0","paginas":"496","subtitulo":"","orden":"0","portada":"0","idioma":"spa","editorial":[{"ID":6200,"post_author":"3","post_date":"2022-07-28 17:47:00","post_date_gmt":"2022-07-28 15:47:00","post_content":"","post_title":"EDICIONES B","post_excerpt":"","post_status":"publish","comment_status":"closed","ping_status":"closed","post_password":"","post_name":"ediciones-b","to_ping":"","pinged":"","post_modified":"2022-07-28 17:47:00","post_modified_gmt":"2022-07-28 15:47:00","post_content_filtered":"","post_parent":0,"guid":"http:\/\/dev.claret.cat\/editorial\/ediciones-b\/","menu_order":0,"post_type":"editorial","post_mime_type":"","comment_count":"0","filter":"raw"}],"autores-libros":[{"ID":5678,"post_author":"3","post_date":"2022-07-28 17:29:08","post_date_gmt":"2022-07-28 15:29:08","post_content":"","post_title":"JUAN G\u00d3MEZ-JURADO","post_excerpt":"","post_status":"publish","comment_status":"closed","ping_status":"closed","post_password":"","post_name":"juan-gomez-jurado","to_ping":"","pinged":"","post_modified":"2022-07-28 17:29:08","post_modified_gmt":"2022-07-28 15:29:08","post_content_filtered":"","post_parent":0,"guid":"http:\/\/dev.claret.cat\/autor\/juan-gomez-jurado\/","menu_order":0,"post_type":"autor","post_mime_type":"","comment_count":"0","filter":"raw"}]},"aioseo_notices":[],"_links":{"self":[{"href":"https:\/\/www.claret.cat\/es\/wp-json\/wp\/v2\/product\/448236","targetHints":{"allow":["GET"]}}],"collection":[{"href":"https:\/\/www.claret.cat\/es\/wp-json\/wp\/v2\/product"}],"about":[{"href":"https:\/\/www.claret.cat\/es\/wp-json\/wp\/v2\/types\/product"}],"wp:featuredmedia":[{"embeddable":true,"href":"https:\/\/www.claret.cat\/es\/wp-json\/wp\/v2\/media\/448237"}],"wp:attachment":[{"href":"https:\/\/www.claret.cat\/es\/wp-json\/wp\/v2\/media?parent=448236"}],"wp:term":[{"taxonomy":"product_brand","embeddable":true,"href":"https:\/\/www.claret.cat\/es\/wp-json\/wp\/v2\/product_brand?post=448236"},{"taxonomy":"product_cat","embeddable":true,"href":"https:\/\/www.claret.cat\/es\/wp-json\/wp\/v2\/product_cat?post=448236"},{"taxonomy":"product_tag","embeddable":true,"href":"https:\/\/www.claret.cat\/es\/wp-json\/wp\/v2\/product_tag?post=448236"}],"curies":[{"name":"wp","href":"https:\/\/api.w.org\/{rel}","templated":true}]}}