{"id":448338,"date":"2023-06-22T18:55:40","date_gmt":"2023-06-22T16:55:40","guid":{"rendered":"https:\/\/www.claret.cat\/llibre\/ciencies-socials-3r-primaria-la-llegenda-llegat-llicencia-digital-9788447945894\/"},"modified":"2023-10-11T02:15:36","modified_gmt":"2023-10-11T00:15:36","slug":"ciencies-socials-3r-primaria-la-llegenda-llegat-llicencia-digital-9788447945894","status":"publish","type":"product","link":"https:\/\/www.claret.cat\/es\/libro\/ciencies-socials-3r-primaria-la-llegenda-llegat-llicencia-digital-9788447945894\/","title":{"rendered":"CI\u00c8NCIES SOCIALS 3R PRIM\u00c0RIA LA LLEGENDA LLEGAT + LLIC\u00c8NCIA DIGITAL"},"content":{"rendered":"","protected":false},"excerpt":{"rendered":"<p>GARC\u00cdA IGLESIAS, JOS\u00c9 JAVIER \/ DE LA MATA DE LA MATA, M\u00aa DEL MAR \/ BELL\u00d3N MENA,<\/p>\n","protected":false},"featured_media":448339,"template":"","meta":{"_acf_changed":false,"om_disable_all_campaigns":false,"rs_blank_template":"","rs_page_bg_color":"","slide_template_v7":"","inline_featured_image":false,"_monsterinsights_skip_tracking":false,"_monsterinsights_sitenote_active":false,"_monsterinsights_sitenote_note":"","_monsterinsights_sitenote_category":0},"product_brand":[],"product_cat":[138,571,139,572],"product_tag":[],"class_list":{"0":"post-448338","1":"product","2":"type-product","3":"status-publish","4":"has-post-thumbnail","6":"product_cat-primaria","7":"product_cat-primaria-escolar-4_escolar-spa","8":"product_cat-secundaria","9":"product_cat-secundaria-escolar-4_escolar-spa","11":"first","12":"instock","13":"taxable","14":"shipping-taxable","15":"purchasable","16":"product-type-simple"},"acf":{"autor":"GARC\u00cdA IGLESIAS, JOS\u00c9 JAVIER \/ DE LA MATA DE LA MATA, M\u00aa DEL MAR \/ BELL\u00d3N MENA,","codart":"844794589","libros-coleccion":"FORA DE COL.LECCI\u00d3","ediciones":"1","encuadernacion":"R\u00fastica","fecha_de_publicacion":"01\/04\/2021","novedad":"1","paginas":"120","subtitulo":"","orden":"0","portada":"0","idioma":"cat","editorial":[{"ID":147536,"post_author":"3","post_date":"2022-10-14 11:51:19","post_date_gmt":"2022-10-14 09:51:19","post_content":"","post_title":"BAULA-EDELVIVES-VALENCIANO\/CATALAN-TXT-","post_excerpt":"","post_status":"publish","comment_status":"closed","ping_status":"closed","post_password":"","post_name":"baula-edelvives-valenciano-catalan-txt","to_ping":"","pinged":"","post_modified":"2022-10-14 11:51:19","post_modified_gmt":"2022-10-14 09:51:19","post_content_filtered":"","post_parent":0,"guid":"http:\/\/dev.claret.cat\/editorial\/baula-edelvives-valenciano-catalan-txt\/","menu_order":0,"post_type":"editorial","post_mime_type":"","comment_count":"0","filter":"raw"}],"autores-libros":[{"ID":448377,"post_author":"3","post_date":"2023-06-22 19:10:04","post_date_gmt":"2023-06-22 17:10:04","post_content":"","post_title":"JOS\u00c9 JAVIER GARC\u00cdA IGLESIAS","post_excerpt":"","post_status":"publish","comment_status":"closed","ping_status":"closed","post_password":"","post_name":"jose-javier-garcia-iglesias","to_ping":"","pinged":"","post_modified":"2023-06-22 19:10:04","post_modified_gmt":"2023-06-22 17:10:04","post_content_filtered":"","post_parent":0,"guid":"https:\/\/www.claret.cat\/autor\/jose-javier-garcia-iglesias\/","menu_order":0,"post_type":"autor","post_mime_type":"","comment_count":"0","filter":"raw"},{"ID":448378,"post_author":"3","post_date":"2023-06-22 19:10:05","post_date_gmt":"2023-06-22 17:10:05","post_content":"","post_title":"M\u00aa DEL MAR DE LA MATA DE LA MATA","post_excerpt":"","post_status":"publish","comment_status":"closed","ping_status":"closed","post_password":"","post_name":"ma-del-mar-de-la-mata-de-la-mata","to_ping":"","pinged":"","post_modified":"2023-06-22 19:10:05","post_modified_gmt":"2023-06-22 17:10:05","post_content_filtered":"","post_parent":0,"guid":"https:\/\/www.claret.cat\/autor\/ma-del-mar-de-la-mata-de-la-mata\/","menu_order":0,"post_type":"autor","post_mime_type":"","comment_count":"0","filter":"raw"},{"ID":448376,"post_author":"3","post_date":"2023-06-22 19:10:02","post_date_gmt":"2023-06-22 17:10:02","post_content":"","post_title":"BELL\u00d3N MENA","post_excerpt":"","post_status":"publish","comment_status":"closed","ping_status":"closed","post_password":"","post_name":"bellon-mena","to_ping":"","pinged":"","post_modified":"2023-06-22 19:10:02","post_modified_gmt":"2023-06-22 17:10:02","post_content_filtered":"","post_parent":0,"guid":"https:\/\/www.claret.cat\/autor\/bellon-mena\/","menu_order":0,"post_type":"autor","post_mime_type":"","comment_count":"0","filter":"raw"}]},"aioseo_notices":[],"_links":{"self":[{"href":"https:\/\/www.claret.cat\/es\/wp-json\/wp\/v2\/product\/448338","targetHints":{"allow":["GET"]}}],"collection":[{"href":"https:\/\/www.claret.cat\/es\/wp-json\/wp\/v2\/product"}],"about":[{"href":"https:\/\/www.claret.cat\/es\/wp-json\/wp\/v2\/types\/product"}],"wp:featuredmedia":[{"embeddable":true,"href":"https:\/\/www.claret.cat\/es\/wp-json\/wp\/v2\/media\/448339"}],"wp:attachment":[{"href":"https:\/\/www.claret.cat\/es\/wp-json\/wp\/v2\/media?parent=448338"}],"wp:term":[{"taxonomy":"product_brand","embeddable":true,"href":"https:\/\/www.claret.cat\/es\/wp-json\/wp\/v2\/product_brand?post=448338"},{"taxonomy":"product_cat","embeddable":true,"href":"https:\/\/www.claret.cat\/es\/wp-json\/wp\/v2\/product_cat?post=448338"},{"taxonomy":"product_tag","embeddable":true,"href":"https:\/\/www.claret.cat\/es\/wp-json\/wp\/v2\/product_tag?post=448338"}],"curies":[{"name":"wp","href":"https:\/\/api.w.org\/{rel}","templated":true}]}}