{"id":448412,"date":"2023-06-22T19:25:20","date_gmt":"2023-06-22T17:25:20","guid":{"rendered":"https:\/\/www.claret.cat\/llibre\/busca-i-troba-dinosaures-9788467795226\/"},"modified":"2024-01-12T18:55:46","modified_gmt":"2024-01-12T17:55:46","slug":"busca-i-troba-dinosaures-9788467795226","status":"publish","type":"product","link":"https:\/\/www.claret.cat\/es\/libro\/busca-i-troba-dinosaures-9788467795226\/","title":{"rendered":"BUSCA I TROBA DINOSAURES"},"content":{"rendered":"<p>Benvinguts a aquesta aventura en la prehist\u00f2ria. Us han transportat a trav\u00e9s del temps a l&#8221;era en qu\u00e8 els dinosaures eren els amos i senyors de la Terra. A partir d&#8221;ara, haureu d&#8221;explorar les p\u00e0gines d?aquest llibre per a BUSCAR, DESCOBRIR i COMPTAR dinosaures i altres animals prehist\u00f2rics grans o petits, herb\u00edvors o carn\u00edvors, bons o perillosos. A continuaci\u00f3, la vostra tasca ser\u00e0 sumar-los tots i anotar els resultats. Per\u00f2&#8230; atenci\u00f3! Si us equivoqueu haureu de tornar a comen\u00e7ar. Divertiu-vos molt! Un gran llibre il\u00b7lustrat a tot color per a gaudir d&#8221;hores d&#8221;entreteniment buscant dinosaures. Podeu trobar-los tots?<\/p>\n","protected":false},"excerpt":{"rendered":"<p>SUSAETA, EQUIP<\/p>\n","protected":false},"featured_media":448413,"template":"","meta":{"_acf_changed":false,"om_disable_all_campaigns":false,"rs_blank_template":"","rs_page_bg_color":"","slide_template_v7":"","inline_featured_image":false,"_monsterinsights_skip_tracking":false,"_monsterinsights_sitenote_active":false,"_monsterinsights_sitenote_note":"","_monsterinsights_sitenote_category":0},"product_brand":[],"product_cat":[131,132,361,362],"product_tag":[],"class_list":{"0":"post-448412","1":"product","2":"type-product","3":"status-publish","4":"has-post-thumbnail","6":"product_cat-contes-per-infants-0-6-anys","7":"product_cat-lectures-per-preadolescents-6-12-anys","8":"product_cat-cuentos-para-ninos-0-6-anos","9":"product_cat-libros-preadolescentes-6-12-anos","11":"first","12":"instock","13":"taxable","14":"shipping-taxable","15":"purchasable","16":"product-type-simple"},"acf":{"autor":"SUSAETA, EQUIP","codart":"846779522","libros-coleccion":"FORA DE COL.LECCI\u00d3","ediciones":"1","encuadernacion":"Carton\u00e9","fecha_de_publicacion":"01\/04\/2023","novedad":"1","paginas":"48","subtitulo":"","orden":"0","portada":"0","idioma":"cat","editorial":[{"ID":148846,"post_author":"3","post_date":"2022-10-14 12:01:27","post_date_gmt":"2022-10-14 10:01:27","post_content":"","post_title":"SUSAETA EDICIONES","post_excerpt":"","post_status":"publish","comment_status":"closed","ping_status":"closed","post_password":"","post_name":"susaeta-ediciones","to_ping":"","pinged":"","post_modified":"2022-10-14 12:01:27","post_modified_gmt":"2022-10-14 10:01:27","post_content_filtered":"","post_parent":0,"guid":"http:\/\/dev.claret.cat\/editorial\/susaeta-ediciones\/","menu_order":0,"post_type":"editorial","post_mime_type":"","comment_count":"0","filter":"raw"}],"autores-libros":[{"ID":155214,"post_author":"3","post_date":"2022-10-14 15:11:04","post_date_gmt":"2022-10-14 13:11:04","post_content":"","post_title":"EQUIP SUSAETA","post_excerpt":"","post_status":"publish","comment_status":"closed","ping_status":"closed","post_password":"","post_name":"equip-susaeta","to_ping":"","pinged":"","post_modified":"2022-10-14 15:11:04","post_modified_gmt":"2022-10-14 13:11:04","post_content_filtered":"","post_parent":0,"guid":"http:\/\/dev.claret.cat\/autor\/equip-susaeta\/","menu_order":0,"post_type":"autor","post_mime_type":"","comment_count":"0","filter":"raw"}]},"aioseo_notices":[],"_links":{"self":[{"href":"https:\/\/www.claret.cat\/es\/wp-json\/wp\/v2\/product\/448412","targetHints":{"allow":["GET"]}}],"collection":[{"href":"https:\/\/www.claret.cat\/es\/wp-json\/wp\/v2\/product"}],"about":[{"href":"https:\/\/www.claret.cat\/es\/wp-json\/wp\/v2\/types\/product"}],"wp:featuredmedia":[{"embeddable":true,"href":"https:\/\/www.claret.cat\/es\/wp-json\/wp\/v2\/media\/448413"}],"wp:attachment":[{"href":"https:\/\/www.claret.cat\/es\/wp-json\/wp\/v2\/media?parent=448412"}],"wp:term":[{"taxonomy":"product_brand","embeddable":true,"href":"https:\/\/www.claret.cat\/es\/wp-json\/wp\/v2\/product_brand?post=448412"},{"taxonomy":"product_cat","embeddable":true,"href":"https:\/\/www.claret.cat\/es\/wp-json\/wp\/v2\/product_cat?post=448412"},{"taxonomy":"product_tag","embeddable":true,"href":"https:\/\/www.claret.cat\/es\/wp-json\/wp\/v2\/product_tag?post=448412"}],"curies":[{"name":"wp","href":"https:\/\/api.w.org\/{rel}","templated":true}]}}