{"id":448556,"date":"2023-06-23T17:10:08","date_gmt":"2023-06-23T15:10:08","guid":{"rendered":"https:\/\/www.claret.cat\/llibre\/laberintos-de-superheroes-9781805314073\/"},"modified":"2023-10-11T01:34:54","modified_gmt":"2023-10-10T23:34:54","slug":"laberintos-de-superheroes-9781805314073","status":"publish","type":"product","link":"https:\/\/www.claret.cat\/es\/libro\/laberintos-de-superheroes-9781805314073\/","title":{"rendered":"LABERINTOS DE SUPERH\u00c9ROES"},"content":{"rendered":"<p>M\u00e1s de 40 laberintos de superh\u00e9roes que, al aumentar de dificultad conforme se pasan las p\u00e1ginas, mantendr\u00e1n a los peque\u00f1os entretenidos durante horas a la vez que desarrollan su capacidad de atenci\u00f3n y de resoluci\u00f3n de problemas. Pero adem\u00e1s se lo pasar\u00e1n en grande, porque durante todo ese tiempo so\u00f1ar\u00e1n que son superh\u00e9roes frustrando los planes maqueav\u00e9licos de super villanos, perfeccionando sus poderes en la escuela de superh\u00e9roes y protegiendo grandes ciudades de la amenaza de meteoritos gigantes y monstruos amenazantes. Porque para ser genial, \u00a1hay que practicar!<\/p>\n","protected":false},"excerpt":{"rendered":"<p>SMITH, SAM<\/p>\n","protected":false},"featured_media":448557,"template":"","meta":{"_acf_changed":false,"om_disable_all_campaigns":false,"rs_blank_template":"","rs_page_bg_color":"","slide_template_v7":"","inline_featured_image":false,"_monsterinsights_skip_tracking":false,"_monsterinsights_sitenote_active":false,"_monsterinsights_sitenote_note":"","_monsterinsights_sitenote_category":0},"product_brand":[],"product_cat":[132,135,365,362],"product_tag":[],"class_list":{"0":"post-448556","1":"product","2":"type-product","3":"status-publish","4":"has-post-thumbnail","6":"product_cat-lectures-per-preadolescents-6-12-anys","7":"product_cat-entreteniment","8":"product_cat-entretenimientos","9":"product_cat-libros-preadolescentes-6-12-anos","11":"first","12":"instock","13":"taxable","14":"shipping-taxable","15":"purchasable","16":"product-type-simple"},"acf":{"autor":"SMITH, SAM","codart":"180531407","libros-coleccion":"FORA DE COL.LECCI\u00d3","ediciones":"1","encuadernacion":"R\u00fastica","fecha_de_publicacion":"01\/06\/2023","novedad":"1","paginas":"64","subtitulo":"","orden":"0","portada":"0","idioma":"spa","editorial":[{"ID":148939,"post_author":"3","post_date":"2022-10-14 12:02:11","post_date_gmt":"2022-10-14 10:02:11","post_content":"","post_title":"USBORNE","post_excerpt":"","post_status":"publish","comment_status":"closed","ping_status":"closed","post_password":"","post_name":"usborne","to_ping":"","pinged":"","post_modified":"2022-10-14 12:02:11","post_modified_gmt":"2022-10-14 10:02:11","post_content_filtered":"","post_parent":0,"guid":"http:\/\/dev.claret.cat\/editorial\/usborne\/","menu_order":0,"post_type":"editorial","post_mime_type":"","comment_count":"0","filter":"raw"}],"autores-libros":[{"ID":168887,"post_author":"3","post_date":"2022-10-14 22:22:45","post_date_gmt":"2022-10-14 20:22:45","post_content":"","post_title":"SAM SMITH","post_excerpt":"","post_status":"publish","comment_status":"closed","ping_status":"closed","post_password":"","post_name":"sam-smith","to_ping":"","pinged":"","post_modified":"2022-10-14 22:22:45","post_modified_gmt":"2022-10-14 20:22:45","post_content_filtered":"","post_parent":0,"guid":"http:\/\/dev.claret.cat\/autor\/sam-smith\/","menu_order":0,"post_type":"autor","post_mime_type":"","comment_count":"0","filter":"raw"}]},"aioseo_notices":[],"_links":{"self":[{"href":"https:\/\/www.claret.cat\/es\/wp-json\/wp\/v2\/product\/448556","targetHints":{"allow":["GET"]}}],"collection":[{"href":"https:\/\/www.claret.cat\/es\/wp-json\/wp\/v2\/product"}],"about":[{"href":"https:\/\/www.claret.cat\/es\/wp-json\/wp\/v2\/types\/product"}],"wp:featuredmedia":[{"embeddable":true,"href":"https:\/\/www.claret.cat\/es\/wp-json\/wp\/v2\/media\/448557"}],"wp:attachment":[{"href":"https:\/\/www.claret.cat\/es\/wp-json\/wp\/v2\/media?parent=448556"}],"wp:term":[{"taxonomy":"product_brand","embeddable":true,"href":"https:\/\/www.claret.cat\/es\/wp-json\/wp\/v2\/product_brand?post=448556"},{"taxonomy":"product_cat","embeddable":true,"href":"https:\/\/www.claret.cat\/es\/wp-json\/wp\/v2\/product_cat?post=448556"},{"taxonomy":"product_tag","embeddable":true,"href":"https:\/\/www.claret.cat\/es\/wp-json\/wp\/v2\/product_tag?post=448556"}],"curies":[{"name":"wp","href":"https:\/\/api.w.org\/{rel}","templated":true}]}}