{"id":44857,"date":"2022-10-02T21:55:27","date_gmt":"2022-10-02T19:55:27","guid":{"rendered":"http:\/\/dev.claret.cat\/producte\/via-crucis-4\/"},"modified":"2023-10-06T11:27:50","modified_gmt":"2023-10-06T09:27:50","slug":"via-crucis-9788417398880","status":"publish","type":"product","link":"https:\/\/www.claret.cat\/es\/libro\/via-crucis-9788417398880\/","title":{"rendered":"V\u00cdA CRUCIS"},"content":{"rendered":"<p>Este V\u00eda Crucis pretende recrear el camino de servicio, de b\u00fasqueda de la fraternidad, de anhelo de comuni\u00f3n y reconciliaci\u00f3n, de igualdad entre todos los disc\u00edpulos de Jes\u00fas.<\/p>\n","protected":false},"excerpt":{"rendered":"<p>EQUIPO PAULINAS<\/p>\n","protected":false},"featured_media":60313,"template":"","meta":{"_acf_changed":false,"om_disable_all_campaigns":false,"rs_blank_template":"","rs_page_bg_color":"","slide_template_v7":"","inline_featured_image":false,"_monsterinsights_skip_tracking":false,"_monsterinsights_sitenote_active":false,"_monsterinsights_sitenote_note":"","_monsterinsights_sitenote_category":0},"product_brand":[],"product_cat":[485,488],"product_tag":[],"class_list":{"0":"post-44857","1":"product","2":"type-product","3":"status-publish","4":"has-post-thumbnail","6":"product_cat-autores-espiritualidad-1_espiritualidad","7":"product_cat-camino-de-perfeccionamiento","9":"first","10":"instock","11":"taxable","12":"shipping-taxable","13":"purchasable","14":"product-type-simple"},"acf":{"autor":"EQUIPO PAULINAS","codart":"841739888","libros-coleccion":"Kairoi","ediciones":"1","encuadernacion":"Grapado","fecha_de_publicacion":"01\/01\/2022","novedad":"1","paginas":"36","subtitulo":"COMUNI\u00d3N, DI\u00c1LOGO Y PARTICIPACI\u00d3N","orden":"0","portada":"0","idioma":"spa","editorial":[{"ID":148016,"post_author":"3","post_date":"2022-10-14 11:54:59","post_date_gmt":"2022-10-14 09:54:59","post_content":"","post_title":"Editorial Paulinas","post_excerpt":"","post_status":"publish","comment_status":"closed","ping_status":"closed","post_password":"","post_name":"editorial-paulinas","to_ping":"","pinged":"","post_modified":"2022-10-14 11:54:59","post_modified_gmt":"2022-10-14 09:54:59","post_content_filtered":"","post_parent":0,"guid":"http:\/\/dev.claret.cat\/editorial\/editorial-paulinas\/","menu_order":0,"post_type":"editorial","post_mime_type":"","comment_count":"0","filter":"raw"}],"autores-libros":[{"ID":155231,"post_author":"3","post_date":"2022-10-14 15:11:11","post_date_gmt":"2022-10-14 13:11:11","post_content":"","post_title":"EQUIPO PAULINAS","post_excerpt":"","post_status":"publish","comment_status":"closed","ping_status":"closed","post_password":"","post_name":"equipo-paulinas","to_ping":"","pinged":"","post_modified":"2022-10-14 15:11:11","post_modified_gmt":"2022-10-14 13:11:11","post_content_filtered":"","post_parent":0,"guid":"http:\/\/dev.claret.cat\/autor\/equipo-paulinas\/","menu_order":0,"post_type":"autor","post_mime_type":"","comment_count":"0","filter":"raw"}]},"aioseo_notices":[],"_links":{"self":[{"href":"https:\/\/www.claret.cat\/es\/wp-json\/wp\/v2\/product\/44857","targetHints":{"allow":["GET"]}}],"collection":[{"href":"https:\/\/www.claret.cat\/es\/wp-json\/wp\/v2\/product"}],"about":[{"href":"https:\/\/www.claret.cat\/es\/wp-json\/wp\/v2\/types\/product"}],"wp:featuredmedia":[{"embeddable":true,"href":"https:\/\/www.claret.cat\/es\/wp-json\/wp\/v2\/media\/60313"}],"wp:attachment":[{"href":"https:\/\/www.claret.cat\/es\/wp-json\/wp\/v2\/media?parent=44857"}],"wp:term":[{"taxonomy":"product_brand","embeddable":true,"href":"https:\/\/www.claret.cat\/es\/wp-json\/wp\/v2\/product_brand?post=44857"},{"taxonomy":"product_cat","embeddable":true,"href":"https:\/\/www.claret.cat\/es\/wp-json\/wp\/v2\/product_cat?post=44857"},{"taxonomy":"product_tag","embeddable":true,"href":"https:\/\/www.claret.cat\/es\/wp-json\/wp\/v2\/product_tag?post=44857"}],"curies":[{"name":"wp","href":"https:\/\/api.w.org\/{rel}","templated":true}]}}