{"id":448790,"date":"2023-06-27T16:40:31","date_gmt":"2023-06-27T14:40:31","guid":{"rendered":"https:\/\/www.claret.cat\/llibre\/la-condicion-humana-9788449341076\/"},"modified":"2023-10-11T01:32:50","modified_gmt":"2023-10-10T23:32:50","slug":"la-condicion-humana-9788449341076","status":"publish","type":"product","link":"https:\/\/www.claret.cat\/es\/libro\/la-condicion-humana-9788449341076\/","title":{"rendered":"LA CONDICI\u00d3N HUMANA"},"content":{"rendered":"<p>En este estudio de la humanidad actual, Hannah Arendt medita acerca de la dimensi\u00f3n activa de los seres humanos, es decir, acerca de su capacidad de intervenir en el mundo por medio de la obra, trabajo, y la acci\u00f3n. Arendt analiza tanto las capacidades humanas cuya finalidad principal es atender a las necesidades de la vida como la sublimaci\u00f3n de estas en otra m\u00e1s trascendental, la capacidad de ser libres, para considerar nuestra condici\u00f3n a trav\u00e9s de nuestros m\u00e1s recientes miedos y experiencias.<br \/>Arendt ofrece un riguroso y l\u00facido recorrido por la historia de las ideas pol\u00edticas, por las revoluciones que han marcado cada momento, para desmontar todas nuestras certezas. Los problemas que Arendt identific\u00f3 en su momento \u2014la disminuci\u00f3n de la agencia humana y de la libertad pol\u00edtica, la explotaci\u00f3n, la sociedad de consumo, nuestra falta de responsabilidad a la hora de asumir las consecuencias de nuestras acciones y la cultura de masas\u2014 siguen vigentes actualmente.<br \/>Una obra de fascinante originalidad y repleta de inesperadas reflexiones, La condici\u00f3n humana es, en muchos aspectos, m\u00e1s relevante hoy que en el momento de su primera edici\u00f3n.<\/p>\n","protected":false},"excerpt":{"rendered":"<p>ARENDT, HANNAH<\/p>\n","protected":false},"featured_media":448791,"template":"","meta":{"_acf_changed":false,"om_disable_all_campaigns":false,"rs_blank_template":"","rs_page_bg_color":"","slide_template_v7":"","inline_featured_image":false,"_monsterinsights_skip_tracking":false,"_monsterinsights_sitenote_active":false,"_monsterinsights_sitenote_note":"","_monsterinsights_sitenote_category":0},"product_brand":[],"product_cat":[373,166],"product_tag":[],"class_list":{"0":"post-448790","1":"product","2":"type-product","3":"status-publish","4":"has-post-thumbnail","6":"product_cat-autores","7":"product_cat-autors-filosofia","9":"first","10":"instock","11":"taxable","12":"shipping-taxable","13":"purchasable","14":"product-type-simple"},"acf":{"autor":"ARENDT, HANNAH","codart":"844934107","libros-coleccion":"B\u00e1sica","ediciones":"1","encuadernacion":"R\u00fastica","fecha_de_publicacion":"01\/06\/2023","novedad":"1","paginas":"361","subtitulo":"","orden":"0","portada":"0","idioma":"spa","editorial":[{"ID":6206,"post_author":"3","post_date":"2022-07-28 17:47:08","post_date_gmt":"2022-07-28 15:47:08","post_content":"","post_title":"Ediciones Paid\u00f3s","post_excerpt":"","post_status":"publish","comment_status":"closed","ping_status":"closed","post_password":"","post_name":"ediciones-paidos","to_ping":"","pinged":"","post_modified":"2022-07-28 17:47:08","post_modified_gmt":"2022-07-28 15:47:08","post_content_filtered":"","post_parent":0,"guid":"http:\/\/dev.claret.cat\/editorial\/ediciones-paidos\/","menu_order":0,"post_type":"editorial","post_mime_type":"","comment_count":"0","filter":"raw"}],"autores-libros":[{"ID":157338,"post_author":"3","post_date":"2022-10-14 15:28:02","post_date_gmt":"2022-10-14 13:28:02","post_content":"","post_title":"HANNAH ARENDT","post_excerpt":"","post_status":"publish","comment_status":"closed","ping_status":"closed","post_password":"","post_name":"hannah-arendt","to_ping":"","pinged":"","post_modified":"2022-10-14 15:28:02","post_modified_gmt":"2022-10-14 13:28:02","post_content_filtered":"","post_parent":0,"guid":"http:\/\/dev.claret.cat\/autor\/hannah-arendt\/","menu_order":0,"post_type":"autor","post_mime_type":"","comment_count":"0","filter":"raw"}]},"aioseo_notices":[],"_links":{"self":[{"href":"https:\/\/www.claret.cat\/es\/wp-json\/wp\/v2\/product\/448790","targetHints":{"allow":["GET"]}}],"collection":[{"href":"https:\/\/www.claret.cat\/es\/wp-json\/wp\/v2\/product"}],"about":[{"href":"https:\/\/www.claret.cat\/es\/wp-json\/wp\/v2\/types\/product"}],"wp:featuredmedia":[{"embeddable":true,"href":"https:\/\/www.claret.cat\/es\/wp-json\/wp\/v2\/media\/448791"}],"wp:attachment":[{"href":"https:\/\/www.claret.cat\/es\/wp-json\/wp\/v2\/media?parent=448790"}],"wp:term":[{"taxonomy":"product_brand","embeddable":true,"href":"https:\/\/www.claret.cat\/es\/wp-json\/wp\/v2\/product_brand?post=448790"},{"taxonomy":"product_cat","embeddable":true,"href":"https:\/\/www.claret.cat\/es\/wp-json\/wp\/v2\/product_cat?post=448790"},{"taxonomy":"product_tag","embeddable":true,"href":"https:\/\/www.claret.cat\/es\/wp-json\/wp\/v2\/product_tag?post=448790"}],"curies":[{"name":"wp","href":"https:\/\/api.w.org\/{rel}","templated":true}]}}