{"id":448796,"date":"2023-06-27T16:45:14","date_gmt":"2023-06-27T14:45:14","guid":{"rendered":"https:\/\/www.claret.cat\/llibre\/la-caida-de-numenor-9788445015056\/"},"modified":"2023-10-11T01:32:46","modified_gmt":"2023-10-10T23:32:46","slug":"la-caida-de-numenor-9788445015056","status":"publish","type":"product","link":"https:\/\/www.claret.cat\/es\/libro\/la-caida-de-numenor-9788445015056\/","title":{"rendered":"LA CA\u00cdDA DE N\u00daMENOR"},"content":{"rendered":"<p>Una nueva cr\u00f3nica de la Segunda Edad de la Tierra Media.J.R.R. Tolkien describi\u00f3 la Segunda Edad de la Tierra Media como una \u2018oscura edad, y no se cuenta (o no es necesario) demasiado de su historia\u2019. Y a lo largo de muchos a\u00f1os, los lectores deber\u00edan contentarse con los tentadores atisbos que se encuentran en las p\u00e1ginas de El Se\u00f1or de los Anillos y sus ap\u00e9ndices, incluida la forja de los Anillos de Poder, la construcci\u00f3n de Barad-d\u00fbr y el surgimiento de Sauron.<br \/>No fue hasta que Christopher Tolkien public\u00f3 El Silmarillion despu\u00e9s del fallecimiento de su padre que se pudo contar una historia m\u00e1s completa. Aunque gran parte del contenido de la obra se refer\u00eda a la Primera Edad de la Tierra Media, al final hab\u00eda dos obras clave que revelaban los tumultuosos hechos relacionados con el auge y la ca\u00edda de la isla de N\u00famenor.<br \/>Surgido del Gran Mar y regalado a los Hombres de la Tierra Media como recompensa por ayudar a los angelicales Valar y los Elfos en la derrota y captura del Se\u00f1or Oscuro Morgoth, el reino se convirti\u00f3 en un centro de riqueza e influencia; pero a medida que crec\u00eda el poder de los N\u00famen\u00f3reanos, inevitablemente se sembrar\u00eda la semilla de su descenso, que culminar\u00eda en la \u00daltima Alianza de Elfos y Hombres.<br \/>Se revelar\u00eda una visi\u00f3n todav\u00eda mayor de la Segunda Edad en publicaciones posteriores, primero en Cuentos inconclusos de N\u00famenor y la Tierra Media, luego ampliados en el magistral libro de doce vol\u00famenes de Christopher Tolkien La Historia de la Tierra Media, en el que discuti\u00f3 y present\u00f3 una gran cantidad de m\u00e1s cuentos escritos por su padre, muchos en forma de borrador.<br \/>Ahora, adhiri\u00e9ndose a la cronolog\u00eda de \u2018La historia de los a\u00f1os\u2019 en los ap\u00e9ndices de El Se\u00f1or de los Anillos, el editor Brian Sibley ha reunido en un volumen completo una nueva cr\u00f3nica de la Segunda Edad de la Tierra Media, contada sustancialmente en las palabras de Tolkien de los diferentes textos publicados, con nuevas ilustraciones en acuarela y l\u00e1piz del decano del arte de Tolkien, Alan Lee.<\/p>\n","protected":false},"excerpt":{"rendered":"<p>TOLKIEN, J. R. R.<\/p>\n","protected":false},"featured_media":448797,"template":"","meta":{"_acf_changed":false,"om_disable_all_campaigns":false,"rs_blank_template":"","rs_page_bg_color":"","slide_template_v7":"","inline_featured_image":false,"_monsterinsights_skip_tracking":false,"_monsterinsights_sitenote_active":false,"_monsterinsights_sitenote_note":"","_monsterinsights_sitenote_category":0},"product_brand":[],"product_cat":[127,357],"product_tag":[],"class_list":{"0":"post-448796","1":"product","2":"type-product","3":"status-publish","4":"has-post-thumbnail","6":"product_cat-novella-contemporania","7":"product_cat-novela-contemporanea","9":"first","10":"instock","11":"taxable","12":"shipping-taxable","13":"purchasable","14":"product-type-simple"},"acf":{"autor":"TOLKIEN, J. R. R.","codart":"844501505","libros-coleccion":"BIBLIOTECA J. R. R. TOLKIEN","ediciones":"1","encuadernacion":"Carton\u00e9","fecha_de_publicacion":"01\/06\/2023","novedad":"1","paginas":"377","subtitulo":"","orden":"0","portada":"0","idioma":"spa","editorial":[{"ID":6308,"post_author":"3","post_date":"2022-07-28 17:49:24","post_date_gmt":"2022-07-28 15:49:24","post_content":"","post_title":"Minotauro","post_excerpt":"","post_status":"publish","comment_status":"closed","ping_status":"closed","post_password":"","post_name":"minotauro","to_ping":"","pinged":"","post_modified":"2022-07-28 17:49:24","post_modified_gmt":"2022-07-28 15:49:24","post_content_filtered":"","post_parent":0,"guid":"http:\/\/dev.claret.cat\/editorial\/minotauro\/","menu_order":0,"post_type":"editorial","post_mime_type":"","comment_count":"0","filter":"raw"}],"autores-libros":[{"ID":5558,"post_author":"3","post_date":"2022-07-28 17:26:34","post_date_gmt":"2022-07-28 15:26:34","post_content":"","post_title":"J. R. R. TOLKIEN","post_excerpt":"","post_status":"publish","comment_status":"closed","ping_status":"closed","post_password":"","post_name":"j-r-r-tolkien","to_ping":"","pinged":"","post_modified":"2022-07-28 17:26:34","post_modified_gmt":"2022-07-28 15:26:34","post_content_filtered":"","post_parent":0,"guid":"http:\/\/dev.claret.cat\/autor\/j-r-r-tolkien\/","menu_order":0,"post_type":"autor","post_mime_type":"","comment_count":"0","filter":"raw"}]},"aioseo_notices":[],"_links":{"self":[{"href":"https:\/\/www.claret.cat\/es\/wp-json\/wp\/v2\/product\/448796","targetHints":{"allow":["GET"]}}],"collection":[{"href":"https:\/\/www.claret.cat\/es\/wp-json\/wp\/v2\/product"}],"about":[{"href":"https:\/\/www.claret.cat\/es\/wp-json\/wp\/v2\/types\/product"}],"wp:featuredmedia":[{"embeddable":true,"href":"https:\/\/www.claret.cat\/es\/wp-json\/wp\/v2\/media\/448797"}],"wp:attachment":[{"href":"https:\/\/www.claret.cat\/es\/wp-json\/wp\/v2\/media?parent=448796"}],"wp:term":[{"taxonomy":"product_brand","embeddable":true,"href":"https:\/\/www.claret.cat\/es\/wp-json\/wp\/v2\/product_brand?post=448796"},{"taxonomy":"product_cat","embeddable":true,"href":"https:\/\/www.claret.cat\/es\/wp-json\/wp\/v2\/product_cat?post=448796"},{"taxonomy":"product_tag","embeddable":true,"href":"https:\/\/www.claret.cat\/es\/wp-json\/wp\/v2\/product_tag?post=448796"}],"curies":[{"name":"wp","href":"https:\/\/api.w.org\/{rel}","templated":true}]}}