{"id":448817,"date":"2023-06-28T11:00:35","date_gmt":"2023-06-28T09:00:35","guid":{"rendered":"https:\/\/www.claret.cat\/llibre\/bowie-9788417744793\/"},"modified":"2023-10-11T02:13:47","modified_gmt":"2023-10-11T00:13:47","slug":"bowie-pequena-biografia-ilustrada-9788417744793","status":"publish","type":"product","link":"https:\/\/www.claret.cat\/es\/libro\/bowie-pequena-biografia-ilustrada-9788417744793\/","title":{"rendered":"BOWIE. PEQUE\u00d1A BIOGRAF\u00cdA ILUSTRADA"},"content":{"rendered":"<p>El 8 de enero de 2016, David Robert Jones cumpli\u00f3 69 a\u00f1os y public\u00f3 Blackstar, su sorpresivo regalo de despedida. Dos d\u00edas m\u00e1s tarde su coraz\u00f3n dej\u00f3 de palpitar y se transform\u00f3 definitivamente en una leyenda.<br \/>Nuestro minilibro David Bowie es un homenaje a uno de los m\u00fasicos m\u00e1s osados y vers\u00e1tiles del rock y el pop, alguien que se atrevi\u00f3 a transformar su vida en una obra de arte hasta el \u00faltimo de sus suspiros. Un recorrido por toda su m\u00fasica, comentando cada uno de sus \u00e1lbumes, su comienzo, sus transformaciones, el per\u00edodo experimental alem\u00e1n y el salto al mundo del pop en los 80.<br \/>Sin dejar de lado su gran influencia en la moda y el gran sello que ha dejado en el \u00e1mbito art\u00edstico.<br \/>Con ilustraciones originales.<\/p>\n<p>Detalles del minilibro David Bowie:<br \/>152 p\u00e1ginas<br \/>9 cm x 9 cm<br \/>Tapa bland<\/p>\n","protected":false},"excerpt":{"rendered":"<p>DIAZ, INES<\/p>\n","protected":false},"featured_media":448818,"template":"","meta":{"_acf_changed":false,"om_disable_all_campaigns":false,"rs_blank_template":"","rs_page_bg_color":"","slide_template_v7":"","inline_featured_image":false,"_monsterinsights_skip_tracking":false,"_monsterinsights_sitenote_active":false,"_monsterinsights_sitenote_note":"","_monsterinsights_sitenote_category":0},"product_brand":[],"product_cat":[105,555],"product_tag":[],"class_list":{"0":"post-448817","1":"product","2":"type-product","3":"status-publish","4":"has-post-thumbnail","6":"product_cat-regal","7":"product_cat-regalo","9":"first","10":"instock","11":"taxable","12":"shipping-taxable","13":"purchasable","14":"product-type-simple"},"acf":{"autor":"DIAZ, INES","codart":"841774479","libros-coleccion":"","ediciones":"1","encuadernacion":"R\u00fastica","fecha_de_publicacion":"01\/12\/2019","novedad":"1","paginas":"152","subtitulo":"","orden":"0","portada":"0","idioma":"spa","editorial":[{"ID":147579,"post_author":"3","post_date":"2022-10-14 11:51:39","post_date_gmt":"2022-10-14 09:51:39","post_content":"","post_title":"Caballo Regalado","post_excerpt":"","post_status":"publish","comment_status":"closed","ping_status":"closed","post_password":"","post_name":"caballo-regalado","to_ping":"","pinged":"","post_modified":"2022-10-14 11:51:39","post_modified_gmt":"2022-10-14 09:51:39","post_content_filtered":"","post_parent":0,"guid":"http:\/\/dev.claret.cat\/editorial\/caballo-regalado\/","menu_order":0,"post_type":"editorial","post_mime_type":"","comment_count":"0","filter":"raw"}],"autores-libros":[{"ID":448816,"post_author":"3","post_date":"2023-06-28 11:00:30","post_date_gmt":"2023-06-28 09:00:30","post_content":"","post_title":"INES DIAZ","post_excerpt":"","post_status":"publish","comment_status":"closed","ping_status":"closed","post_password":"","post_name":"ines-diaz","to_ping":"","pinged":"","post_modified":"2023-06-28 11:00:30","post_modified_gmt":"2023-06-28 09:00:30","post_content_filtered":"","post_parent":0,"guid":"https:\/\/www.claret.cat\/autor\/ines-diaz\/","menu_order":0,"post_type":"autor","post_mime_type":"","comment_count":"0","filter":"raw"}]},"aioseo_notices":[],"_links":{"self":[{"href":"https:\/\/www.claret.cat\/es\/wp-json\/wp\/v2\/product\/448817","targetHints":{"allow":["GET"]}}],"collection":[{"href":"https:\/\/www.claret.cat\/es\/wp-json\/wp\/v2\/product"}],"about":[{"href":"https:\/\/www.claret.cat\/es\/wp-json\/wp\/v2\/types\/product"}],"wp:featuredmedia":[{"embeddable":true,"href":"https:\/\/www.claret.cat\/es\/wp-json\/wp\/v2\/media\/448818"}],"wp:attachment":[{"href":"https:\/\/www.claret.cat\/es\/wp-json\/wp\/v2\/media?parent=448817"}],"wp:term":[{"taxonomy":"product_brand","embeddable":true,"href":"https:\/\/www.claret.cat\/es\/wp-json\/wp\/v2\/product_brand?post=448817"},{"taxonomy":"product_cat","embeddable":true,"href":"https:\/\/www.claret.cat\/es\/wp-json\/wp\/v2\/product_cat?post=448817"},{"taxonomy":"product_tag","embeddable":true,"href":"https:\/\/www.claret.cat\/es\/wp-json\/wp\/v2\/product_tag?post=448817"}],"curies":[{"name":"wp","href":"https:\/\/api.w.org\/{rel}","templated":true}]}}