{"id":448927,"date":"2023-06-28T16:20:08","date_gmt":"2023-06-28T14:20:08","guid":{"rendered":"https:\/\/www.claret.cat\/llibre\/eureka-inventos-e-inventores-tapa-dura-9788412630688\/"},"modified":"2023-10-11T02:13:23","modified_gmt":"2023-10-11T00:13:23","slug":"eureka-inventos-e-inventores-tapa-dura-9788412630688","status":"publish","type":"product","link":"https:\/\/www.claret.cat\/es\/libro\/eureka-inventos-e-inventores-tapa-dura-9788412630688\/","title":{"rendered":"\u00a1EUREKA! INVENTOS E INVENTORES &#8211; TAPA DURA"},"content":{"rendered":"<p>No es una exclamaci\u00f3n cualquiera. Arqu\u00edmedes quiso decir \u201c\u00a1lo he descubierto!\u201d (claro que \u00e9l lo dijo en griego).<br \/>Y as\u00ed se sucedieron las sorpresas en la humanidad gracias a personas como Nikola Tesla, Cop\u00e9rnico o Leonardo da Vinci.<br \/>Si quieres conocer sus legados y sus extravagancias, te invitamos a que leas parte de la historia de los inventos y su cronolog\u00eda \u00e9poca por \u00e9poca hasta llegar a nuestros d\u00edas.<br \/>Y quiz\u00e1s, inspirado, puedas continuar creando y sorprendiendo a la humanidad.<\/p>\n<p>300 p\u00e1ginas<br \/>6 cm x 5 cm<\/p>\n","protected":false},"excerpt":{"rendered":"<p>DICHI, DAMI\u00c1N<\/p>\n","protected":false},"featured_media":448928,"template":"","meta":{"_acf_changed":false,"om_disable_all_campaigns":false,"rs_blank_template":"","rs_page_bg_color":"","slide_template_v7":"","inline_featured_image":false,"_monsterinsights_skip_tracking":false,"_monsterinsights_sitenote_active":false,"_monsterinsights_sitenote_note":"","_monsterinsights_sitenote_category":0},"product_brand":[],"product_cat":[105,555],"product_tag":[],"class_list":{"0":"post-448927","1":"product","2":"type-product","3":"status-publish","4":"has-post-thumbnail","6":"product_cat-regal","7":"product_cat-regalo","9":"first","10":"instock","11":"taxable","12":"shipping-taxable","13":"purchasable","14":"product-type-simple"},"acf":{"autor":"DICHI, DAMI\u00c1N","codart":"841263068","libros-coleccion":"","ediciones":"1","encuadernacion":"Carton\u00e9","fecha_de_publicacion":"01\/02\/2023","novedad":"1","paginas":"300","subtitulo":"INVENTOS E INVENTORES","orden":"0","portada":"0","idioma":"spa","editorial":[{"ID":147579,"post_author":"3","post_date":"2022-10-14 11:51:39","post_date_gmt":"2022-10-14 09:51:39","post_content":"","post_title":"Caballo Regalado","post_excerpt":"","post_status":"publish","comment_status":"closed","ping_status":"closed","post_password":"","post_name":"caballo-regalado","to_ping":"","pinged":"","post_modified":"2022-10-14 11:51:39","post_modified_gmt":"2022-10-14 09:51:39","post_content_filtered":"","post_parent":0,"guid":"http:\/\/dev.claret.cat\/editorial\/caballo-regalado\/","menu_order":0,"post_type":"editorial","post_mime_type":"","comment_count":"0","filter":"raw"}],"autores-libros":[{"ID":448926,"post_author":"3","post_date":"2023-06-28 16:20:03","post_date_gmt":"2023-06-28 14:20:03","post_content":"","post_title":"DAMI\u00c1N DICHI","post_excerpt":"","post_status":"publish","comment_status":"closed","ping_status":"closed","post_password":"","post_name":"damian-dichi","to_ping":"","pinged":"","post_modified":"2023-06-28 16:20:03","post_modified_gmt":"2023-06-28 14:20:03","post_content_filtered":"","post_parent":0,"guid":"https:\/\/www.claret.cat\/autor\/damian-dichi\/","menu_order":0,"post_type":"autor","post_mime_type":"","comment_count":"0","filter":"raw"}]},"aioseo_notices":[],"_links":{"self":[{"href":"https:\/\/www.claret.cat\/es\/wp-json\/wp\/v2\/product\/448927","targetHints":{"allow":["GET"]}}],"collection":[{"href":"https:\/\/www.claret.cat\/es\/wp-json\/wp\/v2\/product"}],"about":[{"href":"https:\/\/www.claret.cat\/es\/wp-json\/wp\/v2\/types\/product"}],"wp:featuredmedia":[{"embeddable":true,"href":"https:\/\/www.claret.cat\/es\/wp-json\/wp\/v2\/media\/448928"}],"wp:attachment":[{"href":"https:\/\/www.claret.cat\/es\/wp-json\/wp\/v2\/media?parent=448927"}],"wp:term":[{"taxonomy":"product_brand","embeddable":true,"href":"https:\/\/www.claret.cat\/es\/wp-json\/wp\/v2\/product_brand?post=448927"},{"taxonomy":"product_cat","embeddable":true,"href":"https:\/\/www.claret.cat\/es\/wp-json\/wp\/v2\/product_cat?post=448927"},{"taxonomy":"product_tag","embeddable":true,"href":"https:\/\/www.claret.cat\/es\/wp-json\/wp\/v2\/product_tag?post=448927"}],"curies":[{"name":"wp","href":"https:\/\/api.w.org\/{rel}","templated":true}]}}