{"id":448949,"date":"2023-06-28T17:05:23","date_gmt":"2023-06-28T15:05:23","guid":{"rendered":"https:\/\/www.claret.cat\/llibre\/tao-te-king-tapa-dura-9788412529586\/"},"modified":"2023-10-11T01:31:30","modified_gmt":"2023-10-10T23:31:30","slug":"tao-te-king-tapa-dura-9788412529586","status":"publish","type":"product","link":"https:\/\/www.claret.cat\/es\/libro\/tao-te-king-tapa-dura-9788412529586\/","title":{"rendered":"TAO TE KING &#8211; TAPA DURA"},"content":{"rendered":"<p>El minilibro Tao Te King es uno de los textos m\u00e1s queridos de nuestro cat\u00e1logo.<br \/>Lao Tse escribi\u00f3 su legado cinco siglos antes de Cristo, y al d\u00eda de hoy se sigue editando en todo el mundo. Un libro complejo y profundo que se ha convertido con los a\u00f1os en la obra m\u00e1s traducida del chino. A trav\u00e9s de sus aparentes enigmas y paradojas se esconden ense\u00f1anzas atemporales e insondables. Por su complejidad, debe leerse una y otra vez.<br \/>El Tao no tiene un significado concreto, es un espacio vac\u00edo donde todo se manifiesta. No se conoce su origen, no es temporal ni limitado. Es el orden natural, la fuente primaria c\u00f3smica de la que emana todo lo que existe.<br \/>Un texto inagotable, po\u00e9tico y trascendente.<br \/>Convertido en miniatura, se transforma en el mejor libro de bolsillo.<\/p>\n<p>Detalles del minilibro Tao Te King<br \/>300 p\u00e1ginas<br \/>6 cm x 5 cm<\/p>\n","protected":false},"excerpt":{"rendered":"<p>A.A.V.V.<\/p>\n","protected":false},"featured_media":448950,"template":"","meta":{"_acf_changed":false,"om_disable_all_campaigns":false,"rs_blank_template":"","rs_page_bg_color":"","slide_template_v7":"","inline_featured_image":false,"_monsterinsights_skip_tracking":false,"_monsterinsights_sitenote_active":false,"_monsterinsights_sitenote_note":"","_monsterinsights_sitenote_category":0},"product_brand":[],"product_cat":[105,555],"product_tag":[],"class_list":{"0":"post-448949","1":"product","2":"type-product","3":"status-publish","4":"has-post-thumbnail","6":"product_cat-regal","7":"product_cat-regalo","9":"first","10":"instock","11":"taxable","12":"shipping-taxable","13":"purchasable","14":"product-type-simple"},"acf":{"autor":"A.A.V.V.","codart":"841252958","libros-coleccion":"","ediciones":"1","encuadernacion":"Carton\u00e9","fecha_de_publicacion":"01\/06\/2023","novedad":"1","paginas":"300","subtitulo":"","orden":"0","portada":"0","idioma":"spa","editorial":[{"ID":147579,"post_author":"3","post_date":"2022-10-14 11:51:39","post_date_gmt":"2022-10-14 09:51:39","post_content":"","post_title":"Caballo Regalado","post_excerpt":"","post_status":"publish","comment_status":"closed","ping_status":"closed","post_password":"","post_name":"caballo-regalado","to_ping":"","pinged":"","post_modified":"2022-10-14 11:51:39","post_modified_gmt":"2022-10-14 09:51:39","post_content_filtered":"","post_parent":0,"guid":"http:\/\/dev.claret.cat\/editorial\/caballo-regalado\/","menu_order":0,"post_type":"editorial","post_mime_type":"","comment_count":"0","filter":"raw"}],"autores-libros":[{"ID":5196,"post_author":"3","post_date":"2022-07-28 17:16:50","post_date_gmt":"2022-07-28 15:16:50","post_content":"","post_title":"A.A.V.V.","post_excerpt":"","post_status":"publish","comment_status":"closed","ping_status":"closed","post_password":"","post_name":"a-a-v-v","to_ping":"","pinged":"","post_modified":"2022-07-28 17:16:50","post_modified_gmt":"2022-07-28 15:16:50","post_content_filtered":"","post_parent":0,"guid":"http:\/\/dev.claret.cat\/autor\/a-a-v-v\/","menu_order":0,"post_type":"autor","post_mime_type":"","comment_count":"0","filter":"raw"}]},"aioseo_notices":[],"_links":{"self":[{"href":"https:\/\/www.claret.cat\/es\/wp-json\/wp\/v2\/product\/448949","targetHints":{"allow":["GET"]}}],"collection":[{"href":"https:\/\/www.claret.cat\/es\/wp-json\/wp\/v2\/product"}],"about":[{"href":"https:\/\/www.claret.cat\/es\/wp-json\/wp\/v2\/types\/product"}],"wp:featuredmedia":[{"embeddable":true,"href":"https:\/\/www.claret.cat\/es\/wp-json\/wp\/v2\/media\/448950"}],"wp:attachment":[{"href":"https:\/\/www.claret.cat\/es\/wp-json\/wp\/v2\/media?parent=448949"}],"wp:term":[{"taxonomy":"product_brand","embeddable":true,"href":"https:\/\/www.claret.cat\/es\/wp-json\/wp\/v2\/product_brand?post=448949"},{"taxonomy":"product_cat","embeddable":true,"href":"https:\/\/www.claret.cat\/es\/wp-json\/wp\/v2\/product_cat?post=448949"},{"taxonomy":"product_tag","embeddable":true,"href":"https:\/\/www.claret.cat\/es\/wp-json\/wp\/v2\/product_tag?post=448949"}],"curies":[{"name":"wp","href":"https:\/\/api.w.org\/{rel}","templated":true}]}}