{"id":448985,"date":"2023-06-28T17:55:28","date_gmt":"2023-06-28T15:55:28","guid":{"rendered":"https:\/\/www.claret.cat\/llibre\/numeracio-i-calcul-2-capicua-9788421832677\/"},"modified":"2023-10-11T02:12:55","modified_gmt":"2023-10-11T00:12:55","slug":"numeracio-i-calcul-2-capicua-9788421832677","status":"publish","type":"product","link":"https:\/\/www.claret.cat\/es\/libro\/numeracio-i-calcul-2-capicua-9788421832677\/","title":{"rendered":"NUMERACI\u00d3 I C\u00c0LCUL 2. CAPICUA"},"content":{"rendered":"<p>Quaderns de matem\u00e0tiques per Educaci\u00f3 Infantil. Per desenvolupar el pensament matem\u00e0tic dels alumnes i les compet\u00e8ncies b\u00e0siques. Treballen les capacitats: identificar, relacionar i operar. S\u00f3n quaderns per a treballar despr\u00e9s de l&#8217;observaci\u00f3 de l&#8217;entorn i de la manipulaci\u00f3. Als cinc quaderns de numeraci\u00f3 i c\u00e0lcul es treballen conceptes com els quantificadors b\u00e0sics: molts i pocs, tots i cap, alguns; quantitats elementals; agrupacions segons criteris quantitatius; operacions aritm\u00e8tiques; classificacions, ordenacions, aparellaments i seriacions.<\/p>\n","protected":false},"excerpt":{"rendered":"<p>ALSINA PASTELLS, \u00c0NGEL<\/p>\n","protected":false},"featured_media":448986,"template":"","meta":{"_acf_changed":false,"om_disable_all_campaigns":false,"rs_blank_template":"","rs_page_bg_color":"","slide_template_v7":"","inline_featured_image":false,"_monsterinsights_skip_tracking":false,"_monsterinsights_sitenote_active":false,"_monsterinsights_sitenote_note":"","_monsterinsights_sitenote_category":0},"product_brand":[],"product_cat":[333,122],"product_tag":[],"class_list":{"0":"post-448985","1":"product","2":"type-product","3":"status-publish","4":"has-post-thumbnail","6":"product_cat-cuadernos-de-vacaciones","7":"product_cat-quaderns-de-vacances","9":"first","10":"instock","11":"taxable","12":"shipping-taxable","13":"purchasable","14":"product-type-simple"},"acf":{"autor":"ALSINA PASTELLS, \u00c0NGEL","codart":"842183267","libros-coleccion":"Capic\u00faa","ediciones":"1","encuadernacion":"R\u00fastica","fecha_de_publicacion":"01\/03\/2005","novedad":"1","paginas":"0","subtitulo":"","orden":"0","portada":"0","idioma":"cat","editorial":[{"ID":147941,"post_author":"3","post_date":"2022-10-14 11:54:24","post_date_gmt":"2022-10-14 09:54:24","post_content":"","post_title":"Editorial Casals","post_excerpt":"","post_status":"publish","comment_status":"closed","ping_status":"closed","post_password":"","post_name":"editorial-casals","to_ping":"","pinged":"","post_modified":"2022-10-14 11:54:24","post_modified_gmt":"2022-10-14 09:54:24","post_content_filtered":"","post_parent":0,"guid":"http:\/\/dev.claret.cat\/editorial\/editorial-casals\/","menu_order":0,"post_type":"editorial","post_mime_type":"","comment_count":"0","filter":"raw"}],"autores-libros":[{"ID":150362,"post_author":"3","post_date":"2022-10-14 14:32:20","post_date_gmt":"2022-10-14 12:32:20","post_content":"","post_title":"\u00c0NGEL ALSINA PASTELLS","post_excerpt":"","post_status":"publish","comment_status":"closed","ping_status":"closed","post_password":"","post_name":"angel-alsina-pastells","to_ping":"","pinged":"","post_modified":"2022-10-14 14:32:20","post_modified_gmt":"2022-10-14 12:32:20","post_content_filtered":"","post_parent":0,"guid":"http:\/\/dev.claret.cat\/autor\/angel-alsina-pastells\/","menu_order":0,"post_type":"autor","post_mime_type":"","comment_count":"0","filter":"raw"}]},"aioseo_notices":[],"_links":{"self":[{"href":"https:\/\/www.claret.cat\/es\/wp-json\/wp\/v2\/product\/448985","targetHints":{"allow":["GET"]}}],"collection":[{"href":"https:\/\/www.claret.cat\/es\/wp-json\/wp\/v2\/product"}],"about":[{"href":"https:\/\/www.claret.cat\/es\/wp-json\/wp\/v2\/types\/product"}],"wp:featuredmedia":[{"embeddable":true,"href":"https:\/\/www.claret.cat\/es\/wp-json\/wp\/v2\/media\/448986"}],"wp:attachment":[{"href":"https:\/\/www.claret.cat\/es\/wp-json\/wp\/v2\/media?parent=448985"}],"wp:term":[{"taxonomy":"product_brand","embeddable":true,"href":"https:\/\/www.claret.cat\/es\/wp-json\/wp\/v2\/product_brand?post=448985"},{"taxonomy":"product_cat","embeddable":true,"href":"https:\/\/www.claret.cat\/es\/wp-json\/wp\/v2\/product_cat?post=448985"},{"taxonomy":"product_tag","embeddable":true,"href":"https:\/\/www.claret.cat\/es\/wp-json\/wp\/v2\/product_tag?post=448985"}],"curies":[{"name":"wp","href":"https:\/\/api.w.org\/{rel}","templated":true}]}}