{"id":449003,"date":"2023-06-28T19:35:23","date_gmt":"2023-06-28T17:35:23","guid":{"rendered":"https:\/\/www.claret.cat\/llibre\/transfondo-estacional-de-la-organizacion-del-ano-liturgico-9788491655718\/"},"modified":"2024-05-23T02:36:20","modified_gmt":"2024-05-23T00:36:20","slug":"transfondo-estacional-de-la-organizacion-del-ano-liturgico-9788491655718","status":"publish","type":"product","link":"https:\/\/www.claret.cat\/es\/libro\/transfondo-estacional-de-la-organizacion-del-ano-liturgico-9788491655718\/","title":{"rendered":"TRANSFONDO ESTACIONAL DE LA ORGANIZACI\u00d3N DEL A\u00d1O LIT\u00daRGICO"},"content":{"rendered":"","protected":false},"excerpt":{"rendered":"<p>FONT PLANA, JORDI<\/p>\n","protected":false},"featured_media":0,"template":"","meta":{"_acf_changed":false,"om_disable_all_campaigns":false,"rs_blank_template":"","rs_page_bg_color":"","slide_template_v7":"","inline_featured_image":false,"_monsterinsights_skip_tracking":false,"_monsterinsights_sitenote_active":false,"_monsterinsights_sitenote_note":"","_monsterinsights_sitenote_category":0},"product_brand":[],"product_cat":[502,257],"product_tag":[],"class_list":{"0":"post-449003","1":"product","2":"type-product","3":"status-publish","5":"product_cat-obras-generales-liturgia-1_espiritualidad","6":"product_cat-obres-generals-liturgia-1_espiritualitat","8":"first","9":"instock","10":"taxable","11":"shipping-taxable","12":"purchasable","13":"product-type-simple"},"acf":{"autor":"FONT PLANA, JORDI","codart":"849165571","libros-coleccion":"Cuadernos PHASE","ediciones":"1","encuadernacion":"R\u00fastica","fecha_de_publicacion":"28\/06\/2023","novedad":"1","paginas":"67","subtitulo":"","orden":"0","portada":"0","idioma":"spa","editorial":[{"ID":6172,"post_author":"3","post_date":"2022-07-28 17:46:27","post_date_gmt":"2022-07-28 15:46:27","post_content":"","post_title":"CPL","post_excerpt":"","post_status":"publish","comment_status":"closed","ping_status":"closed","post_password":"","post_name":"cpl","to_ping":"","pinged":"","post_modified":"2022-07-28 17:46:27","post_modified_gmt":"2022-07-28 15:46:27","post_content_filtered":"","post_parent":0,"guid":"http:\/\/dev.claret.cat\/editorial\/cpl\/","menu_order":0,"post_type":"editorial","post_mime_type":"","comment_count":"0","filter":"raw"}],"autores-libros":[{"ID":263602,"post_author":"3","post_date":"2022-12-01 11:18:58","post_date_gmt":"2022-12-01 10:18:58","post_content":"","post_title":"JORDI FONT PLANA","post_excerpt":"","post_status":"publish","comment_status":"closed","ping_status":"closed","post_password":"","post_name":"jordi-font-plana","to_ping":"","pinged":"","post_modified":"2022-12-01 11:18:58","post_modified_gmt":"2022-12-01 10:18:58","post_content_filtered":"","post_parent":0,"guid":"http:\/\/dev.claret.cat\/autor\/jordi-font-plana\/","menu_order":0,"post_type":"autor","post_mime_type":"","comment_count":"0","filter":"raw"}]},"aioseo_notices":[],"_links":{"self":[{"href":"https:\/\/www.claret.cat\/es\/wp-json\/wp\/v2\/product\/449003","targetHints":{"allow":["GET"]}}],"collection":[{"href":"https:\/\/www.claret.cat\/es\/wp-json\/wp\/v2\/product"}],"about":[{"href":"https:\/\/www.claret.cat\/es\/wp-json\/wp\/v2\/types\/product"}],"wp:attachment":[{"href":"https:\/\/www.claret.cat\/es\/wp-json\/wp\/v2\/media?parent=449003"}],"wp:term":[{"taxonomy":"product_brand","embeddable":true,"href":"https:\/\/www.claret.cat\/es\/wp-json\/wp\/v2\/product_brand?post=449003"},{"taxonomy":"product_cat","embeddable":true,"href":"https:\/\/www.claret.cat\/es\/wp-json\/wp\/v2\/product_cat?post=449003"},{"taxonomy":"product_tag","embeddable":true,"href":"https:\/\/www.claret.cat\/es\/wp-json\/wp\/v2\/product_tag?post=449003"}],"curies":[{"name":"wp","href":"https:\/\/api.w.org\/{rel}","templated":true}]}}