{"id":449057,"date":"2023-06-29T13:55:09","date_gmt":"2023-06-29T11:55:09","guid":{"rendered":"https:\/\/www.claret.cat\/llibre\/el-homenaje-de-nuestro-amor-una-cumplida-reparacion-9788419307866\/"},"modified":"2024-05-02T15:55:59","modified_gmt":"2024-05-02T13:55:59","slug":"el-homenaje-de-nuestro-amor-una-cumplida-reparacion-9788419307866","status":"publish","type":"product","link":"https:\/\/www.claret.cat\/es\/libro\/el-homenaje-de-nuestro-amor-una-cumplida-reparacion-9788419307866\/","title":{"rendered":"EL HOMENAJE DE NUESTRO AMOR: UNA CUMPLIDA REPARACI\u00d3N"},"content":{"rendered":"<p>El tema de la victimaci\u00f3n pertenece a la vida cristiana como tal. Es verdad que el imaginario colectivo nos presenta una fotograf\u00eda de la misma poco menos que de masoquismo. La realidad cristiana es otra. El bautismo nos inserta en la muerte y resurrecci\u00f3n de Cristo y, a partir de ah\u00ed, en grados y progresiones distintas, hasta el martirio, la victimaci\u00f3n forma parte de la vida cristiana.<br \/>La asunci\u00f3n del dolor y del sufrimiento es una forma de victimaci\u00f3n que se entiende desde la inserci\u00f3n bautismal en Cristo muerto, v\u00edctima por nuestros pecados.<br \/>La problem\u00e1tica que se recoge en el presente libro est\u00e1 siempre ah\u00ed y los criterios utilizados siguen siendo v\u00e1lidos y, por lo tanto, puede hacer bien en el campo de la reflexi\u00f3n teol\u00f3gica espiritual y acompa\u00f1amiento de las personas.<br \/>El autor ha tomado como t\u00edtulo principal del libro unas palabras de una oraci\u00f3n de la Misa del Sagrado Coraz\u00f3n: al fin y al cabo toda verdadera victimaci\u00f3n, en el sentido amplio en que se la considera aqu\u00ed, es una expresi\u00f3n de amor a Jesucristo para reparaci\u00f3n de los propios pecados y de los de todos los hombres.<\/p>\n","protected":false},"excerpt":{"rendered":"<p>CERRO CHAVES, FRANCISCO<\/p>\n","protected":false},"featured_media":449058,"template":"","meta":{"_acf_changed":false,"om_disable_all_campaigns":false,"rs_blank_template":"","rs_page_bg_color":"","slide_template_v7":"","inline_featured_image":false,"_monsterinsights_skip_tracking":false,"_monsterinsights_sitenote_active":false,"_monsterinsights_sitenote_note":"","_monsterinsights_sitenote_category":0},"product_brand":[],"product_cat":[485,232,495,245],"product_tag":[],"class_list":{"0":"post-449057","1":"product","2":"type-product","3":"status-publish","4":"has-post-thumbnail","6":"product_cat-autores-espiritualidad-1_espiritualidad","7":"product_cat-autors-espiritualitat","8":"product_cat-diversa-espiritualidad-1_espiritualidad","9":"product_cat-diversa","11":"first","12":"instock","13":"taxable","14":"shipping-taxable","15":"purchasable","16":"product-type-simple"},"acf":{"autor":"CERRO CHAVES, FRANCISCO","codart":"841930786","libros-coleccion":"","ediciones":"1","encuadernacion":"R\u00fastica","fecha_de_publicacion":"29\/06\/2023","novedad":"1","paginas":"198","subtitulo":"VERDADERA Y FALSA VICTIMACI\u00d3N: APLICACI\u00d3N DEL DISCERNIMIENTO ESPIRITUAL","orden":"0","portada":"0","idioma":"spa","editorial":[{"ID":6309,"post_author":"3","post_date":"2022-07-28 17:49:25","post_date_gmt":"2022-07-28 15:49:25","post_content":"","post_title":"Monte Carmelo","post_excerpt":"","post_status":"publish","comment_status":"closed","ping_status":"closed","post_password":"","post_name":"monte-carmelo","to_ping":"","pinged":"","post_modified":"2022-07-28 17:49:25","post_modified_gmt":"2022-07-28 15:49:25","post_content_filtered":"","post_parent":0,"guid":"http:\/\/dev.claret.cat\/editorial\/monte-carmelo\/","menu_order":0,"post_type":"editorial","post_mime_type":"","comment_count":"0","filter":"raw"}],"autores-libros":[{"ID":156229,"post_author":"3","post_date":"2022-10-14 15:19:08","post_date_gmt":"2022-10-14 13:19:08","post_content":"","post_title":"FRANCISCO CERRO CHAVES","post_excerpt":"","post_status":"publish","comment_status":"closed","ping_status":"closed","post_password":"","post_name":"francisco-cerro-chaves","to_ping":"","pinged":"","post_modified":"2022-10-14 15:19:08","post_modified_gmt":"2022-10-14 13:19:08","post_content_filtered":"","post_parent":0,"guid":"http:\/\/dev.claret.cat\/autor\/francisco-cerro-chaves\/","menu_order":0,"post_type":"autor","post_mime_type":"","comment_count":"0","filter":"raw"}]},"aioseo_notices":[],"_links":{"self":[{"href":"https:\/\/www.claret.cat\/es\/wp-json\/wp\/v2\/product\/449057","targetHints":{"allow":["GET"]}}],"collection":[{"href":"https:\/\/www.claret.cat\/es\/wp-json\/wp\/v2\/product"}],"about":[{"href":"https:\/\/www.claret.cat\/es\/wp-json\/wp\/v2\/types\/product"}],"wp:featuredmedia":[{"embeddable":true,"href":"https:\/\/www.claret.cat\/es\/wp-json\/wp\/v2\/media\/449058"}],"wp:attachment":[{"href":"https:\/\/www.claret.cat\/es\/wp-json\/wp\/v2\/media?parent=449057"}],"wp:term":[{"taxonomy":"product_brand","embeddable":true,"href":"https:\/\/www.claret.cat\/es\/wp-json\/wp\/v2\/product_brand?post=449057"},{"taxonomy":"product_cat","embeddable":true,"href":"https:\/\/www.claret.cat\/es\/wp-json\/wp\/v2\/product_cat?post=449057"},{"taxonomy":"product_tag","embeddable":true,"href":"https:\/\/www.claret.cat\/es\/wp-json\/wp\/v2\/product_tag?post=449057"}],"curies":[{"name":"wp","href":"https:\/\/api.w.org\/{rel}","templated":true}]}}