{"id":449061,"date":"2023-06-29T14:00:07","date_gmt":"2023-06-29T12:00:07","guid":{"rendered":"https:\/\/www.claret.cat\/llibre\/el-gozo-de-la-libertad-herida-9788419307835\/"},"modified":"2024-05-02T15:55:38","modified_gmt":"2024-05-02T13:55:38","slug":"el-gozo-de-la-libertad-herida-9788419307835","status":"publish","type":"product","link":"https:\/\/www.claret.cat\/es\/libro\/el-gozo-de-la-libertad-herida-9788419307835\/","title":{"rendered":"EL GOZO DE LA LIBERTAD HERIDA"},"content":{"rendered":"<p>La pederastia ha sido una tragedia y un fracaso para la Iglesia. Una cat\u00e1strofe: ha ocasionado una crisis equiparable a lo que signific\u00f3 el cataclismo de la Reforma en el siglo XVI. Un fracaso: ha hecho patente las deficiencias para gestionar el pecado y la corrupci\u00f3n que anida en sus miembros (sobre todo cuando ocupan un alto rango eclesial).<br \/>Para afrontar de forma adecuada esta hecatombe y este fracaso no hay que focalizar la mirada en el acontecimiento (tan terrible) de los abusos sexuales, sino que hay que identificar y descubrir lo que hay detr\u00e1s y debajo: la l\u00f3gica del abuso y de su encubrimiento como anulaci\u00f3n de la libertad de las v\u00edctimas y del Pueblo de Dios; incluso, m\u00e1s en lo hondo, porque act\u00faa de manera solapada el mecanismo del poder: usa modos sutiles para disfrazarse, para justificarse, para manipular a los otros. Algo hay en el poder que despierta pasiones anacr\u00f3nicas, que hace aflorar el fondo m\u00e1s oscuro del misterio humano.<br \/>Frente al poder, cuando tiende a revestirse de abuso y de corrupci\u00f3n, \u00bfpuede haber otro ant\u00eddoto que la libertad? Tambi\u00e9n en la Iglesia, para no refugiarse en un escapismo idealizado. En el lejano 1970, F. Sebasti\u00e1n recordaba afirmaciones del Nuevo Testamento como donde est\u00e1 el Esp\u00edritu hay libertad, la verdad hace libres, la creaci\u00f3n entera aguarda su liberaci\u00f3n, y se sorprend\u00eda de que hubieran sido poco usadas para elaborar una concepci\u00f3n de la vida y de los valores cristianos.<br \/>Se trata, en suma, de una meditaci\u00f3n teol\u00f3gica que, brotando del coraz\u00f3n del hecho salv\u00edfico, no ignora el rumor de la calle. Y, todo ello, desde el gozo de una libertad herida tambi\u00e9n en las encrucijadas actuales de la Iglesia.<\/p>\n","protected":false},"excerpt":{"rendered":"<p>CHANA, CARLOS ; BUENO DE LA FUENTE, ELOY ; CALVO P\u00c9REZ, ROBERTO<\/p>\n","protected":false},"featured_media":449062,"template":"","meta":{"_acf_changed":false,"om_disable_all_campaigns":false,"rs_blank_template":"","rs_page_bg_color":"","slide_template_v7":"","inline_featured_image":false,"_monsterinsights_skip_tracking":false,"_monsterinsights_sitenote_active":false,"_monsterinsights_sitenote_note":"","_monsterinsights_sitenote_category":0},"product_brand":[],"product_cat":[93,543],"product_tag":[],"class_list":{"0":"post-449061","1":"product","2":"type-product","3":"status-publish","4":"has-post-thumbnail","6":"product_cat-eclesiologia","7":"product_cat-eclesiologia-es","9":"first","10":"instock","11":"taxable","12":"shipping-taxable","13":"purchasable","14":"product-type-simple"},"acf":{"autor":"CHANA, CARLOS ; BUENO DE LA FUENTE, ELOY ; CALVO P\u00c9REZ, ROBERTO","codart":"841930783","libros-coleccion":"La otra mirada","ediciones":"1","encuadernacion":"R\u00fastica","fecha_de_publicacion":"21\/06\/2023","novedad":"1","paginas":"212","subtitulo":"LAS ENCRUCIJADAS DE LA LIBERTAD EN LA IGLESIA","orden":"0","portada":"0","idioma":"spa","editorial":[{"ID":6309,"post_author":"3","post_date":"2022-07-28 17:49:25","post_date_gmt":"2022-07-28 15:49:25","post_content":"","post_title":"Monte Carmelo","post_excerpt":"","post_status":"publish","comment_status":"closed","ping_status":"closed","post_password":"","post_name":"monte-carmelo","to_ping":"","pinged":"","post_modified":"2022-07-28 17:49:25","post_modified_gmt":"2022-07-28 15:49:25","post_content_filtered":"","post_parent":0,"guid":"http:\/\/dev.claret.cat\/editorial\/monte-carmelo\/","menu_order":0,"post_type":"editorial","post_mime_type":"","comment_count":"0","filter":"raw"}],"autores-libros":[{"ID":449060,"post_author":"3","post_date":"2023-06-29 14:00:03","post_date_gmt":"2023-06-29 12:00:03","post_content":"","post_title":"CARLOS CHANA","post_excerpt":"","post_status":"publish","comment_status":"closed","ping_status":"closed","post_password":"","post_name":"carlos-chana","to_ping":"","pinged":"","post_modified":"2023-06-29 14:00:03","post_modified_gmt":"2023-06-29 12:00:03","post_content_filtered":"","post_parent":0,"guid":"https:\/\/www.claret.cat\/autor\/carlos-chana\/","menu_order":0,"post_type":"autor","post_mime_type":"","comment_count":"0","filter":"raw"},{"ID":154906,"post_author":"3","post_date":"2022-10-14 15:08:36","post_date_gmt":"2022-10-14 13:08:36","post_content":"","post_title":"ELOY BUENO DE LA FUENTE","post_excerpt":"","post_status":"publish","comment_status":"closed","ping_status":"closed","post_password":"","post_name":"eloy-bueno-de-la-fuente","to_ping":"","pinged":"","post_modified":"2022-10-14 15:08:36","post_modified_gmt":"2022-10-14 13:08:36","post_content_filtered":"","post_parent":0,"guid":"http:\/\/dev.claret.cat\/autor\/eloy-bueno-de-la-fuente\/","menu_order":0,"post_type":"autor","post_mime_type":"","comment_count":"0","filter":"raw"},{"ID":168267,"post_author":"3","post_date":"2022-10-14 18:17:51","post_date_gmt":"2022-10-14 16:17:51","post_content":"","post_title":"ROBERTO CALVO PEREZ","post_excerpt":"","post_status":"publish","comment_status":"closed","ping_status":"closed","post_password":"","post_name":"roberto-calvo-perez","to_ping":"","pinged":"","post_modified":"2022-10-14 18:17:51","post_modified_gmt":"2022-10-14 16:17:51","post_content_filtered":"","post_parent":0,"guid":"http:\/\/dev.claret.cat\/autor\/roberto-calvo-perez\/","menu_order":0,"post_type":"autor","post_mime_type":"","comment_count":"0","filter":"raw"}]},"aioseo_notices":[],"_links":{"self":[{"href":"https:\/\/www.claret.cat\/es\/wp-json\/wp\/v2\/product\/449061","targetHints":{"allow":["GET"]}}],"collection":[{"href":"https:\/\/www.claret.cat\/es\/wp-json\/wp\/v2\/product"}],"about":[{"href":"https:\/\/www.claret.cat\/es\/wp-json\/wp\/v2\/types\/product"}],"wp:featuredmedia":[{"embeddable":true,"href":"https:\/\/www.claret.cat\/es\/wp-json\/wp\/v2\/media\/449062"}],"wp:attachment":[{"href":"https:\/\/www.claret.cat\/es\/wp-json\/wp\/v2\/media?parent=449061"}],"wp:term":[{"taxonomy":"product_brand","embeddable":true,"href":"https:\/\/www.claret.cat\/es\/wp-json\/wp\/v2\/product_brand?post=449061"},{"taxonomy":"product_cat","embeddable":true,"href":"https:\/\/www.claret.cat\/es\/wp-json\/wp\/v2\/product_cat?post=449061"},{"taxonomy":"product_tag","embeddable":true,"href":"https:\/\/www.claret.cat\/es\/wp-json\/wp\/v2\/product_tag?post=449061"}],"curies":[{"name":"wp","href":"https:\/\/api.w.org\/{rel}","templated":true}]}}