{"id":449083,"date":"2023-06-29T16:45:14","date_gmt":"2023-06-29T14:45:14","guid":{"rendered":"https:\/\/www.claret.cat\/llibre\/el-lenguaj-de-dios-la-teologia-formulada-a-partir-de-la-biblia-9788428840255\/"},"modified":"2024-05-24T10:09:41","modified_gmt":"2024-05-24T08:09:41","slug":"el-lenguaj-de-dios-la-teologia-formulada-a-partir-de-la-biblia-9788428840255","status":"publish","type":"product","link":"https:\/\/www.claret.cat\/es\/libro\/el-lenguaj-de-dios-la-teologia-formulada-a-partir-de-la-biblia-9788428840255\/","title":{"rendered":"EL LENGUAJ DE DIOS : LA TEOLOG\u00cdA FORMULADA A PARTIR DE LA BIBLIA"},"content":{"rendered":"<p>Meditaciones acerca del lenguaje que utilizamos para hablar de Dios, sobre c\u00f3mo lo elaboramos, lo afinamos y lo formulamos, centradas en un aspecto singular, que tiene especial relevancia para la teolog\u00eda. Indagaciones sobre c\u00f3mo la misma revelaci\u00f3n de Dios, tal como esta ha quedado reflejada en los textos b\u00edblicos, ha ido generando un lenguaje para hablar sobre \u00e9l. La Biblia, en cuanto palabra de Dios, es, como afirma Dei Verbum, \u00abrevelaci\u00f3n de s\u00ed mismo\u00bb (DV 2) y, por eso, profundizar en ella es el mejor camino para conocer a Dios y para poder hablar de \u00e9l como se tiene que hacer.<\/p>\n","protected":false},"excerpt":{"rendered":"<p>GUIJARRO OPORTO, SANTIAGO (coord.)<\/p>\n","protected":false},"featured_media":449084,"template":"","meta":{"_acf_changed":false,"om_disable_all_campaigns":false,"rs_blank_template":"","rs_page_bg_color":"","slide_template_v7":"","inline_featured_image":false,"_monsterinsights_skip_tracking":false,"_monsterinsights_sitenote_active":false,"_monsterinsights_sitenote_note":"","_monsterinsights_sitenote_category":0},"product_brand":[],"product_cat":[285,419],"product_tag":[],"class_list":{"0":"post-449083","1":"product","2":"type-product","3":"status-publish","4":"has-post-thumbnail","6":"product_cat-pastoral-teologia","7":"product_cat-pastoral-teologia-1_espiritualidad","9":"first","10":"instock","11":"taxable","12":"shipping-taxable","13":"purchasable","14":"product-type-simple"},"acf":{"autor":"GUIJARRO OPORTO, SANTIAGO (coord.)","codart":"842884025","libros-coleccion":"Aula de Teolog\u00eda","ediciones":"1","encuadernacion":"R\u00fastica","fecha_de_publicacion":"29\/06\/2023","novedad":"1","paginas":"163","subtitulo":"LIII JORNADAS DE LA FACULTAD DE TEOLOG\u00cdA DE LA UPSA ","orden":"0","portada":"0","idioma":"spa","editorial":[{"ID":6335,"post_author":"3","post_date":"2022-07-28 17:49:59","post_date_gmt":"2022-07-28 15:49:59","post_content":"","post_title":"PPC altres","post_excerpt":"","post_status":"publish","comment_status":"closed","ping_status":"closed","post_password":"","post_name":"ppc-altres","to_ping":"","pinged":"","post_modified":"2022-07-28 17:49:59","post_modified_gmt":"2022-07-28 15:49:59","post_content_filtered":"","post_parent":0,"guid":"http:\/\/dev.claret.cat\/editorial\/ppc-altres\/","menu_order":0,"post_type":"editorial","post_mime_type":"","comment_count":"0","filter":"raw"}],"autores-libros":[{"ID":449091,"post_author":"3","post_date":"2023-06-29 16:51:01","post_date_gmt":"2023-06-29 14:51:01","post_content":"","post_title":"SANTIAGO (coord.) GUIJARRO OPORTO","post_excerpt":"","post_status":"publish","comment_status":"closed","ping_status":"closed","post_password":"","post_name":"santiago-coord-guijarro-oporto","to_ping":"","pinged":"","post_modified":"2023-06-29 16:51:01","post_modified_gmt":"2023-06-29 14:51:01","post_content_filtered":"","post_parent":0,"guid":"https:\/\/www.claret.cat\/autor\/santiago-coord-guijarro-oporto\/","menu_order":0,"post_type":"autor","post_mime_type":"","comment_count":"0","filter":"raw"}]},"aioseo_notices":[],"_links":{"self":[{"href":"https:\/\/www.claret.cat\/es\/wp-json\/wp\/v2\/product\/449083","targetHints":{"allow":["GET"]}}],"collection":[{"href":"https:\/\/www.claret.cat\/es\/wp-json\/wp\/v2\/product"}],"about":[{"href":"https:\/\/www.claret.cat\/es\/wp-json\/wp\/v2\/types\/product"}],"wp:featuredmedia":[{"embeddable":true,"href":"https:\/\/www.claret.cat\/es\/wp-json\/wp\/v2\/media\/449084"}],"wp:attachment":[{"href":"https:\/\/www.claret.cat\/es\/wp-json\/wp\/v2\/media?parent=449083"}],"wp:term":[{"taxonomy":"product_brand","embeddable":true,"href":"https:\/\/www.claret.cat\/es\/wp-json\/wp\/v2\/product_brand?post=449083"},{"taxonomy":"product_cat","embeddable":true,"href":"https:\/\/www.claret.cat\/es\/wp-json\/wp\/v2\/product_cat?post=449083"},{"taxonomy":"product_tag","embeddable":true,"href":"https:\/\/www.claret.cat\/es\/wp-json\/wp\/v2\/product_tag?post=449083"}],"curies":[{"name":"wp","href":"https:\/\/api.w.org\/{rel}","templated":true}]}}