{"id":449189,"date":"2023-06-30T16:25:12","date_gmt":"2023-06-30T14:25:12","guid":{"rendered":"https:\/\/www.claret.cat\/llibre\/homilias-sobre-las-cartas-a-los-tesalonicenses-9788497155588\/"},"modified":"2024-07-15T14:15:51","modified_gmt":"2024-07-15T12:15:51","slug":"homilias-sobre-las-cartas-a-los-tesalonicenses-9788497155588","status":"publish","type":"product","link":"https:\/\/www.claret.cat\/es\/libro\/homilias-sobre-las-cartas-a-los-tesalonicenses-9788497155588\/","title":{"rendered":"HOMIL\u00cdAS SOBRE LAS CARTAS A LOS TESALONICENSES"},"content":{"rendered":"<p>Las dos Cartas de san Pablo a los Tesalonicenses son aceptadas en la Iglesia desde los inicios del cristianismo. Un claro  ejemplo es el comentario que san Juan Cris\u00f3stomo (345-407) hace de cada una de ellas, vers\u00edculo a vers\u00edculo, a modo de predicaciones u homil\u00edas, que son las que se muestran en estas p\u00e1ginas.<br \/>Esta obra del que es denominado \u00abboca de oro\u00bb manifiesta su sentido pastoral y su sagacidad y empat\u00eda extraordinaria con el Ap\u00f3stol de los gentiles, y a la vez su brillante ret\u00f3rica a la hora de expresarse y evidenciar su cuidado por los fieles cristianos en tiempos cr\u00edticos para la fe cat\u00f3lica. Este esmero se ve esencialmente en los pasajes donde san Pablo se manifiesta preocupado por asuntos pastorales en los que entran en juego susceptibilidades humanas, contrariedades, necesidades y situaciones conflictivas de los destinatarios de sus cartas.<br \/>Ciertamente las homil\u00edas del Cris\u00f3stomo est\u00e1n enmarcadas, como se ver\u00e1, en unos momentos y en unas personas determinadas, pero la viva imaginaci\u00f3n de su autor, unida al amor y comprensi\u00f3n de la Sagrada Escritura, proporciona a su obra una relevancia y calidad imperecederas. El cristianismo jam\u00e1s constituye un elenco de doctrinas discutibles, sino una forma de vida, y el Cris\u00f3stomo nunca permite que esto se olvide en sus homil\u00edas.<br \/>En verdad, desde la \u00f3ptica de la oratoria estas piezas no est\u00e1n a la altura de otras muchas del orador natural de Antioqu\u00eda, pero las meditaciones doctrinales que encierran suplen con creces esa deficiencia secundaria.<br \/>El lector de habla castellana tiene en sus manos la primera traducci\u00f3n en dicha lengua de esta obra del Cris\u00f3stomo.<\/p>\n","protected":false},"excerpt":{"rendered":"<p>CRIS\u00d3STOMO, JUAN<\/p>\n","protected":false},"featured_media":449190,"template":"","meta":{"_acf_changed":false,"om_disable_all_campaigns":false,"rs_blank_template":"","rs_page_bg_color":"","slide_template_v7":"","inline_featured_image":false,"_monsterinsights_skip_tracking":false,"_monsterinsights_sitenote_active":false,"_monsterinsights_sitenote_note":"","_monsterinsights_sitenote_category":0},"product_brand":[],"product_cat":[468,207],"product_tag":[],"class_list":{"0":"post-449189","1":"product","2":"type-product","3":"status-publish","4":"has-post-thumbnail","6":"product_cat-epistolas-catolicas","7":"product_cat-epistoles-catoliques","9":"first","10":"instock","11":"taxable","12":"shipping-taxable","13":"purchasable","14":"product-type-simple"},"acf":{"autor":"CRIS\u00d3STOMO, JUAN","codart":"849715558","libros-coleccion":"Biblioteca de Patr\u00edstica","ediciones":"1","encuadernacion":"R\u00fastica","fecha_de_publicacion":"16\/06\/2023","novedad":"1","paginas":"322","subtitulo":"","orden":"0","portada":"0","idioma":"spa","editorial":[{"ID":6157,"post_author":"3","post_date":"2022-07-28 17:46:07","post_date_gmt":"2022-07-28 15:46:07","post_content":"","post_title":"Ciudad Nueva","post_excerpt":"","post_status":"publish","comment_status":"closed","ping_status":"closed","post_password":"","post_name":"ciudad-nueva","to_ping":"","pinged":"","post_modified":"2022-07-28 17:46:07","post_modified_gmt":"2022-07-28 15:46:07","post_content_filtered":"","post_parent":0,"guid":"http:\/\/dev.claret.cat\/editorial\/ciudad-nueva\/","menu_order":0,"post_type":"editorial","post_mime_type":"","comment_count":"0","filter":"raw"}],"autores-libros":[{"ID":5676,"post_author":"3","post_date":"2022-07-28 17:29:06","post_date_gmt":"2022-07-28 15:29:06","post_content":"","post_title":"JUAN CRIS\u00d3STOMO","post_excerpt":"","post_status":"publish","comment_status":"closed","ping_status":"closed","post_password":"","post_name":"juan-crisostomo","to_ping":"","pinged":"","post_modified":"2022-07-28 17:29:06","post_modified_gmt":"2022-07-28 15:29:06","post_content_filtered":"","post_parent":0,"guid":"http:\/\/dev.claret.cat\/autor\/juan-crisostomo\/","menu_order":0,"post_type":"autor","post_mime_type":"","comment_count":"0","filter":"raw"}]},"aioseo_notices":[],"_links":{"self":[{"href":"https:\/\/www.claret.cat\/es\/wp-json\/wp\/v2\/product\/449189","targetHints":{"allow":["GET"]}}],"collection":[{"href":"https:\/\/www.claret.cat\/es\/wp-json\/wp\/v2\/product"}],"about":[{"href":"https:\/\/www.claret.cat\/es\/wp-json\/wp\/v2\/types\/product"}],"wp:featuredmedia":[{"embeddable":true,"href":"https:\/\/www.claret.cat\/es\/wp-json\/wp\/v2\/media\/449190"}],"wp:attachment":[{"href":"https:\/\/www.claret.cat\/es\/wp-json\/wp\/v2\/media?parent=449189"}],"wp:term":[{"taxonomy":"product_brand","embeddable":true,"href":"https:\/\/www.claret.cat\/es\/wp-json\/wp\/v2\/product_brand?post=449189"},{"taxonomy":"product_cat","embeddable":true,"href":"https:\/\/www.claret.cat\/es\/wp-json\/wp\/v2\/product_cat?post=449189"},{"taxonomy":"product_tag","embeddable":true,"href":"https:\/\/www.claret.cat\/es\/wp-json\/wp\/v2\/product_tag?post=449189"}],"curies":[{"name":"wp","href":"https:\/\/api.w.org\/{rel}","templated":true}]}}