{"id":44923,"date":"2022-10-02T21:56:28","date_gmt":"2022-10-02T19:56:28","guid":{"rendered":"http:\/\/dev.claret.cat\/producte\/en-tus-zapatos\/"},"modified":"2023-10-06T11:36:46","modified_gmt":"2023-10-06T09:36:46","slug":"en-tus-zapatos-9788494856761","status":"publish","type":"product","link":"https:\/\/www.claret.cat\/es\/libro\/en-tus-zapatos-9788494856761\/","title":{"rendered":"EN TUS ZAPATOS"},"content":{"rendered":"<p>Dos ni\u00f1os viven las mismas inquietudes propias de su edad, pero desde dos perspectivas absolutamente diferentes. Acompa\u00f1a a Abdul y a Tom\u00e1s en una aventura desplegable sin principio ni fin y con una cosa en com\u00fan: unos esperados zapatos para los que tienen grandes planes. Descubre con nuestros protagonistas sus propias realidades y sigue sus pasos disfrutando con la canci\u00f3n que encontrar\u00e1s en el c\u00f3digo QR incluido en la caja. Incluye en el interior un juego de observaci\u00f3n para encontrar varios elementos que aparecen en la caja. Encontraremos un c\u00f3digo QR que nos lleva a la canci\u00f3n original \u00f4En tus zapatos\u00f6 con la letra de Amaya Perucha, basada en el cuento, y la m\u00fasica de C\u00e9sar San Martin, que cede sus derechos de reproducci\u00f3n a la ONG Open Arms.<\/p>\n","protected":false},"excerpt":{"rendered":"<p>PERUCHA, AMAYA<\/p>\n","protected":false},"featured_media":60387,"template":"","meta":{"_acf_changed":false,"om_disable_all_campaigns":false,"rs_blank_template":"","rs_page_bg_color":"","slide_template_v7":"","inline_featured_image":false,"_monsterinsights_skip_tracking":false,"_monsterinsights_sitenote_active":false,"_monsterinsights_sitenote_note":"","_monsterinsights_sitenote_category":0},"product_brand":[],"product_cat":[361],"product_tag":[],"class_list":{"0":"post-44923","1":"product","2":"type-product","3":"status-publish","4":"has-post-thumbnail","6":"product_cat-cuentos-para-ninos-0-6-anos","8":"first","9":"instock","10":"taxable","11":"shipping-taxable","12":"purchasable","13":"product-type-simple"},"acf":{"autor":"PERUCHA, AMAYA","codart":"849485676","libros-coleccion":"","ediciones":"1","encuadernacion":"Carton\u00e9","fecha_de_publicacion":"01\/12\/2021","novedad":"1","paginas":"30","subtitulo":"","orden":"0","portada":"0","idioma":"spa","editorial":[{"ID":148306,"post_author":"3","post_date":"2022-10-14 11:57:13","post_date_gmt":"2022-10-14 09:57:13","post_content":"","post_title":"Istarduk Ediciones","post_excerpt":"","post_status":"publish","comment_status":"closed","ping_status":"closed","post_password":"","post_name":"istarduk-ediciones","to_ping":"","pinged":"","post_modified":"2022-10-14 11:57:13","post_modified_gmt":"2022-10-14 09:57:13","post_content_filtered":"","post_parent":0,"guid":"http:\/\/dev.claret.cat\/editorial\/istarduk-ediciones\/","menu_order":0,"post_type":"editorial","post_mime_type":"","comment_count":"0","filter":"raw"}],"autores-libros":[{"ID":149990,"post_author":"3","post_date":"2022-10-14 14:29:20","post_date_gmt":"2022-10-14 12:29:20","post_content":"","post_title":"AMAYA PERUCHA","post_excerpt":"","post_status":"publish","comment_status":"closed","ping_status":"closed","post_password":"","post_name":"amaya-perucha","to_ping":"","pinged":"","post_modified":"2022-10-14 14:29:20","post_modified_gmt":"2022-10-14 12:29:20","post_content_filtered":"","post_parent":0,"guid":"http:\/\/dev.claret.cat\/autor\/amaya-perucha\/","menu_order":0,"post_type":"autor","post_mime_type":"","comment_count":"0","filter":"raw"}]},"aioseo_notices":[],"_links":{"self":[{"href":"https:\/\/www.claret.cat\/es\/wp-json\/wp\/v2\/product\/44923","targetHints":{"allow":["GET"]}}],"collection":[{"href":"https:\/\/www.claret.cat\/es\/wp-json\/wp\/v2\/product"}],"about":[{"href":"https:\/\/www.claret.cat\/es\/wp-json\/wp\/v2\/types\/product"}],"wp:featuredmedia":[{"embeddable":true,"href":"https:\/\/www.claret.cat\/es\/wp-json\/wp\/v2\/media\/60387"}],"wp:attachment":[{"href":"https:\/\/www.claret.cat\/es\/wp-json\/wp\/v2\/media?parent=44923"}],"wp:term":[{"taxonomy":"product_brand","embeddable":true,"href":"https:\/\/www.claret.cat\/es\/wp-json\/wp\/v2\/product_brand?post=44923"},{"taxonomy":"product_cat","embeddable":true,"href":"https:\/\/www.claret.cat\/es\/wp-json\/wp\/v2\/product_cat?post=44923"},{"taxonomy":"product_tag","embeddable":true,"href":"https:\/\/www.claret.cat\/es\/wp-json\/wp\/v2\/product_tag?post=44923"}],"curies":[{"name":"wp","href":"https:\/\/api.w.org\/{rel}","templated":true}]}}