{"id":449367,"date":"2023-07-03T10:36:08","date_gmt":"2023-07-03T08:36:08","guid":{"rendered":"https:\/\/www.claret.cat\/llibre\/tecgnosis-9789878272054\/"},"modified":"2023-10-11T02:09:58","modified_gmt":"2023-10-11T00:09:58","slug":"tecgnosis-9789878272054","status":"publish","type":"product","link":"https:\/\/www.claret.cat\/es\/libro\/tecgnosis-9789878272054\/","title":{"rendered":"TECGNOSIS"},"content":{"rendered":"<p>Si hay una predicci\u00f3n sobre el presente que parece no haberse cumplido es aquella que vaticinaba que el avance de la raz\u00f3n t\u00e9cnica traer\u00eda aparejado un creciente desencantamiento del mundo. Seg\u00fan esta hip\u00f3tesis, tan arraigada durante el siglo XX, el mito y la magia desaparecer\u00edan a medida que el pensamiento tecnocr\u00e1tico arrojara luz sobre las supersticiones premodernas. Y, sin embargo, hoy nos encontramos frente a un panorama muy distinto, en el que antiguas creencias espirituales tales como la trascendencia del cuerpo o el animismo parecieran estar cada vez m\u00e1s vigentes gracias al acelerado desarrollo de Internet y del paradigma digital.  En &#8216;TecGnosis&#8217;, un cl\u00e1sico de la cibercultura publicado a fines de los noventa, Erik Davis da forma a un exhaustivo mapa conceptual para navegar en las profundas aguas del tecnomisticismo. Nacido en San Francisco, cuna tanto de la contracultura psicod\u00e9lica como de Silicon Valley, este autor poco ortodoxo logra trazar sorprendentes conexiones entre temas tan diversos como la electricidad y la alquimia, la realidad virtual y los planos astrales, los juegos en l\u00ednea y la tra<\/p>\n","protected":false},"excerpt":{"rendered":"<p>ERIK DAVIS<\/p>\n","protected":false},"featured_media":449368,"template":"","meta":{"_acf_changed":false,"om_disable_all_campaigns":false,"rs_blank_template":"","rs_page_bg_color":"","slide_template_v7":"","inline_featured_image":false,"_monsterinsights_skip_tracking":false,"_monsterinsights_sitenote_active":false,"_monsterinsights_sitenote_note":"","_monsterinsights_sitenote_category":0},"product_brand":[],"product_cat":[373,166,168,439],"product_tag":[],"class_list":{"0":"post-449367","1":"product","2":"type-product","3":"status-publish","4":"has-post-thumbnail","6":"product_cat-autores","7":"product_cat-autors-filosofia","8":"product_cat-teoria-del-coneixement","9":"product_cat-teoria-del-conocimiento","11":"first","12":"instock","13":"taxable","14":"shipping-taxable","15":"purchasable","16":"product-type-simple"},"acf":{"autor":"ERIK DAVIS","codart":"987827205","libros-coleccion":"futuros proximos","ediciones":"1","encuadernacion":"R\u00fastica","fecha_de_publicacion":"01\/05\/2023","novedad":"1","paginas":"512","subtitulo":"","orden":"0","portada":"0","idioma":"spa","editorial":[{"ID":147581,"post_author":"3","post_date":"2022-10-14 11:51:40","post_date_gmt":"2022-10-14 09:51:40","post_content":"","post_title":"CAJA NEGRA","post_excerpt":"","post_status":"publish","comment_status":"closed","ping_status":"closed","post_password":"","post_name":"caja-negra","to_ping":"","pinged":"","post_modified":"2022-10-14 11:51:40","post_modified_gmt":"2022-10-14 09:51:40","post_content_filtered":"","post_parent":0,"guid":"http:\/\/dev.claret.cat\/editorial\/caja-negra\/","menu_order":0,"post_type":"editorial","post_mime_type":"","comment_count":"0","filter":"raw"}]},"aioseo_notices":[],"_links":{"self":[{"href":"https:\/\/www.claret.cat\/es\/wp-json\/wp\/v2\/product\/449367","targetHints":{"allow":["GET"]}}],"collection":[{"href":"https:\/\/www.claret.cat\/es\/wp-json\/wp\/v2\/product"}],"about":[{"href":"https:\/\/www.claret.cat\/es\/wp-json\/wp\/v2\/types\/product"}],"wp:featuredmedia":[{"embeddable":true,"href":"https:\/\/www.claret.cat\/es\/wp-json\/wp\/v2\/media\/449368"}],"wp:attachment":[{"href":"https:\/\/www.claret.cat\/es\/wp-json\/wp\/v2\/media?parent=449367"}],"wp:term":[{"taxonomy":"product_brand","embeddable":true,"href":"https:\/\/www.claret.cat\/es\/wp-json\/wp\/v2\/product_brand?post=449367"},{"taxonomy":"product_cat","embeddable":true,"href":"https:\/\/www.claret.cat\/es\/wp-json\/wp\/v2\/product_cat?post=449367"},{"taxonomy":"product_tag","embeddable":true,"href":"https:\/\/www.claret.cat\/es\/wp-json\/wp\/v2\/product_tag?post=449367"}],"curies":[{"name":"wp","href":"https:\/\/api.w.org\/{rel}","templated":true}]}}