{"id":449430,"date":"2023-07-04T12:07:52","date_gmt":"2023-07-04T10:07:52","guid":{"rendered":"https:\/\/www.claret.cat\/llibre\/a-traves-de-mi-ventana-trilogia-hermanos-hidalgo-1-15-9788413148199\/"},"modified":"2023-10-11T01:28:36","modified_gmt":"2023-10-10T23:28:36","slug":"a-traves-de-mi-ventana-trilogia-hermanos-hidalgo-1-15-9788413148199","status":"publish","type":"product","link":"https:\/\/www.claret.cat\/es\/libro\/a-traves-de-mi-ventana-trilogia-hermanos-hidalgo-1-15-9788413148199\/","title":{"rendered":"A TRAV\u00c9S DE MI VENTANA ((TRILOG\u00cdA HERMANOS HIDALGO 1) (+15)"},"content":{"rendered":"<p>\u00a1El bestseller de Ariana Godoy, ahora con pel\u00edcula en Netflix! Raquel lleva toda la vida loca por Ares, su atractivo y misterioso vecino. Lo observa sin ser vista desde su ventana y es que, muy a su pesar, no han intercambiado ni una triste palabra. Lo que Raquel no sabe es que eso est\u00e1 a punto de cambiar&#8230; Ares comenzar\u00e1 a cruzarse en su camino hasta en los lugares m\u00e1s inesperados y descubrir\u00e1 que, en realidad, Raquel no es la ni\u00f1a inocente que cre\u00eda.Ahora, Raquel tiene muy claro su objetivo: conseguir que Ares se enamore de ella. Por supuesto, no est\u00e1 dispuesta a perderlo todo por el camino, y mucho menos a s\u00ed misma&#8230; De Ariana Godoy, la autora de Heist: Cazar o ser cazado, llega este \u00e9xito internacional de Wattpad: un magn\u00e9tico juego de seducci\u00f3n que te tendr\u00e1 atrapado en sus redes, ahora con nuevas escenas sobre los secretos de Ares.<\/p>\n","protected":false},"excerpt":{"rendered":"<p>GODOY, ARIANA<\/p>\n","protected":false},"featured_media":449431,"template":"","meta":{"_acf_changed":false,"om_disable_all_campaigns":false,"rs_blank_template":"","rs_page_bg_color":"","slide_template_v7":"","inline_featured_image":false,"_monsterinsights_skip_tracking":false,"_monsterinsights_sitenote_active":false,"_monsterinsights_sitenote_note":"","_monsterinsights_sitenote_category":0},"product_brand":[],"product_cat":[133,566,117,363],"product_tag":[],"class_list":{"0":"post-449430","1":"product","2":"type-product","3":"status-publish","4":"has-post-thumbnail","6":"product_cat-lectures-per-adolescents-12-18-anys","7":"product_cat-juvenil-3_infantil-juvenil-spa-spa","8":"product_cat-juvenil","9":"product_cat-lecturas-por-adolescentes-12-18-anos","11":"first","12":"instock","13":"taxable","14":"shipping-taxable","15":"purchasable","16":"product-type-simple"},"acf":{"autor":"GODOY, ARIANA","codart":"841314819","libros-coleccion":"","ediciones":"1","encuadernacion":"R\u00fastica","fecha_de_publicacion":"01\/07\/2023","novedad":"1","paginas":"413","subtitulo":"","orden":"0","portada":"0","idioma":"spa","editorial":[{"ID":6137,"post_author":"3","post_date":"2022-07-28 17:45:41","post_date_gmt":"2022-07-28 15:45:41","post_content":"","post_title":"B de Bolsillo","post_excerpt":"","post_status":"publish","comment_status":"closed","ping_status":"closed","post_password":"","post_name":"b-de-bolsillo","to_ping":"","pinged":"","post_modified":"2022-07-28 17:45:41","post_modified_gmt":"2022-07-28 15:45:41","post_content_filtered":"","post_parent":0,"guid":"http:\/\/dev.claret.cat\/editorial\/b-de-bolsillo\/","menu_order":0,"post_type":"editorial","post_mime_type":"","comment_count":"0","filter":"raw"}],"autores-libros":[{"ID":151072,"post_author":"3","post_date":"2022-10-14 14:37:59","post_date_gmt":"2022-10-14 12:37:59","post_content":"","post_title":"ARIANA GODOY","post_excerpt":"","post_status":"publish","comment_status":"closed","ping_status":"closed","post_password":"","post_name":"ariana-godoy","to_ping":"","pinged":"","post_modified":"2022-10-14 14:37:59","post_modified_gmt":"2022-10-14 12:37:59","post_content_filtered":"","post_parent":0,"guid":"http:\/\/dev.claret.cat\/autor\/ariana-godoy\/","menu_order":0,"post_type":"autor","post_mime_type":"","comment_count":"0","filter":"raw"}]},"aioseo_notices":[],"_links":{"self":[{"href":"https:\/\/www.claret.cat\/es\/wp-json\/wp\/v2\/product\/449430","targetHints":{"allow":["GET"]}}],"collection":[{"href":"https:\/\/www.claret.cat\/es\/wp-json\/wp\/v2\/product"}],"about":[{"href":"https:\/\/www.claret.cat\/es\/wp-json\/wp\/v2\/types\/product"}],"wp:featuredmedia":[{"embeddable":true,"href":"https:\/\/www.claret.cat\/es\/wp-json\/wp\/v2\/media\/449431"}],"wp:attachment":[{"href":"https:\/\/www.claret.cat\/es\/wp-json\/wp\/v2\/media?parent=449430"}],"wp:term":[{"taxonomy":"product_brand","embeddable":true,"href":"https:\/\/www.claret.cat\/es\/wp-json\/wp\/v2\/product_brand?post=449430"},{"taxonomy":"product_cat","embeddable":true,"href":"https:\/\/www.claret.cat\/es\/wp-json\/wp\/v2\/product_cat?post=449430"},{"taxonomy":"product_tag","embeddable":true,"href":"https:\/\/www.claret.cat\/es\/wp-json\/wp\/v2\/product_tag?post=449430"}],"curies":[{"name":"wp","href":"https:\/\/api.w.org\/{rel}","templated":true}]}}