{"id":44944,"date":"2022-10-02T21:56:49","date_gmt":"2022-10-02T19:56:49","guid":{"rendered":"http:\/\/dev.claret.cat\/producte\/la-alimentacion-del-nino-pequeno\/"},"modified":"2023-10-06T10:47:13","modified_gmt":"2023-10-06T08:47:13","slug":"la-alimentacion-del-nino-pequeno-9788418927225","status":"publish","type":"product","link":"https:\/\/www.claret.cat\/es\/libro\/la-alimentacion-del-nino-pequeno-9788418927225\/","title":{"rendered":"LA ALIMENTACI\u00d3N DEL NI\u00d1O PEQUE\u00d1O"},"content":{"rendered":"<p>La alimentaci\u00f3n infantil es clave para lograr un desarrollo adecuado en el individuo y un buen estado de salud en edades posteriores. En este sentido, en los \u00faltimos a\u00f1os se ha extendido una preocupaci\u00f3n generalizada sobre algunos aspectos de la alimentaci\u00f3n en los primeros meses de vida: la cantidad de alimentos proteicos, los alimentos light o el papel de los az\u00facares en la dieta. Por otra parte, las recomendaciones de los profesionales sobre la introducci\u00f3n del gluten, el pescado, el huevo o las verduras en la dieta han ido cambiando. Todos estos cambios pueden resultar confusos para los padres. La realidad es que existen dos posturas contrapuestas sobre la alimentaci\u00f3n en los primeros meses de vida: la alimentaci\u00f3n tradicional a base de papillas y la llamada baby-led weaning. En estas p\u00e1ginas aprenderemos c\u00f3mo podemos combinarlas para absorber todos los beneficios de cada una. La alimentaci\u00f3n del ni\u00f1o peque\u00f1o trata de responder todas estas dudas y proponer soluciones pr\u00e1cticas para una nutrici\u00f3n que facilite el correcto desarrollo de los ni\u00f1os.<\/p>\n","protected":false},"excerpt":{"rendered":"<p>VITORIA, ISIDRO \/ MART\u00cdNEZ, D\u00c1MARIS \/ V\u00c9LEZ, VER\u00d3NICA<\/p>\n","protected":false},"featured_media":60401,"template":"","meta":{"_acf_changed":false,"om_disable_all_campaigns":false,"rs_blank_template":"","rs_page_bg_color":"","slide_template_v7":"","inline_featured_image":false,"_monsterinsights_skip_tracking":false,"_monsterinsights_sitenote_active":false,"_monsterinsights_sitenote_note":"","_monsterinsights_sitenote_category":0},"product_brand":[],"product_cat":[540],"product_tag":[],"class_list":{"0":"post-44944","1":"product","2":"type-product","3":"status-publish","4":"has-post-thumbnail","6":"product_cat-otros","8":"first","9":"instock","10":"taxable","11":"shipping-taxable","12":"purchasable","13":"product-type-simple"},"acf":{"autor":"VITORIA, ISIDRO \/ MART\u00cdNEZ, D\u00c1MARIS \/ V\u00c9LEZ, VER\u00d3NICA","codart":"841892722","libros-coleccion":"PLATAFORMA","ediciones":"1","encuadernacion":"R\u00fastica","fecha_de_publicacion":"01\/02\/2022","novedad":"1","paginas":"193","subtitulo":"CONSEJOS Y RECETAS PARA UNA BUENA NUTRICI\u00d3N INFANTIL","orden":"0","portada":"0","idioma":"spa","editorial":[{"ID":6331,"post_author":"3","post_date":"2022-07-28 17:49:53","post_date_gmt":"2022-07-28 15:49:53","post_content":"","post_title":"PLATAFORMA EDITORIAL","post_excerpt":"","post_status":"publish","comment_status":"closed","ping_status":"closed","post_password":"","post_name":"plataforma-editorial","to_ping":"","pinged":"","post_modified":"2022-07-28 17:49:53","post_modified_gmt":"2022-07-28 15:49:53","post_content_filtered":"","post_parent":0,"guid":"http:\/\/dev.claret.cat\/editorial\/plataforma-editorial\/","menu_order":0,"post_type":"editorial","post_mime_type":"","comment_count":"0","filter":"raw"}],"autores-libros":[{"ID":158131,"post_author":"3","post_date":"2022-10-14 15:34:24","post_date_gmt":"2022-10-14 13:34:24","post_content":"","post_title":"ISIDRO VITORIA","post_excerpt":"","post_status":"publish","comment_status":"closed","ping_status":"closed","post_password":"","post_name":"isidro-vitoria","to_ping":"","pinged":"","post_modified":"2022-10-14 15:34:24","post_modified_gmt":"2022-10-14 13:34:24","post_content_filtered":"","post_parent":0,"guid":"http:\/\/dev.claret.cat\/autor\/isidro-vitoria\/","menu_order":0,"post_type":"autor","post_mime_type":"","comment_count":"0","filter":"raw"},{"ID":153487,"post_author":"3","post_date":"2022-10-14 14:57:09","post_date_gmt":"2022-10-14 12:57:09","post_content":"","post_title":"D\u00c1MARIS MART\u00cdNEZ","post_excerpt":"","post_status":"publish","comment_status":"closed","ping_status":"closed","post_password":"","post_name":"damaris-martinez","to_ping":"","pinged":"","post_modified":"2022-10-14 14:57:09","post_modified_gmt":"2022-10-14 12:57:09","post_content_filtered":"","post_parent":0,"guid":"http:\/\/dev.claret.cat\/autor\/damaris-martinez\/","menu_order":0,"post_type":"autor","post_mime_type":"","comment_count":"0","filter":"raw"},{"ID":170895,"post_author":"3","post_date":"2022-10-14 22:39:01","post_date_gmt":"2022-10-14 20:39:01","post_content":"","post_title":"VER\u00d3NICA V\u00c9LEZ","post_excerpt":"","post_status":"publish","comment_status":"closed","ping_status":"closed","post_password":"","post_name":"veronica-velez","to_ping":"","pinged":"","post_modified":"2022-10-14 22:39:01","post_modified_gmt":"2022-10-14 20:39:01","post_content_filtered":"","post_parent":0,"guid":"http:\/\/dev.claret.cat\/autor\/veronica-velez\/","menu_order":0,"post_type":"autor","post_mime_type":"","comment_count":"0","filter":"raw"}]},"aioseo_notices":[],"_links":{"self":[{"href":"https:\/\/www.claret.cat\/es\/wp-json\/wp\/v2\/product\/44944","targetHints":{"allow":["GET"]}}],"collection":[{"href":"https:\/\/www.claret.cat\/es\/wp-json\/wp\/v2\/product"}],"about":[{"href":"https:\/\/www.claret.cat\/es\/wp-json\/wp\/v2\/types\/product"}],"wp:featuredmedia":[{"embeddable":true,"href":"https:\/\/www.claret.cat\/es\/wp-json\/wp\/v2\/media\/60401"}],"wp:attachment":[{"href":"https:\/\/www.claret.cat\/es\/wp-json\/wp\/v2\/media?parent=44944"}],"wp:term":[{"taxonomy":"product_brand","embeddable":true,"href":"https:\/\/www.claret.cat\/es\/wp-json\/wp\/v2\/product_brand?post=44944"},{"taxonomy":"product_cat","embeddable":true,"href":"https:\/\/www.claret.cat\/es\/wp-json\/wp\/v2\/product_cat?post=44944"},{"taxonomy":"product_tag","embeddable":true,"href":"https:\/\/www.claret.cat\/es\/wp-json\/wp\/v2\/product_tag?post=44944"}],"curies":[{"name":"wp","href":"https:\/\/api.w.org\/{rel}","templated":true}]}}