{"id":449447,"date":"2023-07-04T12:40:08","date_gmt":"2023-07-04T10:40:08","guid":{"rendered":"https:\/\/www.claret.cat\/llibre\/diari-duna-penjada-4-smr-sobre-patins-9788413895864\/"},"modified":"2025-10-20T19:46:22","modified_gmt":"2025-10-20T17:46:22","slug":"diari-duna-penjada-4-smr-sobre-patins-9788413895864","status":"publish","type":"product","link":"https:\/\/www.claret.cat\/es\/libro\/diari-duna-penjada-4-smr-sobre-patins-9788413895864\/","title":{"rendered":"DIARI D&#8217;UNA PENJADA 4. SMR SOBRE PATINS"},"content":{"rendered":"<p>Segueix les aventures de la m\u00e9s penjada de l&#8217;institut!Els consells de la Nikki per fer un numeret perfecte de patinatge sobre gel:<br \/> 1: Troba una bona causa per la qual patinar (guanyar\u00e0s punts si al Brandon tamb\u00e9 li agrada!).<br \/> 2: Fes equip amb les teves millors amigues, la Chloe i la Zoey.<br \/> 3: Digues a la Mackenzie que es retiri!!!<br \/> 4: Assegura&#8217;t que saps patinar&#8230;<\/p>\n<p> Nova edici\u00f3 amb format m\u00e9s pr\u00e0ctic: r\u00fastica sense solapes, perqu\u00e8 te&#8217;l puguis endur a tot arreu.<br \/> Ara a un preu m\u00e9s assequible.<br \/> Torna a gaudir de la s\u00e8rie de literatura juvenil amb m\u00e9s \u00e8xit internacional: 55 milions d&#8217;exemplars venuts a tot el m\u00f3n.<\/p>\n","protected":false},"excerpt":{"rendered":"<p>RUSSELL, RACHEL REN\u00c9E<\/p>\n","protected":false},"featured_media":449448,"template":"","meta":{"_acf_changed":false,"om_disable_all_campaigns":false,"rs_blank_template":"","rs_page_bg_color":"","slide_template_v7":"","inline_featured_image":false,"_monsterinsights_skip_tracking":false,"_monsterinsights_sitenote_active":false,"_monsterinsights_sitenote_note":"","_monsterinsights_sitenote_category":0},"product_brand":[],"product_cat":[132,362],"product_tag":[],"class_list":{"0":"post-449447","1":"product","2":"type-product","3":"status-publish","4":"has-post-thumbnail","6":"product_cat-lectures-per-preadolescents-6-12-anys","7":"product_cat-libros-preadolescentes-6-12-anos","9":"first","10":"instock","11":"taxable","12":"shipping-taxable","13":"purchasable","14":"product-type-simple"},"acf":{"autor":"RUSSELL, RACHEL REN\u00c9E","codart":"841389586","libros-coleccion":"Diari d\u00b4una penjada","ediciones":"1","encuadernacion":"R\u00fastica","fecha_de_publicacion":"01\/07\/2023","novedad":"1","paginas":"368","subtitulo":"","orden":"0","portada":"0","idioma":"cat","editorial":[{"ID":6249,"post_author":"3","post_date":"2022-07-28 17:48:09","post_date_gmt":"2022-07-28 15:48:09","post_content":"","post_title":"Estrella Polar","post_excerpt":"","post_status":"publish","comment_status":"closed","ping_status":"closed","post_password":"","post_name":"estrella-polar","to_ping":"","pinged":"","post_modified":"2022-07-28 17:48:09","post_modified_gmt":"2022-07-28 15:48:09","post_content_filtered":"","post_parent":0,"guid":"http:\/\/dev.claret.cat\/editorial\/estrella-polar\/","menu_order":0,"post_type":"editorial","post_mime_type":"","comment_count":"0","filter":"raw"}],"autores-libros":[{"ID":167528,"post_author":"3","post_date":"2022-10-14 18:11:55","post_date_gmt":"2022-10-14 16:11:55","post_content":"","post_title":"RACHEL REN\u00c9E RUSSELL","post_excerpt":"","post_status":"publish","comment_status":"closed","ping_status":"closed","post_password":"","post_name":"rachel-renee-russell","to_ping":"","pinged":"","post_modified":"2022-10-14 18:11:55","post_modified_gmt":"2022-10-14 16:11:55","post_content_filtered":"","post_parent":0,"guid":"http:\/\/dev.claret.cat\/autor\/rachel-renee-russell\/","menu_order":0,"post_type":"autor","post_mime_type":"","comment_count":"0","filter":"raw"}],"booktrailer":"","resenas":""},"aioseo_notices":[],"_links":{"self":[{"href":"https:\/\/www.claret.cat\/es\/wp-json\/wp\/v2\/product\/449447","targetHints":{"allow":["GET"]}}],"collection":[{"href":"https:\/\/www.claret.cat\/es\/wp-json\/wp\/v2\/product"}],"about":[{"href":"https:\/\/www.claret.cat\/es\/wp-json\/wp\/v2\/types\/product"}],"wp:featuredmedia":[{"embeddable":true,"href":"https:\/\/www.claret.cat\/es\/wp-json\/wp\/v2\/media\/449448"}],"wp:attachment":[{"href":"https:\/\/www.claret.cat\/es\/wp-json\/wp\/v2\/media?parent=449447"}],"wp:term":[{"taxonomy":"product_brand","embeddable":true,"href":"https:\/\/www.claret.cat\/es\/wp-json\/wp\/v2\/product_brand?post=449447"},{"taxonomy":"product_cat","embeddable":true,"href":"https:\/\/www.claret.cat\/es\/wp-json\/wp\/v2\/product_cat?post=449447"},{"taxonomy":"product_tag","embeddable":true,"href":"https:\/\/www.claret.cat\/es\/wp-json\/wp\/v2\/product_tag?post=449447"}],"curies":[{"name":"wp","href":"https:\/\/api.w.org\/{rel}","templated":true}]}}