{"id":449453,"date":"2023-07-04T12:45:42","date_gmt":"2023-07-04T10:45:42","guid":{"rendered":"https:\/\/www.claret.cat\/llibre\/el-caso-de-charles-dexter-ward-9788477027096\/"},"modified":"2023-10-11T02:09:31","modified_gmt":"2023-10-11T00:09:31","slug":"el-caso-de-charles-dexter-ward-9788477027096","status":"publish","type":"product","link":"https:\/\/www.claret.cat\/es\/libro\/el-caso-de-charles-dexter-ward-9788477027096\/","title":{"rendered":"EL CASO DE CHARLES DEXTER WARD"},"content":{"rendered":"<p>Al margen de los numerosos relatos de terror que escrib\u00eda para las revistas de aficionados, H.P. Lovecraft se propuso escribir narraciones m\u00e1s largas apenas en tres ocasiones: En las monta\u00f1as de la locura, La b\u00fasqueda en sue\u00f1os de la ignota Kadath y El caso de Charles Dexter Ward. Esta \u00faltima, la m\u00e1s extensa de las tres, nos relata ?con ese peculiar talento de Lovecraft para crear atm\u00f3sferas opresivas por medio de sugerencias que inquietan progresivamente al lector? la historia del infortunado Charles Dexter Ward, un joven de Providence, trasunto literario del propio Lovecraft, solitario y meditabundo, que se entrega en cuerpo y alma al estudio del pasado, y en particular de la vida y \u00abmilagros\u00bb de Joseph Curwen, un lejano antepasado suyo del siglo XVIII, quien lleg\u00f3 a Providence huyendo de la famosa \u00abcaza de brujas\u00bb de Salem en 1692.<br \/> Vali\u00e9ndose de diarios y archivos va desvelando la verdad sobre aquel misterioso personaje, sus secretas e \u00abimp\u00edas hechicer\u00edas\u00bb, y los \u00abprodigios espantosos y preternaturales\u00bb que llevaba a cabo. El caso de Charles Dexter Ward es una narraci\u00f3n inquietante y absorbente que nos conduce directamente al coraz\u00f3n de los tenebrosos mitos de Cthulhu.<\/p>\n","protected":false},"excerpt":{"rendered":"<p>LOVECRAFT, HOWARD PHILLIPS<\/p>\n","protected":false},"featured_media":449454,"template":"","meta":{"_acf_changed":false,"om_disable_all_campaigns":false,"rs_blank_template":"","rs_page_bg_color":"","slide_template_v7":"","inline_featured_image":false,"_monsterinsights_skip_tracking":false,"_monsterinsights_sitenote_active":false,"_monsterinsights_sitenote_note":"","_monsterinsights_sitenote_category":0},"product_brand":[],"product_cat":[127,357],"product_tag":[],"class_list":{"0":"post-449453","1":"product","2":"type-product","3":"status-publish","4":"has-post-thumbnail","6":"product_cat-novella-contemporania","7":"product_cat-novela-contemporanea","9":"first","10":"instock","11":"taxable","12":"shipping-taxable","13":"purchasable","14":"product-type-simple"},"acf":{"autor":"LOVECRAFT, HOWARD PHILLIPS","codart":"8477027096","libros-coleccion":"El Club Di\u00f3genes","ediciones":"1","encuadernacion":"R\u00fastica","fecha_de_publicacion":"01\/11\/2011","novedad":"1","paginas":"224","subtitulo":"","orden":"0","portada":"0","idioma":"spa","editorial":[{"ID":148943,"post_author":"3","post_date":"2022-10-14 12:02:13","post_date_gmt":"2022-10-14 10:02:13","post_content":"","post_title":"Valdemar","post_excerpt":"","post_status":"publish","comment_status":"closed","ping_status":"closed","post_password":"","post_name":"valdemar","to_ping":"","pinged":"","post_modified":"2022-10-14 12:02:13","post_modified_gmt":"2022-10-14 10:02:13","post_content_filtered":"","post_parent":0,"guid":"http:\/\/dev.claret.cat\/editorial\/valdemar\/","menu_order":0,"post_type":"editorial","post_mime_type":"","comment_count":"0","filter":"raw"}],"autores-libros":[{"ID":157657,"post_author":"3","post_date":"2022-10-14 15:30:34","post_date_gmt":"2022-10-14 13:30:34","post_content":"","post_title":"HOWARD PHILLIPS LOVECRAFT","post_excerpt":"","post_status":"publish","comment_status":"closed","ping_status":"closed","post_password":"","post_name":"howard-phillips-lovecraft","to_ping":"","pinged":"","post_modified":"2022-10-14 15:30:34","post_modified_gmt":"2022-10-14 13:30:34","post_content_filtered":"","post_parent":0,"guid":"http:\/\/dev.claret.cat\/autor\/howard-phillips-lovecraft\/","menu_order":0,"post_type":"autor","post_mime_type":"","comment_count":"0","filter":"raw"}]},"aioseo_notices":[],"_links":{"self":[{"href":"https:\/\/www.claret.cat\/es\/wp-json\/wp\/v2\/product\/449453","targetHints":{"allow":["GET"]}}],"collection":[{"href":"https:\/\/www.claret.cat\/es\/wp-json\/wp\/v2\/product"}],"about":[{"href":"https:\/\/www.claret.cat\/es\/wp-json\/wp\/v2\/types\/product"}],"wp:featuredmedia":[{"embeddable":true,"href":"https:\/\/www.claret.cat\/es\/wp-json\/wp\/v2\/media\/449454"}],"wp:attachment":[{"href":"https:\/\/www.claret.cat\/es\/wp-json\/wp\/v2\/media?parent=449453"}],"wp:term":[{"taxonomy":"product_brand","embeddable":true,"href":"https:\/\/www.claret.cat\/es\/wp-json\/wp\/v2\/product_brand?post=449453"},{"taxonomy":"product_cat","embeddable":true,"href":"https:\/\/www.claret.cat\/es\/wp-json\/wp\/v2\/product_cat?post=449453"},{"taxonomy":"product_tag","embeddable":true,"href":"https:\/\/www.claret.cat\/es\/wp-json\/wp\/v2\/product_tag?post=449453"}],"curies":[{"name":"wp","href":"https:\/\/api.w.org\/{rel}","templated":true}]}}