{"id":449485,"date":"2023-07-04T16:30:10","date_gmt":"2023-07-04T14:30:10","guid":{"rendered":"https:\/\/www.claret.cat\/llibre\/moralia-obra-postuma-9788490619810\/"},"modified":"2023-09-12T17:00:57","modified_gmt":"2023-09-12T15:00:57","slug":"moralia-obra-postuma-9788490619810","status":"publish","type":"product","link":"https:\/\/www.claret.cat\/es\/libro\/moralia-obra-postuma-9788490619810\/","title":{"rendered":"MORALIA. OBRA P\u00d3STUMA"},"content":{"rendered":"<p>Dietrich von Hildebrand (1889-1977) es uno de los mayores exponentes de la \u00e9tica fenomenol\u00f3gica de los valores. Formado con Husserl y Scheler, desarroll\u00f3 su propio pensamiento moral desde la idea del valor y de la respuesta de la persona a \u00e9l, con el horizonte de la \u00e9tica y la revelaci\u00f3n cristiana. Tras exponer los fundamentos de su filosof\u00eda sobre todo en su \u00c9tica, Hildebrand escribe, ya al final de su vida, este volumen de escritos morales (Moralia). En \u00e9l contin\u00faa y complementa sus ideas de forma  detallada y clara, como se ve bien por su pormenorizado \u00edndice, con su acostumbrado estilo a la vez profundo y sencillo. As\u00ed, este texto presenta de una manera asequible la exposici\u00f3n m\u00e1s completa de la \u00e9tica de este conocido autor: una propuesta moral que trata tanto de bienes y valores como de virtudes y deberes, nutrida y avalada adem\u00e1s por numerosas descripciones de la experiencia ordinaria, sin excluir las de la vida cristiana.<\/p>\n","protected":false},"excerpt":{"rendered":"<p>HILDEBRAND, DIETRICH VON<\/p>\n","protected":false},"featured_media":678467,"template":"","meta":{"_acf_changed":false,"om_disable_all_campaigns":false,"rs_blank_template":"","rs_page_bg_color":"","slide_template_v7":"","inline_featured_image":false,"_monsterinsights_skip_tracking":false,"_monsterinsights_sitenote_active":false,"_monsterinsights_sitenote_note":"","_monsterinsights_sitenote_category":0},"product_brand":[],"product_cat":[90,540],"product_tag":[],"class_list":{"0":"post-449485","1":"product","2":"type-product","3":"status-publish","4":"has-post-thumbnail","6":"product_cat-altres","7":"product_cat-otros","9":"first","10":"instock","11":"taxable","12":"shipping-taxable","13":"purchasable","14":"product-type-simple"},"acf":{"autor":"HILDEBRAND, DIETRICH VON","codart":"849061981","libros-coleccion":"Biblioteca Palabra","ediciones":"1","encuadernacion":"R\u00fastica","fecha_de_publicacion":"01\/07\/2020","novedad":"1","paginas":"0","subtitulo":"OBRA POSTUMA","orden":"0","portada":"0","idioma":"spa","editorial":[{"ID":148621,"post_author":"3","post_date":"2022-10-14 11:59:41","post_date_gmt":"2022-10-14 09:59:41","post_content":"","post_title":"PALABRA","post_excerpt":"","post_status":"publish","comment_status":"closed","ping_status":"closed","post_password":"","post_name":"palabra","to_ping":"","pinged":"","post_modified":"2022-10-14 11:59:41","post_modified_gmt":"2022-10-14 09:59:41","post_content_filtered":"","post_parent":0,"guid":"http:\/\/dev.claret.cat\/editorial\/palabra\/","menu_order":0,"post_type":"editorial","post_mime_type":"","comment_count":"0","filter":"raw"}],"autores-libros":[{"ID":343354,"post_author":"3","post_date":"2023-01-13 17:36:57","post_date_gmt":"2023-01-13 16:36:57","post_content":"","post_title":"DIETRICH VON HILDEBRAND","post_excerpt":"","post_status":"publish","comment_status":"closed","ping_status":"closed","post_password":"","post_name":"dietrich-von-hildebrand-2","to_ping":"","pinged":"","post_modified":"2023-01-13 17:36:57","post_modified_gmt":"2023-01-13 16:36:57","post_content_filtered":"","post_parent":0,"guid":"https:\/\/www.claret.cat\/autor\/dietrich-von-hildebrand-2\/","menu_order":0,"post_type":"autor","post_mime_type":"","comment_count":"0","filter":"raw"}]},"aioseo_notices":[],"_links":{"self":[{"href":"https:\/\/www.claret.cat\/es\/wp-json\/wp\/v2\/product\/449485","targetHints":{"allow":["GET"]}}],"collection":[{"href":"https:\/\/www.claret.cat\/es\/wp-json\/wp\/v2\/product"}],"about":[{"href":"https:\/\/www.claret.cat\/es\/wp-json\/wp\/v2\/types\/product"}],"wp:featuredmedia":[{"embeddable":true,"href":"https:\/\/www.claret.cat\/es\/wp-json\/wp\/v2\/media\/678467"}],"wp:attachment":[{"href":"https:\/\/www.claret.cat\/es\/wp-json\/wp\/v2\/media?parent=449485"}],"wp:term":[{"taxonomy":"product_brand","embeddable":true,"href":"https:\/\/www.claret.cat\/es\/wp-json\/wp\/v2\/product_brand?post=449485"},{"taxonomy":"product_cat","embeddable":true,"href":"https:\/\/www.claret.cat\/es\/wp-json\/wp\/v2\/product_cat?post=449485"},{"taxonomy":"product_tag","embeddable":true,"href":"https:\/\/www.claret.cat\/es\/wp-json\/wp\/v2\/product_tag?post=449485"}],"curies":[{"name":"wp","href":"https:\/\/api.w.org\/{rel}","templated":true}]}}