{"id":449502,"date":"2023-07-04T18:00:10","date_gmt":"2023-07-04T16:00:10","guid":{"rendered":"https:\/\/www.claret.cat\/llibre\/bowie-petita-biografia-illustrada-9788417744809\/"},"modified":"2023-10-11T02:09:15","modified_gmt":"2023-10-11T00:09:15","slug":"bowie-petita-biografia-illustrada-9788417744809","status":"publish","type":"product","link":"https:\/\/www.claret.cat\/es\/libro\/bowie-petita-biografia-illustrada-9788417744809\/","title":{"rendered":"BOWIE. PETITA BIOGRAFIA IL\u00b7LUSTRADA"},"content":{"rendered":"<p>El 8 de gener de 2016, David Robert Jones va complir 69 anys i va publicar Blackstar, el seu sorprenent regal de comiat. Dos dies m\u00e9s tard el seu cor va deixar de palpitar i es va transformar definitivament en una llegenda.<br \/>El nostre minillibre David Bowie \u00e9s un homenatge a un dels m\u00fasics m\u00e9s agosarats i vers\u00e0tils del rock i el pop, alg\u00fa que es va atrevir a transformar la seva vida en una obra d\u2019art fins a l\u2019\u00faltim dels seus sospirs. Un recorregut per tota la seva m\u00fasica, comentant cadascun dels seus \u00e0lbums, el seu comen\u00e7ament, les seves transformacions, el per\u00edode experimental alemany i el salt al m\u00f3n del pop en els 80.<br \/>Sense deixar de costat la seva gran influ\u00e8ncia en la moda i el gran segell que ha deixat en l\u2019\u00e0mbit art\u00edstic.<br \/>Amb il\u00b7lustracions originals.<\/p>\n<p>Detalls del minillibre David Bowie:<br \/>152 p\u00e0gines<br \/>9 cm x 9 cm<br \/>Tapa tova<\/p>\n","protected":false},"excerpt":{"rendered":"<p>D\u00cdAZ, IN\u00c9S<\/p>\n","protected":false},"featured_media":449503,"template":"","meta":{"_acf_changed":false,"om_disable_all_campaigns":false,"rs_blank_template":"","rs_page_bg_color":"","slide_template_v7":"","inline_featured_image":false,"_monsterinsights_skip_tracking":false,"_monsterinsights_sitenote_active":false,"_monsterinsights_sitenote_note":"","_monsterinsights_sitenote_category":0},"product_brand":[],"product_cat":[105,555],"product_tag":[],"class_list":{"0":"post-449502","1":"product","2":"type-product","3":"status-publish","4":"has-post-thumbnail","6":"product_cat-regal","7":"product_cat-regalo","9":"first","10":"instock","11":"taxable","12":"shipping-taxable","13":"purchasable","14":"product-type-simple"},"acf":{"autor":"D\u00cdAZ, IN\u00c9S","codart":"841774480","libros-coleccion":"","ediciones":"1","encuadernacion":"R\u00fastica","fecha_de_publicacion":"01\/12\/2019","novedad":"1","paginas":"152","subtitulo":"","orden":"0","portada":"0","idioma":"spa","editorial":[{"ID":147579,"post_author":"3","post_date":"2022-10-14 11:51:39","post_date_gmt":"2022-10-14 09:51:39","post_content":"","post_title":"Caballo Regalado","post_excerpt":"","post_status":"publish","comment_status":"closed","ping_status":"closed","post_password":"","post_name":"caballo-regalado","to_ping":"","pinged":"","post_modified":"2022-10-14 11:51:39","post_modified_gmt":"2022-10-14 09:51:39","post_content_filtered":"","post_parent":0,"guid":"http:\/\/dev.claret.cat\/editorial\/caballo-regalado\/","menu_order":0,"post_type":"editorial","post_mime_type":"","comment_count":"0","filter":"raw"}],"autores-libros":[{"ID":448816,"post_author":"3","post_date":"2023-06-28 11:00:30","post_date_gmt":"2023-06-28 09:00:30","post_content":"","post_title":"INES DIAZ","post_excerpt":"","post_status":"publish","comment_status":"closed","ping_status":"closed","post_password":"","post_name":"ines-diaz","to_ping":"","pinged":"","post_modified":"2023-06-28 11:00:30","post_modified_gmt":"2023-06-28 09:00:30","post_content_filtered":"","post_parent":0,"guid":"https:\/\/www.claret.cat\/autor\/ines-diaz\/","menu_order":0,"post_type":"autor","post_mime_type":"","comment_count":"0","filter":"raw"}]},"aioseo_notices":[],"_links":{"self":[{"href":"https:\/\/www.claret.cat\/es\/wp-json\/wp\/v2\/product\/449502","targetHints":{"allow":["GET"]}}],"collection":[{"href":"https:\/\/www.claret.cat\/es\/wp-json\/wp\/v2\/product"}],"about":[{"href":"https:\/\/www.claret.cat\/es\/wp-json\/wp\/v2\/types\/product"}],"wp:featuredmedia":[{"embeddable":true,"href":"https:\/\/www.claret.cat\/es\/wp-json\/wp\/v2\/media\/449503"}],"wp:attachment":[{"href":"https:\/\/www.claret.cat\/es\/wp-json\/wp\/v2\/media?parent=449502"}],"wp:term":[{"taxonomy":"product_brand","embeddable":true,"href":"https:\/\/www.claret.cat\/es\/wp-json\/wp\/v2\/product_brand?post=449502"},{"taxonomy":"product_cat","embeddable":true,"href":"https:\/\/www.claret.cat\/es\/wp-json\/wp\/v2\/product_cat?post=449502"},{"taxonomy":"product_tag","embeddable":true,"href":"https:\/\/www.claret.cat\/es\/wp-json\/wp\/v2\/product_tag?post=449502"}],"curies":[{"name":"wp","href":"https:\/\/api.w.org\/{rel}","templated":true}]}}