{"id":449539,"date":"2023-07-05T12:55:07","date_gmt":"2023-07-05T10:55:07","guid":{"rendered":"https:\/\/www.claret.cat\/llibre\/la-fuerza-del-realismo-9788431338398\/"},"modified":"2026-01-19T11:45:38","modified_gmt":"2026-01-19T10:45:38","slug":"la-fuerza-del-realismo-9788431338398","status":"publish","type":"product","link":"https:\/\/www.claret.cat\/es\/libro\/la-fuerza-del-realismo-9788431338398\/","title":{"rendered":"LA FUERZA DEL REALISMO"},"content":{"rendered":"<p>\u00abLa filosof\u00eda no es estrictamente un conocimiento o una ciencia ya hecha, sino s\u00f3lo una tendencia, una disposici\u00f3n innata del hombre. Lejos de ser un acopio seguro de conocimientos enciclop\u00e9dicamente armados, se presenta como un deseo o una tensi\u00f3n, que tiene m\u00e1s de intento que de logro, m\u00e1s de b\u00fasquedaque de encuentro, o ?como dice su origen etimol\u00f3gico? posee, en \u00faltimo t\u00e9rmino, m\u00e1s de amor que de sabidur\u00eda, m\u00e1s de phil\u00eda que de soph\u00eda\u00bb<\/p>\n","protected":false},"excerpt":{"rendered":"<p>DOVAL, V\u00cdCTOR ISOLINO \/ PICOS MORENO, JES\u00daS ARTURO<\/p>\n","protected":false},"featured_media":449540,"template":"","meta":{"_acf_changed":false,"om_disable_all_campaigns":false,"rs_blank_template":"","rs_page_bg_color":"","slide_template_v7":"","inline_featured_image":false,"_monsterinsights_skip_tracking":false,"_monsterinsights_sitenote_active":false,"_monsterinsights_sitenote_note":"","_monsterinsights_sitenote_category":0},"product_brand":[],"product_cat":[373,166,168,439],"product_tag":[],"class_list":{"0":"post-449539","1":"product","2":"type-product","3":"status-publish","4":"has-post-thumbnail","6":"product_cat-autores","7":"product_cat-autors-filosofia","8":"product_cat-teoria-del-coneixement","9":"product_cat-teoria-del-conocimiento","11":"first","12":"instock","13":"taxable","14":"shipping-taxable","15":"purchasable","16":"product-type-simple"},"acf":{"autor":"DOVAL, V\u00cdCTOR ISOLINO \/ PICOS MORENO, JES\u00daS ARTURO","codart":"843133839","libros-coleccion":"FORA DE COL.LECCI\u00d3","ediciones":"1","encuadernacion":"R\u00fastica","fecha_de_publicacion":"01\/06\/2023","novedad":"1","paginas":"564","subtitulo":"ENSAYOS SOBRE LA OBRA FILOS\u00d3FICA DE CARLOS LLANO","orden":"0","portada":"0","idioma":"spa","editorial":[{"ID":6251,"post_author":"3","post_date":"2022-07-28 17:48:11","post_date_gmt":"2022-07-28 15:48:11","post_content":"","post_title":"EUNSA. EDICIONES UNIVERSIDAD DE NAVARRA","post_excerpt":"","post_status":"publish","comment_status":"closed","ping_status":"closed","post_password":"","post_name":"eunsa-ediciones-universidad-de-navarra","to_ping":"","pinged":"","post_modified":"2022-07-28 17:48:11","post_modified_gmt":"2022-07-28 15:48:11","post_content_filtered":"","post_parent":0,"guid":"http:\/\/dev.claret.cat\/editorial\/eunsa-ediciones-universidad-de-navarra\/","menu_order":0,"post_type":"editorial","post_mime_type":"","comment_count":"0","filter":"raw"}],"autores-libros":[{"ID":449617,"post_author":"3","post_date":"2023-07-05 16:10:59","post_date_gmt":"2023-07-05 14:10:59","post_content":"","post_title":"V\u00cdCTOR ISOLINO DOVAL","post_excerpt":"","post_status":"publish","comment_status":"closed","ping_status":"closed","post_password":"","post_name":"victor-isolino-doval","to_ping":"","pinged":"","post_modified":"2023-07-05 16:10:59","post_modified_gmt":"2023-07-05 14:10:59","post_content_filtered":"","post_parent":0,"guid":"https:\/\/www.claret.cat\/autor\/victor-isolino-doval\/","menu_order":0,"post_type":"autor","post_mime_type":"","comment_count":"0","filter":"raw"},{"ID":449616,"post_author":"3","post_date":"2023-07-05 16:10:58","post_date_gmt":"2023-07-05 14:10:58","post_content":"","post_title":"JES\u00daS ARTURO PICOS MORENO","post_excerpt":"","post_status":"publish","comment_status":"closed","ping_status":"closed","post_password":"","post_name":"jesus-arturo-picos-moreno","to_ping":"","pinged":"","post_modified":"2023-07-05 16:10:58","post_modified_gmt":"2023-07-05 14:10:58","post_content_filtered":"","post_parent":0,"guid":"https:\/\/www.claret.cat\/autor\/jesus-arturo-picos-moreno\/","menu_order":0,"post_type":"autor","post_mime_type":"","comment_count":"0","filter":"raw"}],"booktrailer":"","resenas":""},"aioseo_notices":[],"_links":{"self":[{"href":"https:\/\/www.claret.cat\/es\/wp-json\/wp\/v2\/product\/449539","targetHints":{"allow":["GET"]}}],"collection":[{"href":"https:\/\/www.claret.cat\/es\/wp-json\/wp\/v2\/product"}],"about":[{"href":"https:\/\/www.claret.cat\/es\/wp-json\/wp\/v2\/types\/product"}],"wp:featuredmedia":[{"embeddable":true,"href":"https:\/\/www.claret.cat\/es\/wp-json\/wp\/v2\/media\/449540"}],"wp:attachment":[{"href":"https:\/\/www.claret.cat\/es\/wp-json\/wp\/v2\/media?parent=449539"}],"wp:term":[{"taxonomy":"product_brand","embeddable":true,"href":"https:\/\/www.claret.cat\/es\/wp-json\/wp\/v2\/product_brand?post=449539"},{"taxonomy":"product_cat","embeddable":true,"href":"https:\/\/www.claret.cat\/es\/wp-json\/wp\/v2\/product_cat?post=449539"},{"taxonomy":"product_tag","embeddable":true,"href":"https:\/\/www.claret.cat\/es\/wp-json\/wp\/v2\/product_tag?post=449539"}],"curies":[{"name":"wp","href":"https:\/\/api.w.org\/{rel}","templated":true}]}}