{"id":449584,"date":"2023-07-05T13:40:27","date_gmt":"2023-07-05T11:40:27","guid":{"rendered":"https:\/\/www.claret.cat\/llibre\/la-historia-oficial-del-tour-de-francia-2023-9788412558586\/"},"modified":"2025-07-23T17:50:17","modified_gmt":"2025-07-23T15:50:17","slug":"la-historia-oficial-del-tour-de-francia-2023-9788412558586","status":"publish","type":"product","link":"https:\/\/www.claret.cat\/es\/libro\/la-historia-oficial-del-tour-de-francia-2023-9788412558586\/","title":{"rendered":"LA HISTORIA OFICIAL DEL TOUR DE FRANCIA (2023)"},"content":{"rendered":"<p>Edici\u00f3n actualizada y revisada del libro oficial de la historia del Tour de Francia. 176 p\u00e1ginas a color, en formato tapa dura y edici\u00f3n de lujo sobre la historia de uno de los mayores eventos deportivos anuales y la principal competici\u00f3n del ciclismo mundial. A trav\u00e9s de m\u00e1s de 300 fotograf\u00edas, documentos raramente vistos y objetos de recuerdo, este libro cubre m\u00e1s de un siglo de historias fascinantes sobre el Tour y su ic\u00f3nico maillot amarillo. Edici\u00f3n revisada y actualizada, incluye un relato narrativo autorizado de cada \u00e9poca de la carrera.<\/p>\n","protected":false},"excerpt":{"rendered":"<p>EDWARDES-EVANS, LUKE \/ LAGET, SERGE \/ MCGRATH, ANDY<\/p>\n","protected":false},"featured_media":449585,"template":"","meta":{"_acf_changed":false,"om_disable_all_campaigns":false,"rs_blank_template":"","rs_page_bg_color":"","slide_template_v7":"","inline_featured_image":false,"_monsterinsights_skip_tracking":false,"_monsterinsights_sitenote_active":false,"_monsterinsights_sitenote_note":"","_monsterinsights_sitenote_category":0},"product_brand":[],"product_cat":[552,102,546,96],"product_tag":[],"class_list":{"0":"post-449584","1":"product","2":"type-product","3":"status-publish","4":"has-post-thumbnail","6":"product_cat-calendarios-y-agendas","7":"product_cat-calendaris-i-agendes","8":"product_cat-deportes","9":"product_cat-esports","11":"first","12":"instock","13":"taxable","14":"shipping-taxable","15":"purchasable","16":"product-type-simple"},"acf":{"autor":"EDWARDES-EVANS, LUKE \/ LAGET, SERGE \/ MCGRATH, ANDY","codart":"841255858","libros-coleccion":"","ediciones":"1","encuadernacion":"Carton\u00e9","fecha_de_publicacion":"01\/06\/2023","novedad":"1","paginas":"176","subtitulo":"REVISADA Y ACTUALIZADA","orden":"0","portada":"0","idioma":"spa","editorial":[{"ID":148429,"post_author":"3","post_date":"2022-10-14 11:58:10","post_date_gmt":"2022-10-14 09:58:10","post_content":"","post_title":"LIBROS DE RUTA","post_excerpt":"","post_status":"publish","comment_status":"closed","ping_status":"closed","post_password":"","post_name":"libros-de-ruta","to_ping":"","pinged":"","post_modified":"2022-10-14 11:58:10","post_modified_gmt":"2022-10-14 09:58:10","post_content_filtered":"","post_parent":0,"guid":"http:\/\/dev.claret.cat\/editorial\/libros-de-ruta\/","menu_order":0,"post_type":"editorial","post_mime_type":"","comment_count":"0","filter":"raw"}],"autores-libros":[{"ID":449582,"post_author":"3","post_date":"2023-07-05 13:40:23","post_date_gmt":"2023-07-05 11:40:23","post_content":"","post_title":"LUKE EDWARDES-EVANS","post_excerpt":"","post_status":"publish","comment_status":"closed","ping_status":"closed","post_password":"","post_name":"luke-edwardes-evans","to_ping":"","pinged":"","post_modified":"2023-07-05 13:40:23","post_modified_gmt":"2023-07-05 11:40:23","post_content_filtered":"","post_parent":0,"guid":"https:\/\/www.claret.cat\/autor\/luke-edwardes-evans\/","menu_order":0,"post_type":"autor","post_mime_type":"","comment_count":"0","filter":"raw"},{"ID":449583,"post_author":"3","post_date":"2023-07-05 13:40:25","post_date_gmt":"2023-07-05 11:40:25","post_content":"","post_title":"SERGE LAGET","post_excerpt":"","post_status":"publish","comment_status":"closed","ping_status":"closed","post_password":"","post_name":"serge-laget","to_ping":"","pinged":"","post_modified":"2023-07-05 13:40:25","post_modified_gmt":"2023-07-05 11:40:25","post_content_filtered":"","post_parent":0,"guid":"https:\/\/www.claret.cat\/autor\/serge-laget\/","menu_order":0,"post_type":"autor","post_mime_type":"","comment_count":"0","filter":"raw"},{"ID":449581,"post_author":"3","post_date":"2023-07-05 13:40:22","post_date_gmt":"2023-07-05 11:40:22","post_content":"","post_title":"ANDY MCGRATH","post_excerpt":"","post_status":"publish","comment_status":"closed","ping_status":"closed","post_password":"","post_name":"andy-mcgrath","to_ping":"","pinged":"","post_modified":"2023-07-05 13:40:22","post_modified_gmt":"2023-07-05 11:40:22","post_content_filtered":"","post_parent":0,"guid":"https:\/\/www.claret.cat\/autor\/andy-mcgrath\/","menu_order":0,"post_type":"autor","post_mime_type":"","comment_count":"0","filter":"raw"}],"booktrailer":"","resenas":""},"aioseo_notices":[],"_links":{"self":[{"href":"https:\/\/www.claret.cat\/es\/wp-json\/wp\/v2\/product\/449584","targetHints":{"allow":["GET"]}}],"collection":[{"href":"https:\/\/www.claret.cat\/es\/wp-json\/wp\/v2\/product"}],"about":[{"href":"https:\/\/www.claret.cat\/es\/wp-json\/wp\/v2\/types\/product"}],"wp:featuredmedia":[{"embeddable":true,"href":"https:\/\/www.claret.cat\/es\/wp-json\/wp\/v2\/media\/449585"}],"wp:attachment":[{"href":"https:\/\/www.claret.cat\/es\/wp-json\/wp\/v2\/media?parent=449584"}],"wp:term":[{"taxonomy":"product_brand","embeddable":true,"href":"https:\/\/www.claret.cat\/es\/wp-json\/wp\/v2\/product_brand?post=449584"},{"taxonomy":"product_cat","embeddable":true,"href":"https:\/\/www.claret.cat\/es\/wp-json\/wp\/v2\/product_cat?post=449584"},{"taxonomy":"product_tag","embeddable":true,"href":"https:\/\/www.claret.cat\/es\/wp-json\/wp\/v2\/product_tag?post=449584"}],"curies":[{"name":"wp","href":"https:\/\/api.w.org\/{rel}","templated":true}]}}