{"id":44959,"date":"2022-10-02T21:57:05","date_gmt":"2022-10-02T19:57:05","guid":{"rendered":"http:\/\/dev.claret.cat\/producte\/21-llicons-per-al-segle-xxi\/"},"modified":"2024-04-23T14:15:14","modified_gmt":"2024-04-23T12:15:14","slug":"21-llicons-per-al-segle-xxi-9788418572715","status":"publish","type":"product","link":"https:\/\/www.claret.cat\/es\/libro\/21-llicons-per-al-segle-xxi-9788418572715\/","title":{"rendered":"21 LLI\u00c7ONS PER AL SEGLE XXI"},"content":{"rendered":"<p>Per qu\u00e8 la democr\u00e0cia liberal est\u00e0 en crisi? Com podem definir la just\u00edcia? D\u00e9u ha tornat? Qu\u00e8 indica l&#8221;ascens al poder de Trump? Qu\u00e8 cal fer contra l&#8221;epid\u00e8mia de les not\u00edcies falses? Quina civilitzaci\u00f3 domina el m\u00f3n? Haur\u00edem de mantenir les portes obertes als immigrants? El nacionalisme pot solucionar els problemes de la desigualtat? I el canvi clim\u00e0tic? El terrorisme \u00e9s un conflicte pol\u00edtic global o un mecanisme psicol\u00f2gic intern? Fins a quin punt s\u00f3n rellevants els drets humans en el segle xxi?<br \/> Despr\u00e9s que\u00a0S\u00e0piens\u00a0examin\u00e9s el passat de la humanitat i\u00a0Homo Deus\u00a0reflexion\u00e9s sobre la nostra exist\u00e8ncia en un futur,\u00a021 lli\u00e7ons per al segle xxi\u00a0pren el pols al m\u00f3n global actual i se centra en els temes m\u00e9s importants del present.<br \/> Tracta q\u00fcestions pol\u00edtiques, socials, tecnol\u00f2giques i existencials, i destaca l&#8221;impacte que tenen en les vides quotidianes dels \u00e9ssers humans. D&#8221;una manera clara i accessible, Y. N. Harari convida el lector a meditar sobre els valors, el significat i el comprom\u00eds personal en un m\u00f3n ple de soroll i d&#8221;incertesa.<\/p>\n","protected":false},"excerpt":{"rendered":"<p>NOAH HARARI, YUVAL<\/p>\n","protected":false},"featured_media":393389,"template":"","meta":{"_acf_changed":false,"om_disable_all_campaigns":false,"rs_blank_template":"","rs_page_bg_color":"","slide_template_v7":"","inline_featured_image":false,"_monsterinsights_skip_tracking":false,"_monsterinsights_sitenote_active":false,"_monsterinsights_sitenote_note":"","_monsterinsights_sitenote_category":0},"product_brand":[],"product_cat":[156,369,157,370],"product_tag":[],"class_list":{"0":"post-44959","1":"product","2":"type-product","3":"status-publish","4":"has-post-thumbnail","6":"product_cat-arqueologia-i-paleografia","7":"product_cat-arqueologia-y-paleografia","8":"product_cat-investigacio-i-corrents","9":"product_cat-investigacion-y-corrientes","11":"first","12":"instock","13":"taxable","14":"shipping-taxable","15":"purchasable","16":"product-type-simple"},"acf":{"autor":"NOAH HARARI, YUVAL","codart":"841857271","libros-coleccion":"LABUTXACA","ediciones":"1","encuadernacion":"R\u00fastica","fecha_de_publicacion":"01\/02\/2022","novedad":"1","paginas":"492","subtitulo":"","orden":"0","portada":"0","idioma":"cat","editorial":[{"ID":6281,"post_author":"3","post_date":"2022-07-28 17:48:50","post_date_gmt":"2022-07-28 15:48:50","post_content":"","post_title":"LABUTXACA","post_excerpt":"","post_status":"publish","comment_status":"closed","ping_status":"closed","post_password":"","post_name":"labutxaca","to_ping":"","pinged":"","post_modified":"2022-07-28 17:48:50","post_modified_gmt":"2022-07-28 15:48:50","post_content_filtered":"","post_parent":0,"guid":"http:\/\/dev.claret.cat\/editorial\/labutxaca\/","menu_order":0,"post_type":"editorial","post_mime_type":"","comment_count":"0","filter":"raw"}],"autores-libros":[{"ID":6105,"post_author":"3","post_date":"2022-07-28 17:38:17","post_date_gmt":"2022-07-28 15:38:17","post_content":"","post_title":"YUVAL NOAH HARARI","post_excerpt":"","post_status":"publish","comment_status":"closed","ping_status":"closed","post_password":"","post_name":"yuval-noah-harari","to_ping":"","pinged":"","post_modified":"2022-07-28 17:38:17","post_modified_gmt":"2022-07-28 15:38:17","post_content_filtered":"","post_parent":0,"guid":"http:\/\/dev.claret.cat\/autor\/yuval-noah-harari\/","menu_order":0,"post_type":"autor","post_mime_type":"","comment_count":"0","filter":"raw"}]},"aioseo_notices":[],"_links":{"self":[{"href":"https:\/\/www.claret.cat\/es\/wp-json\/wp\/v2\/product\/44959","targetHints":{"allow":["GET"]}}],"collection":[{"href":"https:\/\/www.claret.cat\/es\/wp-json\/wp\/v2\/product"}],"about":[{"href":"https:\/\/www.claret.cat\/es\/wp-json\/wp\/v2\/types\/product"}],"wp:featuredmedia":[{"embeddable":true,"href":"https:\/\/www.claret.cat\/es\/wp-json\/wp\/v2\/media\/393389"}],"wp:attachment":[{"href":"https:\/\/www.claret.cat\/es\/wp-json\/wp\/v2\/media?parent=44959"}],"wp:term":[{"taxonomy":"product_brand","embeddable":true,"href":"https:\/\/www.claret.cat\/es\/wp-json\/wp\/v2\/product_brand?post=44959"},{"taxonomy":"product_cat","embeddable":true,"href":"https:\/\/www.claret.cat\/es\/wp-json\/wp\/v2\/product_cat?post=44959"},{"taxonomy":"product_tag","embeddable":true,"href":"https:\/\/www.claret.cat\/es\/wp-json\/wp\/v2\/product_tag?post=44959"}],"curies":[{"name":"wp","href":"https:\/\/api.w.org\/{rel}","templated":true}]}}