{"id":449612,"date":"2023-07-05T16:10:34","date_gmt":"2023-07-05T14:10:34","guid":{"rendered":"https:\/\/www.claret.cat\/llibre\/a-imagen-de-dios-en-cristo-9788431338473\/"},"modified":"2026-01-19T11:46:09","modified_gmt":"2026-01-19T10:46:09","slug":"a-imagen-de-dios-en-cristo-9788431338473","status":"publish","type":"product","link":"https:\/\/www.claret.cat\/es\/libro\/a-imagen-de-dios-en-cristo-9788431338473\/","title":{"rendered":"A IMAGEN DE DIOS EN CRISTO"},"content":{"rendered":"<p><span>El inter\u00e9s de fondo que mueve las reflexiones contenidas en este libro consiste en comprender mejor la relaci\u00f3n que, fundada en el amor de Dios y ampliamente atestiguada en la doctrina revelada, existe entre el misterio trinitario y la salvaci\u00f3n del hombre. Esta \u00faltima en conformidad tambi\u00e9n con la doctrina revelada, la entendemos, ante todo, como la plena realizaci\u00f3n de nuestro destino eterno, que consiste en la participaci\u00f3n personal en la comuni\u00f3n trinitaria como hijos del Padre en el Hijo por el Esp\u00edritu Santo. En el anuncio de su cumplimiento se contempla ya tambi\u00e9n, como el todo en la parte, su incoaci\u00f3n en esta vida merced a la incorporaci\u00f3n del hombre por medio de la gracia al misterio del Verbo encarnado. En el Hijo de Dios encarnado, muerto y resucitado no solamente ha sido absolutamente revelado el misterio \u00edntimo de Dios, sino adem\u00e1s, a la vez el misterio de la persona humana en cuanto criatura creada a imagen de Dios y llamada a participar en Cristo de esa vida \u00edntima de Dios.<\/span><\/p>\n","protected":false},"excerpt":{"rendered":"<p>ARANDA LOME\u00d1A, ANTONIO<\/p>\n","protected":false},"featured_media":450832,"template":"","meta":{"_acf_changed":false,"om_disable_all_campaigns":false,"rs_blank_template":"","rs_page_bg_color":"","slide_template_v7":"","inline_featured_image":false,"_monsterinsights_skip_tracking":false,"_monsterinsights_sitenote_active":false,"_monsterinsights_sitenote_note":"","_monsterinsights_sitenote_category":0},"product_brand":[],"product_cat":[279,509],"product_tag":[],"class_list":{"0":"post-449612","1":"product","2":"type-product","3":"status-publish","4":"has-post-thumbnail","6":"product_cat-antropologia-teologica","7":"product_cat-antropologia-teologica-teologia-1_espiritualidad","9":"first","10":"instock","11":"taxable","12":"shipping-taxable","13":"purchasable","14":"product-type-simple"},"acf":{"autor":"ARANDA LOME\u00d1A, ANTONIO","codart":"843133847","libros-coleccion":"Teol\u00f3gica","ediciones":"1","encuadernacion":"R\u00fastica","fecha_de_publicacion":"01\/06\/2023","novedad":"1","paginas":"412","subtitulo":"CUESTIONES DE ANTROPOLOG\u00cdA TEOL\u00d3GICA","orden":"0","portada":"1","idioma":"spa","editorial":[{"ID":6251,"post_author":"3","post_date":"2022-07-28 17:48:11","post_date_gmt":"2022-07-28 15:48:11","post_content":"","post_title":"EUNSA. EDICIONES UNIVERSIDAD DE NAVARRA","post_excerpt":"","post_status":"publish","comment_status":"closed","ping_status":"closed","post_password":"","post_name":"eunsa-ediciones-universidad-de-navarra","to_ping":"","pinged":"","post_modified":"2022-07-28 17:48:11","post_modified_gmt":"2022-07-28 15:48:11","post_content_filtered":"","post_parent":0,"guid":"http:\/\/dev.claret.cat\/editorial\/eunsa-ediciones-universidad-de-navarra\/","menu_order":0,"post_type":"editorial","post_mime_type":"","comment_count":"0","filter":"raw"}],"autores-libros":[{"ID":150879,"post_author":"3","post_date":"2022-10-14 14:36:27","post_date_gmt":"2022-10-14 12:36:27","post_content":"","post_title":"ANTONIO ARANDA LOME\u00d1A","post_excerpt":"","post_status":"publish","comment_status":"closed","ping_status":"closed","post_password":"","post_name":"antonio-aranda-lomena","to_ping":"","pinged":"","post_modified":"2022-10-14 14:36:27","post_modified_gmt":"2022-10-14 12:36:27","post_content_filtered":"","post_parent":0,"guid":"http:\/\/dev.claret.cat\/autor\/antonio-aranda-lomena\/","menu_order":0,"post_type":"autor","post_mime_type":"","comment_count":"0","filter":"raw"}],"booktrailer":"","resenas":""},"aioseo_notices":[],"_links":{"self":[{"href":"https:\/\/www.claret.cat\/es\/wp-json\/wp\/v2\/product\/449612","targetHints":{"allow":["GET"]}}],"collection":[{"href":"https:\/\/www.claret.cat\/es\/wp-json\/wp\/v2\/product"}],"about":[{"href":"https:\/\/www.claret.cat\/es\/wp-json\/wp\/v2\/types\/product"}],"wp:featuredmedia":[{"embeddable":true,"href":"https:\/\/www.claret.cat\/es\/wp-json\/wp\/v2\/media\/450832"}],"wp:attachment":[{"href":"https:\/\/www.claret.cat\/es\/wp-json\/wp\/v2\/media?parent=449612"}],"wp:term":[{"taxonomy":"product_brand","embeddable":true,"href":"https:\/\/www.claret.cat\/es\/wp-json\/wp\/v2\/product_brand?post=449612"},{"taxonomy":"product_cat","embeddable":true,"href":"https:\/\/www.claret.cat\/es\/wp-json\/wp\/v2\/product_cat?post=449612"},{"taxonomy":"product_tag","embeddable":true,"href":"https:\/\/www.claret.cat\/es\/wp-json\/wp\/v2\/product_tag?post=449612"}],"curies":[{"name":"wp","href":"https:\/\/api.w.org\/{rel}","templated":true}]}}