{"id":449793,"date":"2023-07-06T18:46:34","date_gmt":"2023-07-06T16:46:34","guid":{"rendered":"https:\/\/www.claret.cat\/llibre\/supertona-la-nit-de-les-verdures-vivents-9788466154017\/"},"modified":"2023-10-11T01:26:18","modified_gmt":"2023-10-10T23:26:18","slug":"supertona-la-nit-de-les-verdures-vivents-9788466154017","status":"publish","type":"product","link":"https:\/\/www.claret.cat\/es\/libro\/supertona-la-nit-de-les-verdures-vivents-9788466154017\/","title":{"rendered":"SUPERTONA. LA NIT DE LES VERDURES VIVENTS"},"content":{"rendered":"<p>Socors! El supermercat \u00e9s ple de monstres! Les verdures els veuen per tot arreu, i la Supertona, la superhero\u00efna m\u00e9s atrevida de l&#8217;univers, haur\u00e0 de fer-los veure que all\u00e0 no hi ha res que faci por. O potser s\u00ed?<\/p>\n","protected":false},"excerpt":{"rendered":"<p>HENDRA, SUE \/ LINNET, PAUL<\/p>\n","protected":false},"featured_media":468731,"template":"","meta":{"_acf_changed":false,"om_disable_all_campaigns":false,"rs_blank_template":"","rs_page_bg_color":"","slide_template_v7":"","inline_featured_image":false,"_monsterinsights_skip_tracking":false,"_monsterinsights_sitenote_active":false,"_monsterinsights_sitenote_note":"","_monsterinsights_sitenote_category":0},"product_brand":[],"product_cat":[131,361],"product_tag":[],"class_list":{"0":"post-449793","1":"product","2":"type-product","3":"status-publish","4":"has-post-thumbnail","6":"product_cat-contes-per-infants-0-6-anys","7":"product_cat-cuentos-para-ninos-0-6-anos","9":"first","10":"instock","11":"taxable","12":"shipping-taxable","13":"purchasable","14":"product-type-simple"},"acf":{"autor":"HENDRA, SUE \/ LINNET, PAUL","codart":"846615401","libros-coleccion":"FORA DE COL.LECCI\u00d3","ediciones":"1","encuadernacion":"Carton\u00e9","fecha_de_publicacion":"01\/07\/2023","novedad":"1","paginas":"32","subtitulo":"","orden":"0","portada":"0","idioma":"cat","editorial":[{"ID":147679,"post_author":"3","post_date":"2022-10-14 11:52:25","post_date_gmt":"2022-10-14 09:52:25","post_content":"","post_title":"CRUILLA \/SM-EDICIONS -VALENCIANO\/CATALAN","post_excerpt":"","post_status":"publish","comment_status":"closed","ping_status":"closed","post_password":"","post_name":"cruilla-sm-edicions-valenciano-catalan","to_ping":"","pinged":"","post_modified":"2022-10-14 11:52:25","post_modified_gmt":"2022-10-14 09:52:25","post_content_filtered":"","post_parent":0,"guid":"http:\/\/dev.claret.cat\/editorial\/cruilla-sm-edicions-valenciano-catalan\/","menu_order":0,"post_type":"editorial","post_mime_type":"","comment_count":"0","filter":"raw"}],"autores-libros":[{"ID":386990,"post_author":"3","post_date":"2023-02-11 12:10:45","post_date_gmt":"2023-02-11 11:10:45","post_content":"","post_title":"PAUL LINNET","post_excerpt":"","post_status":"publish","comment_status":"closed","ping_status":"closed","post_password":"","post_name":"paul-linnet-4","to_ping":"","pinged":"","post_modified":"2023-02-11 12:10:45","post_modified_gmt":"2023-02-11 11:10:45","post_content_filtered":"","post_parent":0,"guid":"https:\/\/www.claret.cat\/autor\/paul-linnet-4\/","menu_order":0,"post_type":"autor","post_mime_type":"","comment_count":"0","filter":"raw"},{"ID":386991,"post_author":"3","post_date":"2023-02-11 12:10:46","post_date_gmt":"2023-02-11 11:10:46","post_content":"","post_title":"SUE HENDRA","post_excerpt":"","post_status":"publish","comment_status":"closed","ping_status":"closed","post_password":"","post_name":"sue-hendra","to_ping":"","pinged":"","post_modified":"2023-02-11 12:10:46","post_modified_gmt":"2023-02-11 11:10:46","post_content_filtered":"","post_parent":0,"guid":"https:\/\/www.claret.cat\/autor\/sue-hendra\/","menu_order":0,"post_type":"autor","post_mime_type":"","comment_count":"0","filter":"raw"}]},"aioseo_notices":[],"_links":{"self":[{"href":"https:\/\/www.claret.cat\/es\/wp-json\/wp\/v2\/product\/449793","targetHints":{"allow":["GET"]}}],"collection":[{"href":"https:\/\/www.claret.cat\/es\/wp-json\/wp\/v2\/product"}],"about":[{"href":"https:\/\/www.claret.cat\/es\/wp-json\/wp\/v2\/types\/product"}],"wp:featuredmedia":[{"embeddable":true,"href":"https:\/\/www.claret.cat\/es\/wp-json\/wp\/v2\/media\/468731"}],"wp:attachment":[{"href":"https:\/\/www.claret.cat\/es\/wp-json\/wp\/v2\/media?parent=449793"}],"wp:term":[{"taxonomy":"product_brand","embeddable":true,"href":"https:\/\/www.claret.cat\/es\/wp-json\/wp\/v2\/product_brand?post=449793"},{"taxonomy":"product_cat","embeddable":true,"href":"https:\/\/www.claret.cat\/es\/wp-json\/wp\/v2\/product_cat?post=449793"},{"taxonomy":"product_tag","embeddable":true,"href":"https:\/\/www.claret.cat\/es\/wp-json\/wp\/v2\/product_tag?post=449793"}],"curies":[{"name":"wp","href":"https:\/\/api.w.org\/{rel}","templated":true}]}}