{"id":449802,"date":"2023-07-06T18:50:35","date_gmt":"2023-07-06T16:50:35","guid":{"rendered":"https:\/\/www.claret.cat\/llibre\/una-festa-inoblidable-4t-primaria-projecte-kumi-9788447938568\/"},"modified":"2023-10-11T02:08:22","modified_gmt":"2023-10-11T00:08:22","slug":"una-festa-inoblidable-4t-primaria-projecte-kumi-9788447938568","status":"publish","type":"product","link":"https:\/\/www.claret.cat\/es\/libro\/una-festa-inoblidable-4t-primaria-projecte-kumi-9788447938568\/","title":{"rendered":"UNA FESTA INOBLIDABLE 4T PRIM\u00c0RIA PROJECTE KUMI"},"content":{"rendered":"","protected":false},"excerpt":{"rendered":"<p>PELLICER IBORRA, CARMEN \/ VARELA D\u00c1VILA, MART\u00cdN<\/p>\n","protected":false},"featured_media":449803,"template":"","meta":{"_acf_changed":false,"om_disable_all_campaigns":false,"rs_blank_template":"","rs_page_bg_color":"","slide_template_v7":"","inline_featured_image":false,"_monsterinsights_skip_tracking":false,"_monsterinsights_sitenote_active":false,"_monsterinsights_sitenote_note":"","_monsterinsights_sitenote_category":0},"product_brand":[],"product_cat":[138,571],"product_tag":[],"class_list":{"0":"post-449802","1":"product","2":"type-product","3":"status-publish","4":"has-post-thumbnail","6":"product_cat-primaria","7":"product_cat-primaria-escolar-4_escolar-spa","9":"first","10":"instock","11":"taxable","12":"shipping-taxable","13":"purchasable","14":"product-type-simple"},"acf":{"autor":"PELLICER IBORRA, CARMEN \/ VARELA D\u00c1VILA, MART\u00cdN","codart":"844793856","libros-coleccion":"FORA DE COL.LECCI\u00d3","ediciones":"1","encuadernacion":"R\u00fastica","fecha_de_publicacion":"01\/02\/2019","novedad":"0","paginas":"32","subtitulo":"","orden":"0","portada":"0","idioma":"cat","editorial":[{"ID":147536,"post_author":"3","post_date":"2022-10-14 11:51:19","post_date_gmt":"2022-10-14 09:51:19","post_content":"","post_title":"BAULA-EDELVIVES-VALENCIANO\/CATALAN-TXT-","post_excerpt":"","post_status":"publish","comment_status":"closed","ping_status":"closed","post_password":"","post_name":"baula-edelvives-valenciano-catalan-txt","to_ping":"","pinged":"","post_modified":"2022-10-14 11:51:19","post_modified_gmt":"2022-10-14 09:51:19","post_content_filtered":"","post_parent":0,"guid":"http:\/\/dev.claret.cat\/editorial\/baula-edelvives-valenciano-catalan-txt\/","menu_order":0,"post_type":"editorial","post_mime_type":"","comment_count":"0","filter":"raw"}],"autores-libros":[{"ID":164320,"post_author":"3","post_date":"2022-10-14 17:46:08","post_date_gmt":"2022-10-14 15:46:08","post_content":"","post_title":"MART\u00cdN VARELA D\u00c1VILA","post_excerpt":"","post_status":"publish","comment_status":"closed","ping_status":"closed","post_password":"","post_name":"martin-varela-davila","to_ping":"","pinged":"","post_modified":"2022-10-14 17:46:08","post_modified_gmt":"2022-10-14 15:46:08","post_content_filtered":"","post_parent":0,"guid":"http:\/\/dev.claret.cat\/autor\/martin-varela-davila\/","menu_order":0,"post_type":"autor","post_mime_type":"","comment_count":"0","filter":"raw"},{"ID":152437,"post_author":"3","post_date":"2022-10-14 14:48:45","post_date_gmt":"2022-10-14 12:48:45","post_content":"","post_title":"CARMEN PELLICER IBORRA","post_excerpt":"","post_status":"publish","comment_status":"closed","ping_status":"closed","post_password":"","post_name":"carmen-pellicer-iborra","to_ping":"","pinged":"","post_modified":"2022-10-14 14:48:45","post_modified_gmt":"2022-10-14 12:48:45","post_content_filtered":"","post_parent":0,"guid":"http:\/\/dev.claret.cat\/autor\/carmen-pellicer-iborra\/","menu_order":0,"post_type":"autor","post_mime_type":"","comment_count":"0","filter":"raw"}]},"aioseo_notices":[],"_links":{"self":[{"href":"https:\/\/www.claret.cat\/es\/wp-json\/wp\/v2\/product\/449802","targetHints":{"allow":["GET"]}}],"collection":[{"href":"https:\/\/www.claret.cat\/es\/wp-json\/wp\/v2\/product"}],"about":[{"href":"https:\/\/www.claret.cat\/es\/wp-json\/wp\/v2\/types\/product"}],"wp:featuredmedia":[{"embeddable":true,"href":"https:\/\/www.claret.cat\/es\/wp-json\/wp\/v2\/media\/449803"}],"wp:attachment":[{"href":"https:\/\/www.claret.cat\/es\/wp-json\/wp\/v2\/media?parent=449802"}],"wp:term":[{"taxonomy":"product_brand","embeddable":true,"href":"https:\/\/www.claret.cat\/es\/wp-json\/wp\/v2\/product_brand?post=449802"},{"taxonomy":"product_cat","embeddable":true,"href":"https:\/\/www.claret.cat\/es\/wp-json\/wp\/v2\/product_cat?post=449802"},{"taxonomy":"product_tag","embeddable":true,"href":"https:\/\/www.claret.cat\/es\/wp-json\/wp\/v2\/product_tag?post=449802"}],"curies":[{"name":"wp","href":"https:\/\/api.w.org\/{rel}","templated":true}]}}