{"id":449857,"date":"2023-07-07T13:26:05","date_gmt":"2023-07-07T11:26:05","guid":{"rendered":"https:\/\/www.claret.cat\/llibre\/rimas-y-cuentos-del-bosque-de-las-brumas-1-primaria-9788466125833\/"},"modified":"2023-10-11T02:08:03","modified_gmt":"2023-10-11T00:08:03","slug":"rimas-y-cuentos-del-bosque-de-las-brumas-1-primaria-9788466125833","status":"publish","type":"product","link":"https:\/\/www.claret.cat\/es\/libro\/rimas-y-cuentos-del-bosque-de-las-brumas-1-primaria-9788466125833\/","title":{"rendered":"RIMAS Y CUENTOS DEL BOSQUE DE LAS BRUMAS. 1 PRIMARIA"},"content":{"rendered":"<p>Una\u00a0 acurada selecci\u00f3 de textos literaris senzills, amb estructures repetitives pr\u00f2ximes a l&#8221;oralitat que faciliten la lectura. El fil conductor de les lectures \u00e9s una bruixa que decideix canviar de vida i convertir-se en contacontes.<\/p>\n","protected":false},"excerpt":{"rendered":"<p>EQUIP EDITORIAL CRU\u00cfLLA<\/p>\n","protected":false},"featured_media":452525,"template":"","meta":{"_acf_changed":false,"om_disable_all_campaigns":false,"rs_blank_template":"","rs_page_bg_color":"","slide_template_v7":"","inline_featured_image":false,"_monsterinsights_skip_tracking":false,"_monsterinsights_sitenote_active":false,"_monsterinsights_sitenote_note":"","_monsterinsights_sitenote_category":0},"product_brand":[],"product_cat":[354,123],"product_tag":[],"class_list":{"0":"post-449857","1":"product","2":"type-product","3":"status-publish","4":"has-post-thumbnail","6":"product_cat-clasica","7":"product_cat-classica","9":"first","10":"instock","11":"taxable","12":"shipping-taxable","13":"purchasable","14":"product-type-simple"},"acf":{"autor":"EQUIP EDITORIAL CRU\u00cfLLA","codart":"846612583","libros-coleccion":"","ediciones":"1","encuadernacion":"R\u00fastica","fecha_de_publicacion":"01\/04\/2011","novedad":"0","paginas":"0","subtitulo":"","orden":"0","portada":"0","idioma":"spa","editorial":[{"ID":147679,"post_author":"3","post_date":"2022-10-14 11:52:25","post_date_gmt":"2022-10-14 09:52:25","post_content":"","post_title":"CRUILLA \/SM-EDICIONS -VALENCIANO\/CATALAN","post_excerpt":"","post_status":"publish","comment_status":"closed","ping_status":"closed","post_password":"","post_name":"cruilla-sm-edicions-valenciano-catalan","to_ping":"","pinged":"","post_modified":"2022-10-14 11:52:25","post_modified_gmt":"2022-10-14 09:52:25","post_content_filtered":"","post_parent":0,"guid":"http:\/\/dev.claret.cat\/editorial\/cruilla-sm-edicions-valenciano-catalan\/","menu_order":0,"post_type":"editorial","post_mime_type":"","comment_count":"0","filter":"raw"}],"autores-libros":[{"ID":155210,"post_author":"3","post_date":"2022-10-14 15:11:02","post_date_gmt":"2022-10-14 13:11:02","post_content":"","post_title":"EQUIP EDITORIAL CRU\u00cfLLA","post_excerpt":"","post_status":"publish","comment_status":"closed","ping_status":"closed","post_password":"","post_name":"equip-editorial-cruilla","to_ping":"","pinged":"","post_modified":"2022-10-14 15:11:02","post_modified_gmt":"2022-10-14 13:11:02","post_content_filtered":"","post_parent":0,"guid":"http:\/\/dev.claret.cat\/autor\/equip-editorial-cruilla\/","menu_order":0,"post_type":"autor","post_mime_type":"","comment_count":"0","filter":"raw"}]},"aioseo_notices":[],"_links":{"self":[{"href":"https:\/\/www.claret.cat\/es\/wp-json\/wp\/v2\/product\/449857","targetHints":{"allow":["GET"]}}],"collection":[{"href":"https:\/\/www.claret.cat\/es\/wp-json\/wp\/v2\/product"}],"about":[{"href":"https:\/\/www.claret.cat\/es\/wp-json\/wp\/v2\/types\/product"}],"wp:featuredmedia":[{"embeddable":true,"href":"https:\/\/www.claret.cat\/es\/wp-json\/wp\/v2\/media\/452525"}],"wp:attachment":[{"href":"https:\/\/www.claret.cat\/es\/wp-json\/wp\/v2\/media?parent=449857"}],"wp:term":[{"taxonomy":"product_brand","embeddable":true,"href":"https:\/\/www.claret.cat\/es\/wp-json\/wp\/v2\/product_brand?post=449857"},{"taxonomy":"product_cat","embeddable":true,"href":"https:\/\/www.claret.cat\/es\/wp-json\/wp\/v2\/product_cat?post=449857"},{"taxonomy":"product_tag","embeddable":true,"href":"https:\/\/www.claret.cat\/es\/wp-json\/wp\/v2\/product_tag?post=449857"}],"curies":[{"name":"wp","href":"https:\/\/api.w.org\/{rel}","templated":true}]}}