{"id":449866,"date":"2023-07-07T13:52:17","date_gmt":"2023-07-07T11:52:17","guid":{"rendered":"https:\/\/www.claret.cat\/llibre\/dubrovnik-y-la-costa-dalmata-de-cerca-2-9788408266501\/"},"modified":"2023-10-11T01:25:51","modified_gmt":"2023-10-10T23:25:51","slug":"dubrovnik-y-la-costa-dalmata-de-cerca-2-9788408266501","status":"publish","type":"product","link":"https:\/\/www.claret.cat\/es\/libro\/dubrovnik-y-la-costa-dalmata-de-cerca-2-9788408266501\/","title":{"rendered":"DUBROVNIK Y LA COSTA D\u00c1LMATA DE CERCA 2"},"content":{"rendered":"<p>Con playas de ensue\u00f1o, maravillosas islas de aguas zafiro y ciudades y fortalezas antiguas para explorar, Dalmacia es un lugar ideal para una escapada inolvidable. La costa d\u00e1lmata tiene uno de los tramos de costa m\u00e1s fabulosos del Mediterr\u00e1neo, con aguas c\u00e1lidas y un tel\u00f3n de fondo sacado de la serie \u201cJuego de tronos\u201d. Con la gu\u00eda Dubrovnik y la costa d\u00e1lmata\u00a0de Lonely Planet, el viajero podr\u00e1 descubrir el casco antiguo de Dubrovnik, escondido entre fuertes y murallas, recorrer todas las maravillosas islas que rodean la costa d\u00e1lmata y visitar las ruinas de Salona.<\/p>\n","protected":false},"excerpt":{"rendered":"<p>DRAGICEVICH, PETER<\/p>\n","protected":false},"featured_media":449867,"template":"","meta":{"_acf_changed":false,"om_disable_all_campaigns":false,"rs_blank_template":"","rs_page_bg_color":"","slide_template_v7":"","inline_featured_image":false,"_monsterinsights_skip_tracking":false,"_monsterinsights_sitenote_active":false,"_monsterinsights_sitenote_note":"","_monsterinsights_sitenote_category":0},"product_brand":[],"product_cat":[557,107],"product_tag":[],"class_list":{"0":"post-449866","1":"product","2":"type-product","3":"status-publish","4":"has-post-thumbnail","6":"product_cat-guias-de-viaje","7":"product_cat-guies-de-viatge","9":"first","10":"instock","11":"taxable","12":"shipping-taxable","13":"purchasable","14":"product-type-simple"},"acf":{"autor":"DRAGICEVICH, PETER","codart":"840826650","libros-coleccion":"GU\u00cdAS DE CERCA LONELY PLANET","ediciones":"1","encuadernacion":"R\u00fastica","fecha_de_publicacion":"01\/07\/2023","novedad":"1","paginas":"176","subtitulo":"","orden":"0","portada":"0","idioma":"spa","editorial":[{"ID":6233,"post_author":"3","post_date":"2022-07-28 17:47:48","post_date_gmt":"2022-07-28 15:47:48","post_content":"","post_title":"EDITORIAL PLANETA","post_excerpt":"","post_status":"publish","comment_status":"closed","ping_status":"closed","post_password":"","post_name":"editorial-planeta","to_ping":"","pinged":"","post_modified":"2022-07-28 17:47:48","post_modified_gmt":"2022-07-28 15:47:48","post_content_filtered":"","post_parent":0,"guid":"http:\/\/dev.claret.cat\/editorial\/editorial-planeta\/","menu_order":0,"post_type":"editorial","post_mime_type":"","comment_count":"0","filter":"raw"}],"autores-libros":[{"ID":167087,"post_author":"3","post_date":"2022-10-14 18:08:26","post_date_gmt":"2022-10-14 16:08:26","post_content":"","post_title":"PETER DRAGICEVICH","post_excerpt":"","post_status":"publish","comment_status":"closed","ping_status":"closed","post_password":"","post_name":"peter-dragicevich","to_ping":"","pinged":"","post_modified":"2022-10-14 18:08:26","post_modified_gmt":"2022-10-14 16:08:26","post_content_filtered":"","post_parent":0,"guid":"http:\/\/dev.claret.cat\/autor\/peter-dragicevich\/","menu_order":0,"post_type":"autor","post_mime_type":"","comment_count":"0","filter":"raw"}]},"aioseo_notices":[],"_links":{"self":[{"href":"https:\/\/www.claret.cat\/es\/wp-json\/wp\/v2\/product\/449866","targetHints":{"allow":["GET"]}}],"collection":[{"href":"https:\/\/www.claret.cat\/es\/wp-json\/wp\/v2\/product"}],"about":[{"href":"https:\/\/www.claret.cat\/es\/wp-json\/wp\/v2\/types\/product"}],"wp:featuredmedia":[{"embeddable":true,"href":"https:\/\/www.claret.cat\/es\/wp-json\/wp\/v2\/media\/449867"}],"wp:attachment":[{"href":"https:\/\/www.claret.cat\/es\/wp-json\/wp\/v2\/media?parent=449866"}],"wp:term":[{"taxonomy":"product_brand","embeddable":true,"href":"https:\/\/www.claret.cat\/es\/wp-json\/wp\/v2\/product_brand?post=449866"},{"taxonomy":"product_cat","embeddable":true,"href":"https:\/\/www.claret.cat\/es\/wp-json\/wp\/v2\/product_cat?post=449866"},{"taxonomy":"product_tag","embeddable":true,"href":"https:\/\/www.claret.cat\/es\/wp-json\/wp\/v2\/product_tag?post=449866"}],"curies":[{"name":"wp","href":"https:\/\/api.w.org\/{rel}","templated":true}]}}