{"id":449869,"date":"2023-07-07T13:52:29","date_gmt":"2023-07-07T11:52:29","guid":{"rendered":"https:\/\/www.claret.cat\/llibre\/berlin-de-cerca-7-9788408269908\/"},"modified":"2023-10-11T01:25:49","modified_gmt":"2023-10-10T23:25:49","slug":"berlin-de-cerca-7-9788408269908","status":"publish","type":"product","link":"https:\/\/www.claret.cat\/es\/libro\/berlin-de-cerca-7-9788408269908\/","title":{"rendered":"BERL\u00cdN DE CERCA 7"},"content":{"rendered":"<p>Berl\u00edn es una ciudad que bulle con una energ\u00eda contagiosa a la que el viajero no podr\u00e1 resistirse: con caf\u00e9s, bares y clubes para todos los gustos, la vida nocturna alcanza niveles legendarios, el n\u00famero de museos y galer\u00edas de arte es ingente y el panorama cultural, tremendamente variado y el panorama culinario crece a pasos agigantados y madura como el buen vino. Y todo ello en una ciudad donde el pasado siempre est\u00e1 presente y que est\u00e1 cuajada de lugares hist\u00f3ricos que nos recuerdan la \u00e9poca dorada de Prusia, los a\u00f1os oscuros del Tercer Reich, el per\u00edodo de la Guerra Fr\u00eda o la euforia de la reunificaci\u00f3n. Con esta gu\u00eda en mano, el visitante podr\u00e1 descubrir lo mejor de lo mucho que ofrece esta ciudad sin parang\u00f3n.<\/p>\n","protected":false},"excerpt":{"rendered":"<p>SCHULTE-PEEVERS, ANDREA<\/p>\n","protected":false},"featured_media":449870,"template":"","meta":{"_acf_changed":false,"om_disable_all_campaigns":false,"rs_blank_template":"","rs_page_bg_color":"","slide_template_v7":"","inline_featured_image":false,"_monsterinsights_skip_tracking":false,"_monsterinsights_sitenote_active":false,"_monsterinsights_sitenote_note":"","_monsterinsights_sitenote_category":0},"product_brand":[],"product_cat":[557,107],"product_tag":[],"class_list":{"0":"post-449869","1":"product","2":"type-product","3":"status-publish","4":"has-post-thumbnail","6":"product_cat-guias-de-viaje","7":"product_cat-guies-de-viatge","9":"first","10":"instock","11":"taxable","12":"shipping-taxable","13":"purchasable","14":"product-type-simple"},"acf":{"autor":"SCHULTE-PEEVERS, ANDREA","codart":"840826990","libros-coleccion":"GU\u00cdAS DE CERCA LONELY PLANET","ediciones":"1","encuadernacion":"R\u00fastica","fecha_de_publicacion":"01\/07\/2023","novedad":"1","paginas":"192","subtitulo":"","orden":"0","portada":"0","idioma":"spa","editorial":[{"ID":6233,"post_author":"3","post_date":"2022-07-28 17:47:48","post_date_gmt":"2022-07-28 15:47:48","post_content":"","post_title":"EDITORIAL PLANETA","post_excerpt":"","post_status":"publish","comment_status":"closed","ping_status":"closed","post_password":"","post_name":"editorial-planeta","to_ping":"","pinged":"","post_modified":"2022-07-28 17:47:48","post_modified_gmt":"2022-07-28 15:47:48","post_content_filtered":"","post_parent":0,"guid":"http:\/\/dev.claret.cat\/editorial\/editorial-planeta\/","menu_order":0,"post_type":"editorial","post_mime_type":"","comment_count":"0","filter":"raw"}],"autores-libros":[{"ID":150239,"post_author":"3","post_date":"2022-10-14 14:31:21","post_date_gmt":"2022-10-14 12:31:21","post_content":"","post_title":"ANDREA SCHULTE-PEEVERS","post_excerpt":"","post_status":"publish","comment_status":"closed","ping_status":"closed","post_password":"","post_name":"andrea-schulte-peevers","to_ping":"","pinged":"","post_modified":"2022-10-14 14:31:21","post_modified_gmt":"2022-10-14 12:31:21","post_content_filtered":"","post_parent":0,"guid":"http:\/\/dev.claret.cat\/autor\/andrea-schulte-peevers\/","menu_order":0,"post_type":"autor","post_mime_type":"","comment_count":"0","filter":"raw"}]},"aioseo_notices":[],"_links":{"self":[{"href":"https:\/\/www.claret.cat\/es\/wp-json\/wp\/v2\/product\/449869","targetHints":{"allow":["GET"]}}],"collection":[{"href":"https:\/\/www.claret.cat\/es\/wp-json\/wp\/v2\/product"}],"about":[{"href":"https:\/\/www.claret.cat\/es\/wp-json\/wp\/v2\/types\/product"}],"wp:featuredmedia":[{"embeddable":true,"href":"https:\/\/www.claret.cat\/es\/wp-json\/wp\/v2\/media\/449870"}],"wp:attachment":[{"href":"https:\/\/www.claret.cat\/es\/wp-json\/wp\/v2\/media?parent=449869"}],"wp:term":[{"taxonomy":"product_brand","embeddable":true,"href":"https:\/\/www.claret.cat\/es\/wp-json\/wp\/v2\/product_brand?post=449869"},{"taxonomy":"product_cat","embeddable":true,"href":"https:\/\/www.claret.cat\/es\/wp-json\/wp\/v2\/product_cat?post=449869"},{"taxonomy":"product_tag","embeddable":true,"href":"https:\/\/www.claret.cat\/es\/wp-json\/wp\/v2\/product_tag?post=449869"}],"curies":[{"name":"wp","href":"https:\/\/api.w.org\/{rel}","templated":true}]}}