{"id":449875,"date":"2023-07-07T13:56:26","date_gmt":"2023-07-07T11:56:26","guid":{"rendered":"https:\/\/www.claret.cat\/llibre\/amsterdam-de-cerca-6-9788408269823\/"},"modified":"2025-06-28T11:25:20","modified_gmt":"2025-06-28T09:25:20","slug":"amsterdam-de-cerca-6-9788408269823","status":"publish","type":"product","link":"https:\/\/www.claret.cat\/es\/libro\/amsterdam-de-cerca-6-9788408269823\/","title":{"rendered":"\u00c1MSTERDAM DE CERCA 6"},"content":{"rendered":"<p>Su preciosa arquitectura al borde de los canales es un reclamo para todo el mundo. Sus locales jenever (ginebra neerlandesa), bruin caf\u00e9s (tabernas tradicionales) y museos repletos de obras de los grandes maestros, permiten al viajero disfrutar de esta ciudad de esp\u00edritu libre que acoge en un peque\u00f1o espacio, una incre\u00edble variedad de culturas. Se puede recorrer c\u00f3modamente en bicicleta como un verdadero local y su amplio panorama gastron\u00f3mico tiene opciones para todos los gustos.<\/p>\n","protected":false},"excerpt":{"rendered":"<p>WOOLSEY, BARBARA<\/p>\n","protected":false},"featured_media":449876,"template":"","meta":{"_acf_changed":false,"om_disable_all_campaigns":false,"rs_blank_template":"","rs_page_bg_color":"","slide_template_v7":"","inline_featured_image":false,"_monsterinsights_skip_tracking":false,"_monsterinsights_sitenote_active":false,"_monsterinsights_sitenote_note":"","_monsterinsights_sitenote_category":0},"product_brand":[],"product_cat":[557,107],"product_tag":[],"class_list":{"0":"post-449875","1":"product","2":"type-product","3":"status-publish","4":"has-post-thumbnail","6":"product_cat-guias-de-viaje","7":"product_cat-guies-de-viatge","9":"first","10":"instock","11":"taxable","12":"shipping-taxable","13":"purchasable","14":"product-type-simple"},"acf":{"autor":"WOOLSEY, BARBARA","codart":"840826982","libros-coleccion":"GU\u00cdAS DE CERCA LONELY PLANET","ediciones":"1","encuadernacion":"R\u00fastica","fecha_de_publicacion":"01\/07\/2023","novedad":"1","paginas":"192","subtitulo":"","orden":"0","portada":"0","idioma":"spa","editorial":[{"ID":6233,"post_author":"3","post_date":"2022-07-28 17:47:48","post_date_gmt":"2022-07-28 15:47:48","post_content":"","post_title":"EDITORIAL PLANETA","post_excerpt":"","post_status":"publish","comment_status":"closed","ping_status":"closed","post_password":"","post_name":"editorial-planeta","to_ping":"","pinged":"","post_modified":"2022-07-28 17:47:48","post_modified_gmt":"2022-07-28 15:47:48","post_content_filtered":"","post_parent":0,"guid":"http:\/\/dev.claret.cat\/editorial\/editorial-planeta\/","menu_order":0,"post_type":"editorial","post_mime_type":"","comment_count":"0","filter":"raw"}],"autores-libros":[{"ID":151367,"post_author":"3","post_date":"2022-10-14 14:40:19","post_date_gmt":"2022-10-14 12:40:19","post_content":"","post_title":"BARBARA WOOLSEY","post_excerpt":"","post_status":"publish","comment_status":"closed","ping_status":"closed","post_password":"","post_name":"barbara-woolsey","to_ping":"","pinged":"","post_modified":"2022-10-14 14:40:19","post_modified_gmt":"2022-10-14 12:40:19","post_content_filtered":"","post_parent":0,"guid":"http:\/\/dev.claret.cat\/autor\/barbara-woolsey\/","menu_order":0,"post_type":"autor","post_mime_type":"","comment_count":"0","filter":"raw"}],"booktrailer":"","resenas":""},"aioseo_notices":[],"_links":{"self":[{"href":"https:\/\/www.claret.cat\/es\/wp-json\/wp\/v2\/product\/449875","targetHints":{"allow":["GET"]}}],"collection":[{"href":"https:\/\/www.claret.cat\/es\/wp-json\/wp\/v2\/product"}],"about":[{"href":"https:\/\/www.claret.cat\/es\/wp-json\/wp\/v2\/types\/product"}],"wp:featuredmedia":[{"embeddable":true,"href":"https:\/\/www.claret.cat\/es\/wp-json\/wp\/v2\/media\/449876"}],"wp:attachment":[{"href":"https:\/\/www.claret.cat\/es\/wp-json\/wp\/v2\/media?parent=449875"}],"wp:term":[{"taxonomy":"product_brand","embeddable":true,"href":"https:\/\/www.claret.cat\/es\/wp-json\/wp\/v2\/product_brand?post=449875"},{"taxonomy":"product_cat","embeddable":true,"href":"https:\/\/www.claret.cat\/es\/wp-json\/wp\/v2\/product_cat?post=449875"},{"taxonomy":"product_tag","embeddable":true,"href":"https:\/\/www.claret.cat\/es\/wp-json\/wp\/v2\/product_tag?post=449875"}],"curies":[{"name":"wp","href":"https:\/\/api.w.org\/{rel}","templated":true}]}}