{"id":449890,"date":"2023-07-07T14:00:51","date_gmt":"2023-07-07T12:00:51","guid":{"rendered":"https:\/\/www.claret.cat\/llibre\/creta-1-9788408273028\/"},"modified":"2023-10-11T01:25:37","modified_gmt":"2023-10-10T23:25:37","slug":"creta-1-9788408273028","status":"publish","type":"product","link":"https:\/\/www.claret.cat\/es\/libro\/creta-1-9788408273028\/","title":{"rendered":"CRETA 1"},"content":{"rendered":"<p>Creta es un tapiz de espl\u00e9ndidas playas, historia, paisajes espectaculares, viajes en ferri, m\u00e1s playas, ciudades vibrantes, pueblecitos de postal, paseos, excursiones y una incre\u00edble gastronom\u00eda que nunca se olvidar\u00e1, como tampoco a sus lugare\u00f1os, de esp\u00edritu generoso y amantes de sus tradiciones.<br \/> En esta peque\u00f1a gran isla se puede pasar una semana al volante por el cambiante paisaje y pasar de las altas monta\u00f1as a mojarse los pies en el mar en 15 minutos. Tras explorar un mill\u00f3n de sitios se descubre que tan solo se han recorrido 100 km y que a\u00fan quedan tres cuartos de dep\u00f3sito lleno.<\/p>\n","protected":false},"excerpt":{"rendered":"<p>BERKMOES, RYAN VER \/ SCHULTE-PEEVERS, ANDREA<\/p>\n","protected":false},"featured_media":449891,"template":"","meta":{"_acf_changed":false,"om_disable_all_campaigns":false,"rs_blank_template":"","rs_page_bg_color":"","slide_template_v7":"","inline_featured_image":false,"_monsterinsights_skip_tracking":false,"_monsterinsights_sitenote_active":false,"_monsterinsights_sitenote_note":"","_monsterinsights_sitenote_category":0},"product_brand":[],"product_cat":[557,107],"product_tag":[],"class_list":{"0":"post-449890","1":"product","2":"type-product","3":"status-publish","4":"has-post-thumbnail","6":"product_cat-guias-de-viaje","7":"product_cat-guies-de-viatge","9":"first","10":"instock","11":"taxable","12":"shipping-taxable","13":"purchasable","14":"product-type-simple"},"acf":{"autor":"BERKMOES, RYAN VER \/ SCHULTE-PEEVERS, ANDREA","codart":"840827302","libros-coleccion":"Gu\u00edas de Pa\u00eds Lonely Planet","ediciones":"1","encuadernacion":"R\u00fastica","fecha_de_publicacion":"01\/07\/2023","novedad":"1","paginas":"256","subtitulo":"","orden":"0","portada":"0","idioma":"spa","editorial":[{"ID":6233,"post_author":"3","post_date":"2022-07-28 17:47:48","post_date_gmt":"2022-07-28 15:47:48","post_content":"","post_title":"EDITORIAL PLANETA","post_excerpt":"","post_status":"publish","comment_status":"closed","ping_status":"closed","post_password":"","post_name":"editorial-planeta","to_ping":"","pinged":"","post_modified":"2022-07-28 17:47:48","post_modified_gmt":"2022-07-28 15:47:48","post_content_filtered":"","post_parent":0,"guid":"http:\/\/dev.claret.cat\/editorial\/editorial-planeta\/","menu_order":0,"post_type":"editorial","post_mime_type":"","comment_count":"0","filter":"raw"}],"autores-libros":[{"ID":150239,"post_author":"3","post_date":"2022-10-14 14:31:21","post_date_gmt":"2022-10-14 12:31:21","post_content":"","post_title":"ANDREA SCHULTE-PEEVERS","post_excerpt":"","post_status":"publish","comment_status":"closed","ping_status":"closed","post_password":"","post_name":"andrea-schulte-peevers","to_ping":"","pinged":"","post_modified":"2022-10-14 14:31:21","post_modified_gmt":"2022-10-14 12:31:21","post_content_filtered":"","post_parent":0,"guid":"http:\/\/dev.claret.cat\/autor\/andrea-schulte-peevers\/","menu_order":0,"post_type":"autor","post_mime_type":"","comment_count":"0","filter":"raw"},{"ID":168725,"post_author":"3","post_date":"2022-10-14 22:21:26","post_date_gmt":"2022-10-14 20:21:26","post_content":"","post_title":"RYAN VER BERKMOES","post_excerpt":"","post_status":"publish","comment_status":"closed","ping_status":"closed","post_password":"","post_name":"ryan-ver-berkmoes","to_ping":"","pinged":"","post_modified":"2022-10-14 22:21:26","post_modified_gmt":"2022-10-14 20:21:26","post_content_filtered":"","post_parent":0,"guid":"http:\/\/dev.claret.cat\/autor\/ryan-ver-berkmoes\/","menu_order":0,"post_type":"autor","post_mime_type":"","comment_count":"0","filter":"raw"}]},"aioseo_notices":[],"_links":{"self":[{"href":"https:\/\/www.claret.cat\/es\/wp-json\/wp\/v2\/product\/449890","targetHints":{"allow":["GET"]}}],"collection":[{"href":"https:\/\/www.claret.cat\/es\/wp-json\/wp\/v2\/product"}],"about":[{"href":"https:\/\/www.claret.cat\/es\/wp-json\/wp\/v2\/types\/product"}],"wp:featuredmedia":[{"embeddable":true,"href":"https:\/\/www.claret.cat\/es\/wp-json\/wp\/v2\/media\/449891"}],"wp:attachment":[{"href":"https:\/\/www.claret.cat\/es\/wp-json\/wp\/v2\/media?parent=449890"}],"wp:term":[{"taxonomy":"product_brand","embeddable":true,"href":"https:\/\/www.claret.cat\/es\/wp-json\/wp\/v2\/product_brand?post=449890"},{"taxonomy":"product_cat","embeddable":true,"href":"https:\/\/www.claret.cat\/es\/wp-json\/wp\/v2\/product_cat?post=449890"},{"taxonomy":"product_tag","embeddable":true,"href":"https:\/\/www.claret.cat\/es\/wp-json\/wp\/v2\/product_tag?post=449890"}],"curies":[{"name":"wp","href":"https:\/\/api.w.org\/{rel}","templated":true}]}}