{"id":449893,"date":"2023-07-07T14:05:08","date_gmt":"2023-07-07T12:05:08","guid":{"rendered":"https:\/\/www.claret.cat\/llibre\/haikyu-no-0445-catala-9788411407496\/"},"modified":"2024-09-27T10:25:06","modified_gmt":"2024-09-27T08:25:06","slug":"haikyu-no-0445-catala-9788411407496","status":"publish","type":"product","link":"https:\/\/www.claret.cat\/es\/libro\/haikyu-no-0445-catala-9788411407496\/","title":{"rendered":"HAIKY\u00db!! N\u00ba 04\/45 (CATAL\u00c0)"},"content":{"rendered":"<p>El manga esportiu, ara en catal\u00e0!L&#8217;\u00faltim dia de la concentraci\u00f3 del Club de voleibol Karasuno, per fi comen\u00e7a l&#8217;esperat amist\u00f3s contra l&#8217;Escola Superior Nekoma! La s\u00f2lida t\u00e8cnica de recepci\u00f3 del Nekoma i la capacitat d&#8217;observaci\u00f3 del seu col\u00b7locador, Kodzume, frustran tots els atacs rapids d&#8217;en Hinata i en Kageyama fins que al punt d&#8221;aconseguir frenar-los per complet, per\u00f2 aleshores algo succeeix\u2026!<\/p>\n","protected":false},"excerpt":{"rendered":"<p>FURUDATE, HARUICHI<\/p>\n","protected":false},"featured_media":449894,"template":"","meta":{"_acf_changed":false,"om_disable_all_campaigns":false,"rs_blank_template":"","rs_page_bg_color":"","slide_template_v7":"","inline_featured_image":false,"_monsterinsights_skip_tracking":false,"_monsterinsights_sitenote_active":false,"_monsterinsights_sitenote_note":"","_monsterinsights_sitenote_category":0},"product_brand":[],"product_cat":[134,364],"product_tag":[],"class_list":{"0":"post-449893","1":"product","2":"type-product","3":"status-publish","4":"has-post-thumbnail","6":"product_cat-comics","7":"product_cat-comics-infantil-3_infantil-juvenil-spa","9":"first","10":"instock","11":"taxable","12":"shipping-taxable","13":"purchasable","14":"product-type-simple"},"acf":{"autor":"FURUDATE, HARUICHI","codart":"841140749","libros-coleccion":"","ediciones":"1","encuadernacion":"R\u00fastica","fecha_de_publicacion":"01\/07\/2023","novedad":"1","paginas":"200","subtitulo":"","orden":"0","portada":"0","idioma":"cat","editorial":[{"ID":148674,"post_author":"3","post_date":"2022-10-14 12:00:06","post_date_gmt":"2022-10-14 10:00:06","post_content":"","post_title":"Planeta C\u00f3mic","post_excerpt":"","post_status":"publish","comment_status":"closed","ping_status":"closed","post_password":"","post_name":"planeta-comic","to_ping":"","pinged":"","post_modified":"2022-10-14 12:00:06","post_modified_gmt":"2022-10-14 10:00:06","post_content_filtered":"","post_parent":0,"guid":"http:\/\/dev.claret.cat\/editorial\/planeta-comic\/","menu_order":0,"post_type":"editorial","post_mime_type":"","comment_count":"0","filter":"raw"}],"autores-libros":[{"ID":380403,"post_author":"3","post_date":"2023-02-02 13:05:50","post_date_gmt":"2023-02-02 12:05:50","post_content":"","post_title":"HARUICHI FURUDATE","post_excerpt":"","post_status":"publish","comment_status":"closed","ping_status":"closed","post_password":"","post_name":"haruichi-furudate","to_ping":"","pinged":"","post_modified":"2023-02-02 13:05:50","post_modified_gmt":"2023-02-02 12:05:50","post_content_filtered":"","post_parent":0,"guid":"https:\/\/www.claret.cat\/autor\/haruichi-furudate\/","menu_order":0,"post_type":"autor","post_mime_type":"","comment_count":"0","filter":"raw"}]},"aioseo_notices":[],"_links":{"self":[{"href":"https:\/\/www.claret.cat\/es\/wp-json\/wp\/v2\/product\/449893","targetHints":{"allow":["GET"]}}],"collection":[{"href":"https:\/\/www.claret.cat\/es\/wp-json\/wp\/v2\/product"}],"about":[{"href":"https:\/\/www.claret.cat\/es\/wp-json\/wp\/v2\/types\/product"}],"wp:featuredmedia":[{"embeddable":true,"href":"https:\/\/www.claret.cat\/es\/wp-json\/wp\/v2\/media\/449894"}],"wp:attachment":[{"href":"https:\/\/www.claret.cat\/es\/wp-json\/wp\/v2\/media?parent=449893"}],"wp:term":[{"taxonomy":"product_brand","embeddable":true,"href":"https:\/\/www.claret.cat\/es\/wp-json\/wp\/v2\/product_brand?post=449893"},{"taxonomy":"product_cat","embeddable":true,"href":"https:\/\/www.claret.cat\/es\/wp-json\/wp\/v2\/product_cat?post=449893"},{"taxonomy":"product_tag","embeddable":true,"href":"https:\/\/www.claret.cat\/es\/wp-json\/wp\/v2\/product_tag?post=449893"}],"curies":[{"name":"wp","href":"https:\/\/api.w.org\/{rel}","templated":true}]}}