{"id":449896,"date":"2023-07-07T14:05:21","date_gmt":"2023-07-07T12:05:21","guid":{"rendered":"https:\/\/www.claret.cat\/llibre\/bola-de-drac-sd-no-08-9788411401586\/"},"modified":"2023-10-28T11:57:47","modified_gmt":"2023-10-28T09:57:47","slug":"bola-de-drac-sd-no-08-9788411401586","status":"publish","type":"product","link":"https:\/\/www.claret.cat\/es\/libro\/bola-de-drac-sd-no-08-9788411401586\/","title":{"rendered":"BOLA DE DRAC SD N\u00ba 08"},"content":{"rendered":"<p>Una versi\u00f3 divertida del m\u00edtic manga de Toriyama.En Kril\u00edn i en Son Gohan se&#8217;n van al planeta N\u00e0mec a buscar unes noves boles de drac, per\u00f2 les passen magres contra les Forces especials d&#8217;en Ginew. Ni unint les forces amb en Vegeta aconsegueixen v\u00e8ncer els subordinats d&#8217;en Freezer! Per sort, finalment arriba en Goku&#8230; i s&#8217;hi enfronta tot sol!<\/p>\n","protected":false},"excerpt":{"rendered":"<p>TORIYAMA, AKIRA \/ OHISHI, NAHO<\/p>\n","protected":false},"featured_media":449897,"template":"","meta":{"_acf_changed":false,"om_disable_all_campaigns":false,"rs_blank_template":"","rs_page_bg_color":"","slide_template_v7":"","inline_featured_image":false,"_monsterinsights_skip_tracking":false,"_monsterinsights_sitenote_active":false,"_monsterinsights_sitenote_note":"","_monsterinsights_sitenote_category":0},"product_brand":[],"product_cat":[134,364],"product_tag":[],"class_list":{"0":"post-449896","1":"product","2":"type-product","3":"status-publish","4":"has-post-thumbnail","6":"product_cat-comics","7":"product_cat-comics-infantil-3_infantil-juvenil-spa","9":"first","10":"instock","11":"taxable","12":"shipping-taxable","13":"purchasable","14":"product-type-simple"},"acf":{"autor":"TORIYAMA, AKIRA \/ OHISHI, NAHO","codart":"841140158","libros-coleccion":"","ediciones":"1","encuadernacion":"R\u00fastica","fecha_de_publicacion":"01\/07\/2023","novedad":"1","paginas":"192","subtitulo":"","orden":"0","portada":"0","idioma":"cat","editorial":[{"ID":148674,"post_author":"3","post_date":"2022-10-14 12:00:06","post_date_gmt":"2022-10-14 10:00:06","post_content":"","post_title":"Planeta C\u00f3mic","post_excerpt":"","post_status":"publish","comment_status":"closed","ping_status":"closed","post_password":"","post_name":"planeta-comic","to_ping":"","pinged":"","post_modified":"2022-10-14 12:00:06","post_modified_gmt":"2022-10-14 10:00:06","post_content_filtered":"","post_parent":0,"guid":"http:\/\/dev.claret.cat\/editorial\/planeta-comic\/","menu_order":0,"post_type":"editorial","post_mime_type":"","comment_count":"0","filter":"raw"}],"autores-libros":[{"ID":426971,"post_author":"3","post_date":"2023-05-16 08:56:19","post_date_gmt":"2023-05-16 06:56:19","post_content":"","post_title":"NAHO OHISHI","post_excerpt":"","post_status":"publish","comment_status":"closed","ping_status":"closed","post_password":"","post_name":"naho-ohishi","to_ping":"","pinged":"","post_modified":"2023-05-16 08:56:19","post_modified_gmt":"2023-05-16 06:56:19","post_content_filtered":"","post_parent":0,"guid":"https:\/\/www.claret.cat\/autor\/naho-ohishi\/","menu_order":0,"post_type":"autor","post_mime_type":"","comment_count":"0","filter":"raw"},{"ID":149322,"post_author":"3","post_date":"2022-10-14 14:23:56","post_date_gmt":"2022-10-14 12:23:56","post_content":"","post_title":"AKIRA TORIYAMA","post_excerpt":"","post_status":"publish","comment_status":"closed","ping_status":"closed","post_password":"","post_name":"akira-toriyama","to_ping":"","pinged":"","post_modified":"2022-10-14 14:23:56","post_modified_gmt":"2022-10-14 12:23:56","post_content_filtered":"","post_parent":0,"guid":"http:\/\/dev.claret.cat\/autor\/akira-toriyama\/","menu_order":0,"post_type":"autor","post_mime_type":"","comment_count":"0","filter":"raw"}]},"aioseo_notices":[],"_links":{"self":[{"href":"https:\/\/www.claret.cat\/es\/wp-json\/wp\/v2\/product\/449896","targetHints":{"allow":["GET"]}}],"collection":[{"href":"https:\/\/www.claret.cat\/es\/wp-json\/wp\/v2\/product"}],"about":[{"href":"https:\/\/www.claret.cat\/es\/wp-json\/wp\/v2\/types\/product"}],"wp:featuredmedia":[{"embeddable":true,"href":"https:\/\/www.claret.cat\/es\/wp-json\/wp\/v2\/media\/449897"}],"wp:attachment":[{"href":"https:\/\/www.claret.cat\/es\/wp-json\/wp\/v2\/media?parent=449896"}],"wp:term":[{"taxonomy":"product_brand","embeddable":true,"href":"https:\/\/www.claret.cat\/es\/wp-json\/wp\/v2\/product_brand?post=449896"},{"taxonomy":"product_cat","embeddable":true,"href":"https:\/\/www.claret.cat\/es\/wp-json\/wp\/v2\/product_cat?post=449896"},{"taxonomy":"product_tag","embeddable":true,"href":"https:\/\/www.claret.cat\/es\/wp-json\/wp\/v2\/product_tag?post=449896"}],"curies":[{"name":"wp","href":"https:\/\/api.w.org\/{rel}","templated":true}]}}