{"id":449964,"date":"2023-07-07T16:05:55","date_gmt":"2023-07-07T14:05:55","guid":{"rendered":"https:\/\/www.claret.cat\/llibre\/florencia-y-la-toscana-de-cerca-5-9788408260868\/"},"modified":"2023-10-11T01:24:59","modified_gmt":"2023-10-10T23:24:59","slug":"florencia-y-la-toscana-de-cerca-5-9788408260868","status":"publish","type":"product","link":"https:\/\/www.claret.cat\/es\/libro\/florencia-y-la-toscana-de-cerca-5-9788408260868\/","title":{"rendered":"FLORENCIA Y LA TOSCANA DE CERCA 5"},"content":{"rendered":"<p>Ideal para entregarse al arte y a la cocina toscana, Florencia es rom\u00e1ntica, cautivadora y hechizante. Conocida por ser la ciudad renacentista por antonomasia, pasear entre sus calles se convierte en una experiencia art\u00edstica inolvidable: sus grandes y maravillosas piezas arquitect\u00f3nicas esconden galer\u00edas, museos y palacios llenos de obras de arte que dejar\u00e1n at\u00f3nito al viajero. En la Toscana, m\u00e1s verde y serena, se encontrar\u00e1 la c\u00e9lebre torre inclinada en Pisa y muchos m\u00e1s tesoros g\u00f3ticos y medievales.<\/p>\n","protected":false},"excerpt":{"rendered":"<p>WILLIAMS, NICOLA \/ HARDY, PAULA<\/p>\n","protected":false},"featured_media":449965,"template":"","meta":{"_acf_changed":false,"om_disable_all_campaigns":false,"rs_blank_template":"","rs_page_bg_color":"","slide_template_v7":"","inline_featured_image":false,"_monsterinsights_skip_tracking":false,"_monsterinsights_sitenote_active":false,"_monsterinsights_sitenote_note":"","_monsterinsights_sitenote_category":0},"product_brand":[],"product_cat":[557,107],"product_tag":[],"class_list":{"0":"post-449964","1":"product","2":"type-product","3":"status-publish","4":"has-post-thumbnail","6":"product_cat-guias-de-viaje","7":"product_cat-guies-de-viatge","9":"first","10":"instock","11":"taxable","12":"shipping-taxable","13":"purchasable","14":"product-type-simple"},"acf":{"autor":"WILLIAMS, NICOLA \/ HARDY, PAULA","codart":"840826086","libros-coleccion":"GU\u00cdAS DE CERCA LONELY PLANET","ediciones":"1","encuadernacion":"R\u00fastica","fecha_de_publicacion":"01\/07\/2023","novedad":"1","paginas":"192","subtitulo":"","orden":"0","portada":"0","idioma":"spa","editorial":[{"ID":6233,"post_author":"3","post_date":"2022-07-28 17:47:48","post_date_gmt":"2022-07-28 15:47:48","post_content":"","post_title":"EDITORIAL PLANETA","post_excerpt":"","post_status":"publish","comment_status":"closed","ping_status":"closed","post_password":"","post_name":"editorial-planeta","to_ping":"","pinged":"","post_modified":"2022-07-28 17:47:48","post_modified_gmt":"2022-07-28 15:47:48","post_content_filtered":"","post_parent":0,"guid":"http:\/\/dev.claret.cat\/editorial\/editorial-planeta\/","menu_order":0,"post_type":"editorial","post_mime_type":"","comment_count":"0","filter":"raw"}],"autores-libros":[{"ID":166779,"post_author":"3","post_date":"2022-10-14 18:05:59","post_date_gmt":"2022-10-14 16:05:59","post_content":"","post_title":"PAULA HARDY","post_excerpt":"","post_status":"publish","comment_status":"closed","ping_status":"closed","post_password":"","post_name":"paula-hardy","to_ping":"","pinged":"","post_modified":"2022-10-14 18:05:59","post_modified_gmt":"2022-10-14 16:05:59","post_content_filtered":"","post_parent":0,"guid":"http:\/\/dev.claret.cat\/autor\/paula-hardy\/","menu_order":0,"post_type":"autor","post_mime_type":"","comment_count":"0","filter":"raw"},{"ID":165817,"post_author":"3","post_date":"2022-10-14 17:58:11","post_date_gmt":"2022-10-14 15:58:11","post_content":"","post_title":"NICOLA WILLIAMS","post_excerpt":"","post_status":"publish","comment_status":"closed","ping_status":"closed","post_password":"","post_name":"nicola-williams","to_ping":"","pinged":"","post_modified":"2022-10-14 17:58:11","post_modified_gmt":"2022-10-14 15:58:11","post_content_filtered":"","post_parent":0,"guid":"http:\/\/dev.claret.cat\/autor\/nicola-williams\/","menu_order":0,"post_type":"autor","post_mime_type":"","comment_count":"0","filter":"raw"}]},"aioseo_notices":[],"_links":{"self":[{"href":"https:\/\/www.claret.cat\/es\/wp-json\/wp\/v2\/product\/449964","targetHints":{"allow":["GET"]}}],"collection":[{"href":"https:\/\/www.claret.cat\/es\/wp-json\/wp\/v2\/product"}],"about":[{"href":"https:\/\/www.claret.cat\/es\/wp-json\/wp\/v2\/types\/product"}],"wp:featuredmedia":[{"embeddable":true,"href":"https:\/\/www.claret.cat\/es\/wp-json\/wp\/v2\/media\/449965"}],"wp:attachment":[{"href":"https:\/\/www.claret.cat\/es\/wp-json\/wp\/v2\/media?parent=449964"}],"wp:term":[{"taxonomy":"product_brand","embeddable":true,"href":"https:\/\/www.claret.cat\/es\/wp-json\/wp\/v2\/product_brand?post=449964"},{"taxonomy":"product_cat","embeddable":true,"href":"https:\/\/www.claret.cat\/es\/wp-json\/wp\/v2\/product_cat?post=449964"},{"taxonomy":"product_tag","embeddable":true,"href":"https:\/\/www.claret.cat\/es\/wp-json\/wp\/v2\/product_tag?post=449964"}],"curies":[{"name":"wp","href":"https:\/\/api.w.org\/{rel}","templated":true}]}}