{"id":449991,"date":"2023-07-07T16:15:11","date_gmt":"2023-07-07T14:15:11","guid":{"rendered":"https:\/\/www.claret.cat\/llibre\/unos-meses-de-mi-vida-9788433906229\/"},"modified":"2023-10-11T01:24:35","modified_gmt":"2023-10-10T23:24:35","slug":"unos-meses-de-mi-vida-9788433906229","status":"publish","type":"product","link":"https:\/\/www.claret.cat\/es\/libro\/unos-meses-de-mi-vida-9788433906229\/","title":{"rendered":"UNOS MESES DE MI VIDA"},"content":{"rendered":"<p>\u00bfHouellebecq actor porno? \u00bfHouellebecq racista, antimusulm\u00e1n y apologeta del odio? Las dos pol\u00e9micas que han sacudido al autor. Entre 2022 y 2023, el escritor se convirti\u00f3 en el centro de dos pol\u00e9micas que, seg\u00fan confiesa, le han pasado factura personal. Por un lado, el fil\u00f3sofo Michel Onfray mantuvo con \u00e9l una conversaci\u00f3n-entrevista en la que Houellebecq opinava sobre la islamizaci\u00f3n de Europa y las hipot\u00e9ticas reacciones violentas que provocar\u00eda: por sus palabras pod\u00eda interpretarse que vinculaba a los musulmanes con la delincuencia. Se arm\u00f3 un esc\u00e1ndalo y el rector de la Gran Mezquita de Par\u00eds amenaz\u00f3 con querellarse. El escritor matiza aqu\u00ed sus pol\u00e9micas declaraciones.La otra controversia est\u00e1 relacionada con su participaci\u00f3n en un proyecto del colectivo art\u00edstico holand\u00e9s Kirac, que se anunci\u00f3 como una pel\u00edcula pornogr\u00e1fica protagonizada por Houellebecq. El autor cuenta este caso, en el que se sinti\u00f3 enga\u00f1ado y manipulado,\u00a0por lo que acudi\u00f3 a la v\u00eda judicial para tratar de impedir la difusi\u00f3n de la cinta.\u00bfEl eterno polemista se convierte en v\u00edctima de la sociedad del espect\u00e1culo, en la que siempre se ha movido como pez en el agua? Houellebecq, explica en este libro la tensi\u00f3n vivida y habla de la crisis de las sociedades occidentales, las felaciones, su relaci\u00f3n con la pornograf\u00eda, Pablo Picasso, Baudelaire\u2026 Una vez m\u00e1s, deslumbrar\u00e1 o irritar\u00e1, pero no dejar\u00e1 a nadie indiferente.<\/p>\n","protected":false},"excerpt":{"rendered":"<p>HOUELLEBECQ, MICHEL<\/p>\n","protected":false},"featured_media":449992,"template":"","meta":{"_acf_changed":false,"om_disable_all_campaigns":false,"rs_blank_template":"","rs_page_bg_color":"","slide_template_v7":"","inline_featured_image":false,"_monsterinsights_skip_tracking":false,"_monsterinsights_sitenote_active":false,"_monsterinsights_sitenote_note":"","_monsterinsights_sitenote_category":0},"product_brand":[],"product_cat":[549,99],"product_tag":[],"class_list":{"0":"post-449991","1":"product","2":"type-product","3":"status-publish","4":"has-post-thumbnail","6":"product_cat-biografias","7":"product_cat-biografies","9":"first","10":"instock","11":"taxable","12":"shipping-taxable","13":"purchasable","14":"product-type-simple"},"acf":{"autor":"HOUELLEBECQ, MICHEL","codart":"843390622","libros-coleccion":"Argumentos","ediciones":"1","encuadernacion":"R\u00fastica","fecha_de_publicacion":"01\/07\/2023","novedad":"1","paginas":"117","subtitulo":"OCTUBRE 2022 - MARZO 2023","orden":"0","portada":"0","idioma":"spa","editorial":[{"ID":6219,"post_author":"3","post_date":"2022-07-28 17:47:26","post_date_gmt":"2022-07-28 15:47:26","post_content":"","post_title":"Editorial Anagrama S.A.","post_excerpt":"","post_status":"publish","comment_status":"closed","ping_status":"closed","post_password":"","post_name":"editorial-anagrama-s-a","to_ping":"","pinged":"","post_modified":"2022-07-28 17:47:26","post_modified_gmt":"2022-07-28 15:47:26","post_content_filtered":"","post_parent":0,"guid":"http:\/\/dev.claret.cat\/editorial\/editorial-anagrama-s-a\/","menu_order":0,"post_type":"editorial","post_mime_type":"","comment_count":"0","filter":"raw"}],"autores-libros":[{"ID":5845,"post_author":"3","post_date":"2022-07-28 17:32:43","post_date_gmt":"2022-07-28 15:32:43","post_content":"","post_title":"MICHEL HOUELLEBECQ","post_excerpt":"","post_status":"publish","comment_status":"closed","ping_status":"closed","post_password":"","post_name":"michel-houellebecq","to_ping":"","pinged":"","post_modified":"2022-07-28 17:32:43","post_modified_gmt":"2022-07-28 15:32:43","post_content_filtered":"","post_parent":0,"guid":"http:\/\/dev.claret.cat\/autor\/michel-houellebecq\/","menu_order":0,"post_type":"autor","post_mime_type":"","comment_count":"0","filter":"raw"}]},"aioseo_notices":[],"_links":{"self":[{"href":"https:\/\/www.claret.cat\/es\/wp-json\/wp\/v2\/product\/449991","targetHints":{"allow":["GET"]}}],"collection":[{"href":"https:\/\/www.claret.cat\/es\/wp-json\/wp\/v2\/product"}],"about":[{"href":"https:\/\/www.claret.cat\/es\/wp-json\/wp\/v2\/types\/product"}],"wp:featuredmedia":[{"embeddable":true,"href":"https:\/\/www.claret.cat\/es\/wp-json\/wp\/v2\/media\/449992"}],"wp:attachment":[{"href":"https:\/\/www.claret.cat\/es\/wp-json\/wp\/v2\/media?parent=449991"}],"wp:term":[{"taxonomy":"product_brand","embeddable":true,"href":"https:\/\/www.claret.cat\/es\/wp-json\/wp\/v2\/product_brand?post=449991"},{"taxonomy":"product_cat","embeddable":true,"href":"https:\/\/www.claret.cat\/es\/wp-json\/wp\/v2\/product_cat?post=449991"},{"taxonomy":"product_tag","embeddable":true,"href":"https:\/\/www.claret.cat\/es\/wp-json\/wp\/v2\/product_tag?post=449991"}],"curies":[{"name":"wp","href":"https:\/\/api.w.org\/{rel}","templated":true}]}}