{"id":450,"date":"2022-07-27T15:18:38","date_gmt":"2022-07-27T13:18:38","guid":{"rendered":"http:\/\/dev.claret.cat\/producto\/immunitzats-9788418688713\/"},"modified":"2023-10-06T08:49:27","modified_gmt":"2023-10-06T06:49:27","slug":"immunitzats-9788418688713","status":"publish","type":"product","link":"https:\/\/www.claret.cat\/es\/libro\/immunitzats-9788418688713\/","title":{"rendered":"IMMUNITZATS"},"content":{"rendered":"<p>La nutricionista Blanca Garc\u00eda-Orea Haro, autora de Ben sanets, torna amb un nou llibre infantil per a treballar els  h\u00e0bits saludables amb els m\u00e9s petits. Com ens posem malalts? Un conte per a entendre qu\u00e8 hem de fer per a mantenir-nos sans i feli\u00e7os! Des que va con\u00e8ixer aquells animalons que habiten en el seu intest\u00ed, la  Valentina ja sap com funciona la digesti\u00f3 i l&#8217;important que \u00e9s menjar  m\u00e9s sa, tenir bons h\u00e0bits d&#8217;higiene i riure&#8217;s molt sovint perqu\u00e8 la seva  microbiota l&#8217;ajudi a no posar-se malalta. I ho est\u00e0 fent genial! Per aix\u00f2, quan es desperta amb febre, tos, dolor de panxa i ganes de  vomitar&#8230;, protesta i s&#8221;enfada! A trav\u00e9s d&#8217;un nou viatge, Valentina  aprendr\u00e0 com funcionen les malalties i de quina manera podem ajudar nosaltres al nostre sistema immune a trav\u00e9s de l&#8217;alimentaci\u00f3. Als nens i nenes els encantar\u00e0 aquest llibre perqu\u00e8: &#8211; Es divertiran al costat de Valentina descobrint curiositats sobre el cos hum\u00e0. &#8211; Entendran com han d&#8217;alimentar-se perqu\u00e8 el seu sistema immune es mantingui saludable i fort. &#8211; Aprendran de forma divertida els beneficis d&#8221;una bona alimentaci\u00f3! A les mares i pares els ser\u00e0 de gran utilitat per a: &#8211; Entendre com funciona el sistema immunitari. &#8211; Descobrir una forma revolucion\u00e0ria d&#8217;aconseguir el benestar emocional i f\u00edsic. &#8211; Treballar h\u00e0bits alimentaris saludables amb els seus fills.<\/p>\n","protected":false},"excerpt":{"rendered":"<p>GARC\u00cdA-OREA HARO (@BLANCANUTRI), BLANCA<\/p>\n","protected":false},"featured_media":53807,"template":"","meta":{"_acf_changed":false,"om_disable_all_campaigns":false,"rs_blank_template":"","rs_page_bg_color":"","slide_template_v7":"","inline_featured_image":false,"_monsterinsights_skip_tracking":false,"_monsterinsights_sitenote_active":false,"_monsterinsights_sitenote_note":"","_monsterinsights_sitenote_category":0},"product_brand":[],"product_cat":[131,132],"product_tag":[],"class_list":{"0":"post-450","1":"product","2":"type-product","3":"status-publish","4":"has-post-thumbnail","6":"product_cat-contes-per-infants-0-6-anys","7":"product_cat-lectures-per-preadolescents-6-12-anys","9":"first","10":"instock","11":"taxable","12":"shipping-taxable","13":"purchasable","14":"product-type-simple"},"acf":{"autor":"GARC\u00cdA-OREA HARO (@BLANCANUTRI), BLANCA","codart":"841868871","ediciones":"1","encuadernacion":"Carton\u00e9","fecha_de_publicacion":"01\/06\/2022","novedad":"1","paginas":"64","subtitulo":"","orden":"0","portada":"0","idioma":"cat","libros-coleccion":"","autores-libros":[{"ID":5302,"post_author":"3","post_date":"2022-07-28 17:21:06","post_date_gmt":"2022-07-28 15:21:06","post_content":"","post_title":"BLANCA GARC\u00cdA-OREA HARO (@BLANCANUTRI)","post_excerpt":"","post_status":"publish","comment_status":"closed","ping_status":"closed","post_password":"","post_name":"blanca-garcia-orea-haro-blancanutri","to_ping":"","pinged":"","post_modified":"2022-07-28 17:21:06","post_modified_gmt":"2022-07-28 15:21:06","post_content_filtered":"","post_parent":0,"guid":"http:\/\/dev.claret.cat\/autor\/blanca-garcia-orea-haro-blancanutri\/","menu_order":0,"post_type":"autor","post_mime_type":"","comment_count":"0","filter":"raw"}],"editorial":[{"ID":6136,"post_author":"3","post_date":"2022-07-28 17:45:39","post_date_gmt":"2022-07-28 15:45:39","post_content":"","post_title":"B de Blok (Ediciones B)","post_excerpt":"","post_status":"publish","comment_status":"closed","ping_status":"closed","post_password":"","post_name":"b-de-blok-ediciones-b","to_ping":"","pinged":"","post_modified":"2022-07-28 17:45:39","post_modified_gmt":"2022-07-28 15:45:39","post_content_filtered":"","post_parent":0,"guid":"http:\/\/dev.claret.cat\/editorial\/b-de-blok-ediciones-b\/","menu_order":0,"post_type":"editorial","post_mime_type":"","comment_count":"0","filter":"raw"}]},"aioseo_notices":[],"_links":{"self":[{"href":"https:\/\/www.claret.cat\/es\/wp-json\/wp\/v2\/product\/450","targetHints":{"allow":["GET"]}}],"collection":[{"href":"https:\/\/www.claret.cat\/es\/wp-json\/wp\/v2\/product"}],"about":[{"href":"https:\/\/www.claret.cat\/es\/wp-json\/wp\/v2\/types\/product"}],"wp:featuredmedia":[{"embeddable":true,"href":"https:\/\/www.claret.cat\/es\/wp-json\/wp\/v2\/media\/53807"}],"wp:attachment":[{"href":"https:\/\/www.claret.cat\/es\/wp-json\/wp\/v2\/media?parent=450"}],"wp:term":[{"taxonomy":"product_brand","embeddable":true,"href":"https:\/\/www.claret.cat\/es\/wp-json\/wp\/v2\/product_brand?post=450"},{"taxonomy":"product_cat","embeddable":true,"href":"https:\/\/www.claret.cat\/es\/wp-json\/wp\/v2\/product_cat?post=450"},{"taxonomy":"product_tag","embeddable":true,"href":"https:\/\/www.claret.cat\/es\/wp-json\/wp\/v2\/product_tag?post=450"}],"curies":[{"name":"wp","href":"https:\/\/api.w.org\/{rel}","templated":true}]}}