{"id":450022,"date":"2023-07-07T16:25:45","date_gmt":"2023-07-07T14:25:45","guid":{"rendered":"https:\/\/www.claret.cat\/llibre\/quadernet-descriptura-divertida-volum-2-9788417552015\/"},"modified":"2025-07-04T18:00:34","modified_gmt":"2025-07-04T16:00:34","slug":"quadernet-descriptura-divertida-volum-2-9788417552015","status":"publish","type":"product","link":"https:\/\/www.claret.cat\/es\/libro\/quadernet-descriptura-divertida-volum-2-9788417552015\/","title":{"rendered":"QUADERNET D&#8217;ESCRIPTURA DIVERTIDA, VOLUM 2"},"content":{"rendered":"<p>Despr\u00e9s de l&#8221;\u00e8xit del primer volum, arriba el nou Quadernet d&#8221;Escriptura Divertida. Pensat per als nens i els professors m\u00e9s guais. Escriure \u00e9s imaginar i imaginar \u00e9s divertit. Agafa el llapis i imagina:<\/p>\n<p> &#8211; El parc d&#8221;atraccions m\u00e9s pen\u00f3s de la hist\u00f2ria.<br \/> &#8211; Que ets un inventor d&#8221;apps.<br \/> &#8211; Qu\u00e8 passaria si desapareguessin totes les joguines del m\u00f3n.<br \/> &#8211; Que el Doctor Malvat vol destruir el planeta.<br \/> &#8211; Que has d&#8221;entrevistar el n\u00famero zero.<\/p>\n<p> 64 P\u00c0GINES &#8211; 40 EXERCICIS &#8211; HORES DE DIVERSI\u00d3 ASSEGURADA.<\/p>\n<p> Apr\u00e8n a gaudir i gaudeix aprenent!<\/p>\n","protected":false},"excerpt":{"rendered":"<p>EL HEMATOCR\u00cdTICO<\/p>\n","protected":false},"featured_media":970194,"template":"","meta":{"_acf_changed":false,"om_disable_all_campaigns":false,"rs_blank_template":"","rs_page_bg_color":"","slide_template_v7":"","inline_featured_image":false,"_monsterinsights_skip_tracking":false,"_monsterinsights_sitenote_active":false,"_monsterinsights_sitenote_note":"","_monsterinsights_sitenote_category":0},"product_brand":[],"product_cat":[132,333,136,366,362,122],"product_tag":[],"class_list":{"0":"post-450022","1":"product","2":"type-product","3":"status-publish","4":"has-post-thumbnail","6":"product_cat-lectures-per-preadolescents-6-12-anys","7":"product_cat-cuadernos-de-vacaciones","8":"product_cat-jocs-destimulacio","9":"product_cat-juegos-de-estimulacion","10":"product_cat-libros-preadolescentes-6-12-anos","11":"product_cat-quaderns-de-vacances","13":"first","14":"instock","15":"taxable","16":"shipping-taxable","17":"purchasable","18":"product-type-simple"},"acf":{"autor":"EL HEMATOCR\u00cdTICO","codart":"841755201","libros-coleccion":"","ediciones":"1","encuadernacion":"R\u00fastica","fecha_de_publicacion":"01\/10\/2018","novedad":"1","paginas":"0","subtitulo":"","orden":"0","portada":"0","idioma":"cat","editorial":[{"ID":6146,"post_author":"3","post_date":"2022-07-28 17:45:52","post_date_gmt":"2022-07-28 15:45:52","post_content":"","post_title":"Blackie Books","post_excerpt":"","post_status":"publish","comment_status":"closed","ping_status":"closed","post_password":"","post_name":"blackie-books","to_ping":"","pinged":"","post_modified":"2022-07-28 17:45:52","post_modified_gmt":"2022-07-28 15:45:52","post_content_filtered":"","post_parent":0,"guid":"http:\/\/dev.claret.cat\/editorial\/blackie-books\/","menu_order":0,"post_type":"editorial","post_mime_type":"","comment_count":"0","filter":"raw"}],"autores-libros":[{"ID":154677,"post_author":"3","post_date":"2022-10-14 15:06:44","post_date_gmt":"2022-10-14 13:06:44","post_content":"","post_title":"EL HEMATOCR\u00cdTICO","post_excerpt":"","post_status":"publish","comment_status":"closed","ping_status":"closed","post_password":"","post_name":"el-hematocritico","to_ping":"","pinged":"","post_modified":"2022-10-14 15:06:44","post_modified_gmt":"2022-10-14 13:06:44","post_content_filtered":"","post_parent":0,"guid":"http:\/\/dev.claret.cat\/autor\/el-hematocritico\/","menu_order":0,"post_type":"autor","post_mime_type":"","comment_count":"0","filter":"raw"}],"booktrailer":"","resenas":""},"aioseo_notices":[],"_links":{"self":[{"href":"https:\/\/www.claret.cat\/es\/wp-json\/wp\/v2\/product\/450022","targetHints":{"allow":["GET"]}}],"collection":[{"href":"https:\/\/www.claret.cat\/es\/wp-json\/wp\/v2\/product"}],"about":[{"href":"https:\/\/www.claret.cat\/es\/wp-json\/wp\/v2\/types\/product"}],"wp:featuredmedia":[{"embeddable":true,"href":"https:\/\/www.claret.cat\/es\/wp-json\/wp\/v2\/media\/970194"}],"wp:attachment":[{"href":"https:\/\/www.claret.cat\/es\/wp-json\/wp\/v2\/media?parent=450022"}],"wp:term":[{"taxonomy":"product_brand","embeddable":true,"href":"https:\/\/www.claret.cat\/es\/wp-json\/wp\/v2\/product_brand?post=450022"},{"taxonomy":"product_cat","embeddable":true,"href":"https:\/\/www.claret.cat\/es\/wp-json\/wp\/v2\/product_cat?post=450022"},{"taxonomy":"product_tag","embeddable":true,"href":"https:\/\/www.claret.cat\/es\/wp-json\/wp\/v2\/product_tag?post=450022"}],"curies":[{"name":"wp","href":"https:\/\/api.w.org\/{rel}","templated":true}]}}