{"id":450025,"date":"2023-07-07T16:35:12","date_gmt":"2023-07-07T14:35:12","guid":{"rendered":"https:\/\/www.claret.cat\/llibre\/cuadernito-de-escritura-divertida-volumen-2-9788417552008\/"},"modified":"2023-10-11T02:07:34","modified_gmt":"2023-10-11T00:07:34","slug":"cuadernito-de-escritura-divertida-volumen-2-9788417552008","status":"publish","type":"product","link":"https:\/\/www.claret.cat\/es\/libro\/cuadernito-de-escritura-divertida-volumen-2-9788417552008\/","title":{"rendered":"CUADERNITO DE ESCRITURA DIVERTIDA, VOLUMEN 2"},"content":{"rendered":"<p>Tras el \u00e9xito del primer volumen, llega el nuevo Cuadernito de Escritura Divertida. Pensado para los ni\u00f1os y los profes m\u00e1s enrollados. Escribir es imaginar a imaginar es divertido. Saca tu l\u00e1piz e imagina:<\/p>\n<p> &#8211; El parque de atracciones m\u00e1s penoso de la historia.<br \/> &#8211; Que eres un inventor de apps.<br \/> &#8211; Qu\u00e9 pasar\u00eda si desaparecieran todos los juguetes del planeta.<br \/> &#8211; Que el doctor Malvado quiere destruir el mundo.<br \/> &#8211; Que entrevistas al n\u00famero cero.<\/p>\n<p> 64 P\u00c1GINAS &#8211; 40 EJERCICIOS &#8211; HORAS DE DIVERSI\u00d3N ASEGURADA.<\/p>\n<p> \u00a1Aprende a disfrutar y disfruta aprendiendo!<\/p>\n","protected":false},"excerpt":{"rendered":"<p>EL HEMATOCR\u00cdTICO<\/p>\n","protected":false},"featured_media":450026,"template":"","meta":{"_acf_changed":false,"om_disable_all_campaigns":false,"rs_blank_template":"","rs_page_bg_color":"","slide_template_v7":"","inline_featured_image":false,"_monsterinsights_skip_tracking":false,"_monsterinsights_sitenote_active":false,"_monsterinsights_sitenote_note":"","_monsterinsights_sitenote_category":0},"product_brand":[],"product_cat":[333,122],"product_tag":[],"class_list":{"0":"post-450025","1":"product","2":"type-product","3":"status-publish","4":"has-post-thumbnail","6":"product_cat-cuadernos-de-vacaciones","7":"product_cat-quaderns-de-vacances","9":"first","10":"instock","11":"taxable","12":"shipping-taxable","13":"purchasable","14":"product-type-simple"},"acf":{"autor":"EL HEMATOCR\u00cdTICO","codart":"841755200","libros-coleccion":"INFANTIL","ediciones":"1","encuadernacion":"R\u00fastica","fecha_de_publicacion":"01\/10\/2018","novedad":"1","paginas":"45","subtitulo":"","orden":"0","portada":"0","idioma":"spa","editorial":[{"ID":6146,"post_author":"3","post_date":"2022-07-28 17:45:52","post_date_gmt":"2022-07-28 15:45:52","post_content":"","post_title":"Blackie Books","post_excerpt":"","post_status":"publish","comment_status":"closed","ping_status":"closed","post_password":"","post_name":"blackie-books","to_ping":"","pinged":"","post_modified":"2022-07-28 17:45:52","post_modified_gmt":"2022-07-28 15:45:52","post_content_filtered":"","post_parent":0,"guid":"http:\/\/dev.claret.cat\/editorial\/blackie-books\/","menu_order":0,"post_type":"editorial","post_mime_type":"","comment_count":"0","filter":"raw"}],"autores-libros":[{"ID":154677,"post_author":"3","post_date":"2022-10-14 15:06:44","post_date_gmt":"2022-10-14 13:06:44","post_content":"","post_title":"EL HEMATOCR\u00cdTICO","post_excerpt":"","post_status":"publish","comment_status":"closed","ping_status":"closed","post_password":"","post_name":"el-hematocritico","to_ping":"","pinged":"","post_modified":"2022-10-14 15:06:44","post_modified_gmt":"2022-10-14 13:06:44","post_content_filtered":"","post_parent":0,"guid":"http:\/\/dev.claret.cat\/autor\/el-hematocritico\/","menu_order":0,"post_type":"autor","post_mime_type":"","comment_count":"0","filter":"raw"}]},"aioseo_notices":[],"_links":{"self":[{"href":"https:\/\/www.claret.cat\/es\/wp-json\/wp\/v2\/product\/450025","targetHints":{"allow":["GET"]}}],"collection":[{"href":"https:\/\/www.claret.cat\/es\/wp-json\/wp\/v2\/product"}],"about":[{"href":"https:\/\/www.claret.cat\/es\/wp-json\/wp\/v2\/types\/product"}],"wp:featuredmedia":[{"embeddable":true,"href":"https:\/\/www.claret.cat\/es\/wp-json\/wp\/v2\/media\/450026"}],"wp:attachment":[{"href":"https:\/\/www.claret.cat\/es\/wp-json\/wp\/v2\/media?parent=450025"}],"wp:term":[{"taxonomy":"product_brand","embeddable":true,"href":"https:\/\/www.claret.cat\/es\/wp-json\/wp\/v2\/product_brand?post=450025"},{"taxonomy":"product_cat","embeddable":true,"href":"https:\/\/www.claret.cat\/es\/wp-json\/wp\/v2\/product_cat?post=450025"},{"taxonomy":"product_tag","embeddable":true,"href":"https:\/\/www.claret.cat\/es\/wp-json\/wp\/v2\/product_tag?post=450025"}],"curies":[{"name":"wp","href":"https:\/\/api.w.org\/{rel}","templated":true}]}}