{"id":450030,"date":"2023-07-07T16:45:42","date_gmt":"2023-07-07T14:45:42","guid":{"rendered":"https:\/\/www.claret.cat\/llibre\/sicilia-6-9788408223368\/"},"modified":"2023-10-11T01:24:18","modified_gmt":"2023-10-10T23:24:18","slug":"sicilia-6-9788408223368","status":"publish","type":"product","link":"https:\/\/www.claret.cat\/es\/libro\/sicilia-6-9788408223368\/","title":{"rendered":"SICILIA 6"},"content":{"rendered":"<p>Maravillarse frente a ruinas griegas impresionantes que resplandecen ante volcanes nevados o ante la inmensidad del mar, vagabundear por mercados llenos de vida y de exquisiteces locales, aliviar el calor abrasador tomando un delicioso helado en una placita, bucear en las aguas esmeraldas de una playa de ensue\u00f1o o sumergirse en la fascinante combinaci\u00f3n de desali\u00f1o urbano y belleza conmovedora de ciudades como Palermo y Catania. Sicilia es un destino apasionante y despu\u00e9s de visitarlo, el viajero podr\u00e1 comprender el profundo amor que los sicilianos sienten por su tierra. Eso s\u00ed, para que el viaje sea perfecto, nada mejor que contar con esta gu\u00eda llena de consejos e informaci\u00f3n que permitir\u00e1n hacer de la visita a Sicilia una experiencia diferente.<\/p>\n","protected":false},"excerpt":{"rendered":"<p>WILLIAMS, NICOLA \/ MOSTACCIO, SARA<\/p>\n","protected":false},"featured_media":450031,"template":"","meta":{"_acf_changed":false,"om_disable_all_campaigns":false,"rs_blank_template":"","rs_page_bg_color":"","slide_template_v7":"","inline_featured_image":false,"_monsterinsights_skip_tracking":false,"_monsterinsights_sitenote_active":false,"_monsterinsights_sitenote_note":"","_monsterinsights_sitenote_category":0},"product_brand":[],"product_cat":[557,107],"product_tag":[],"class_list":{"0":"post-450030","1":"product","2":"type-product","3":"status-publish","4":"has-post-thumbnail","6":"product_cat-guias-de-viaje","7":"product_cat-guies-de-viatge","9":"first","10":"instock","11":"taxable","12":"shipping-taxable","13":"purchasable","14":"product-type-simple"},"acf":{"autor":"WILLIAMS, NICOLA \/ MOSTACCIO, SARA","codart":"840822336","libros-coleccion":"Gu\u00edas de Regi\u00f3n Lonely Planet","ediciones":"1","encuadernacion":"R\u00fastica","fecha_de_publicacion":"01\/07\/2023","novedad":"1","paginas":"288","subtitulo":"","orden":"0","portada":"0","idioma":"spa","editorial":[{"ID":6233,"post_author":"3","post_date":"2022-07-28 17:47:48","post_date_gmt":"2022-07-28 15:47:48","post_content":"","post_title":"EDITORIAL PLANETA","post_excerpt":"","post_status":"publish","comment_status":"closed","ping_status":"closed","post_password":"","post_name":"editorial-planeta","to_ping":"","pinged":"","post_modified":"2022-07-28 17:47:48","post_modified_gmt":"2022-07-28 15:47:48","post_content_filtered":"","post_parent":0,"guid":"http:\/\/dev.claret.cat\/editorial\/editorial-planeta\/","menu_order":0,"post_type":"editorial","post_mime_type":"","comment_count":"0","filter":"raw"}],"autores-libros":[{"ID":165817,"post_author":"3","post_date":"2022-10-14 17:58:11","post_date_gmt":"2022-10-14 15:58:11","post_content":"","post_title":"NICOLA WILLIAMS","post_excerpt":"","post_status":"publish","comment_status":"closed","ping_status":"closed","post_password":"","post_name":"nicola-williams","to_ping":"","pinged":"","post_modified":"2022-10-14 17:58:11","post_modified_gmt":"2022-10-14 15:58:11","post_content_filtered":"","post_parent":0,"guid":"http:\/\/dev.claret.cat\/autor\/nicola-williams\/","menu_order":0,"post_type":"autor","post_mime_type":"","comment_count":"0","filter":"raw"},{"ID":450045,"post_author":"3","post_date":"2023-07-07 17:02:12","post_date_gmt":"2023-07-07 15:02:12","post_content":"","post_title":"SARA MOSTACCIO","post_excerpt":"","post_status":"publish","comment_status":"closed","ping_status":"closed","post_password":"","post_name":"sara-mostaccio","to_ping":"","pinged":"","post_modified":"2023-07-07 17:02:12","post_modified_gmt":"2023-07-07 15:02:12","post_content_filtered":"","post_parent":0,"guid":"https:\/\/www.claret.cat\/autor\/sara-mostaccio\/","menu_order":0,"post_type":"autor","post_mime_type":"","comment_count":"0","filter":"raw"}]},"aioseo_notices":[],"_links":{"self":[{"href":"https:\/\/www.claret.cat\/es\/wp-json\/wp\/v2\/product\/450030","targetHints":{"allow":["GET"]}}],"collection":[{"href":"https:\/\/www.claret.cat\/es\/wp-json\/wp\/v2\/product"}],"about":[{"href":"https:\/\/www.claret.cat\/es\/wp-json\/wp\/v2\/types\/product"}],"wp:featuredmedia":[{"embeddable":true,"href":"https:\/\/www.claret.cat\/es\/wp-json\/wp\/v2\/media\/450031"}],"wp:attachment":[{"href":"https:\/\/www.claret.cat\/es\/wp-json\/wp\/v2\/media?parent=450030"}],"wp:term":[{"taxonomy":"product_brand","embeddable":true,"href":"https:\/\/www.claret.cat\/es\/wp-json\/wp\/v2\/product_brand?post=450030"},{"taxonomy":"product_cat","embeddable":true,"href":"https:\/\/www.claret.cat\/es\/wp-json\/wp\/v2\/product_cat?post=450030"},{"taxonomy":"product_tag","embeddable":true,"href":"https:\/\/www.claret.cat\/es\/wp-json\/wp\/v2\/product_tag?post=450030"}],"curies":[{"name":"wp","href":"https:\/\/api.w.org\/{rel}","templated":true}]}}