{"id":45004,"date":"2022-10-02T21:57:52","date_gmt":"2022-10-02T19:57:52","guid":{"rendered":"http:\/\/dev.claret.cat\/producte\/gust-per-paris\/"},"modified":"2025-02-01T00:15:03","modified_gmt":"2025-01-31T23:15:03","slug":"gust-per-paris-9788418375996","status":"publish","type":"product","link":"https:\/\/www.claret.cat\/es\/libro\/gust-per-paris-9788418375996\/","title":{"rendered":"GUST PER PAR\u00cdS"},"content":{"rendered":"<p>L&#8217;escriptor de The New Yorker, A. J. Liebling, recorda el seu aprenentatge parisenc en el delicat art de menjar. <\/p>\n<p>Cap autor ha escrit amb m\u00e9s entusiasme sobre el menjar que A. J. Liebling. Gust per Par\u00eds (1962), el darrer llibre del gran autor de Nova York, \u00e9s un suggeridor relat de la seva \u00e9ducation sentimentale en la cuina francesa entre els anys 1926 i 1927, quan personatges com Ernest Hemingway i Gertrude Stein forjaren la seva llegenda en els caf\u00e8s parisencs. El que havia de ser un viatge d&#8217;estudis es va convertir al cap de poc en un pretext per deixar-ho tot i aprofundir en el que realment importava: el delicat art del menjar. Els restaurants propers a la ribera del Sena es van convertir en la seva llar parisenca, els perfumats vins de taula en els seus constants companys, la rica cuina francesa en tota una prova de la seva formidable gana.<\/p>\n<p>Amb pr\u00f2leg de James Salter.<\/p>\n<p>\u00abUna mem\u00f2ria de Par\u00eds que es llegeix amb veritable delectaci\u00f3.\u00bb The New Yorker<\/p>\n<p>\u00abEl bon vi i la bona literatura s\u00f3n q\u00fcestions indissociables, i aquest llibre n&#8217;\u00e9s una prova irrefutable.\u00bb Les Lettres fran\u00e7aises<\/p>\n<p>\u00abUna saborosa guia culin\u00e0ria d&#8217;un Par\u00eds de llegenda.\u00bb Le Canard encha\u00een\u00e9<\/p>\n<p>\u00abEl seu testimoni de Fran\u00e7a a la d\u00e8cada dels anys 20 \u00e9s un regal delici\u00f3s.\u00bb Lire<\/p>\n","protected":false},"excerpt":{"rendered":"<p>LIEBLING, A.J.<\/p>\n","protected":false},"featured_media":60443,"template":"","meta":{"_acf_changed":false,"om_disable_all_campaigns":false,"rs_blank_template":"","rs_page_bg_color":"","slide_template_v7":"","inline_featured_image":false,"_monsterinsights_skip_tracking":false,"_monsterinsights_sitenote_active":false,"_monsterinsights_sitenote_note":"","_monsterinsights_sitenote_category":0},"product_brand":[],"product_cat":[354,123],"product_tag":[],"class_list":{"0":"post-45004","1":"product","2":"type-product","3":"status-publish","4":"has-post-thumbnail","6":"product_cat-clasica","7":"product_cat-classica","9":"first","10":"instock","11":"taxable","12":"shipping-taxable","13":"purchasable","14":"product-type-simple"},"acf":{"autor":"LIEBLING, A.J.","codart":"841837599","libros-coleccion":"Univers","ediciones":"1","encuadernacion":"Carton\u00e9","fecha_de_publicacion":"01\/02\/2022","novedad":"1","paginas":"272","subtitulo":"RECORDS D'UN BON VIVANT","orden":"0","portada":"0","idioma":"cat","editorial":[{"ID":6384,"post_author":"3","post_date":"2022-07-28 17:51:02","post_date_gmt":"2022-07-28 15:51:02","post_content":"","post_title":"Univers Llibres","post_excerpt":"","post_status":"publish","comment_status":"closed","ping_status":"closed","post_password":"","post_name":"univers-llibres","to_ping":"","pinged":"","post_modified":"2022-07-28 17:51:02","post_modified_gmt":"2022-07-28 15:51:02","post_content_filtered":"","post_parent":0,"guid":"http:\/\/dev.claret.cat\/editorial\/univers-llibres\/","menu_order":0,"post_type":"editorial","post_mime_type":"","comment_count":"0","filter":"raw"}],"autores-libros":[{"ID":149045,"post_author":"3","post_date":"2022-10-14 14:21:43","post_date_gmt":"2022-10-14 12:21:43","post_content":"","post_title":"A.J. LIEBLING","post_excerpt":"","post_status":"publish","comment_status":"closed","ping_status":"closed","post_password":"","post_name":"a-j-liebling","to_ping":"","pinged":"","post_modified":"2022-10-14 14:21:43","post_modified_gmt":"2022-10-14 12:21:43","post_content_filtered":"","post_parent":0,"guid":"http:\/\/dev.claret.cat\/autor\/a-j-liebling\/","menu_order":0,"post_type":"autor","post_mime_type":"","comment_count":"0","filter":"raw"}]},"aioseo_notices":[],"_links":{"self":[{"href":"https:\/\/www.claret.cat\/es\/wp-json\/wp\/v2\/product\/45004","targetHints":{"allow":["GET"]}}],"collection":[{"href":"https:\/\/www.claret.cat\/es\/wp-json\/wp\/v2\/product"}],"about":[{"href":"https:\/\/www.claret.cat\/es\/wp-json\/wp\/v2\/types\/product"}],"wp:featuredmedia":[{"embeddable":true,"href":"https:\/\/www.claret.cat\/es\/wp-json\/wp\/v2\/media\/60443"}],"wp:attachment":[{"href":"https:\/\/www.claret.cat\/es\/wp-json\/wp\/v2\/media?parent=45004"}],"wp:term":[{"taxonomy":"product_brand","embeddable":true,"href":"https:\/\/www.claret.cat\/es\/wp-json\/wp\/v2\/product_brand?post=45004"},{"taxonomy":"product_cat","embeddable":true,"href":"https:\/\/www.claret.cat\/es\/wp-json\/wp\/v2\/product_cat?post=45004"},{"taxonomy":"product_tag","embeddable":true,"href":"https:\/\/www.claret.cat\/es\/wp-json\/wp\/v2\/product_tag?post=45004"}],"curies":[{"name":"wp","href":"https:\/\/api.w.org\/{rel}","templated":true}]}}